{"id":1935,"date":"2023-08-23T15:35:56","date_gmt":"2023-08-23T12:35:56","guid":{"rendered":"https:\/\/staging.veikals.ir.lv\/?post_type=product&#038;p=1935"},"modified":"2023-09-13T05:48:14","modified_gmt":"2023-09-13T05:48:14","slug":"chatgpt-pro-2-limenis","status":"publish","type":"product","link":"https:\/\/irdarbnicas.lv\/en\/notikums\/chatgpt-pro-2-limenis\/","title":{"rendered":"ChatGPT PRO &#8211; 2. l\u012bmenis"},"content":{"rendered":"","protected":false},"excerpt":{"rendered":"<p>ChatGPT lieto\u0161ana\u00a0lietot\u0101jiem ar pieredzi. Apm\u0101c\u012bbas par <em>promtiem<\/em> un trikiem. Ko un k\u0101 dar\u012bt, lai sasniegtu iesp\u0113jami lab\u0101ko rezult\u0101tu.<\/p>\n","protected":false},"featured_media":1932,"template":"","meta":{"_jet_sm_ready_style":"","_jet_sm_style":"","_jet_sm_controls_values":"","_jet_sm_fonts_collection":"","_jet_sm_fonts_links":"","ir__nometne":"","mazajiem__jauniesiem":"","datums_":1697673600,"datums__end":0,"date_fancy":"19\/10","laiks":"14:00","laiks_lidz":"17:00","vieta":"Tie\u0161saiste","price-info":"150","subtitle":"Semin\u0101rs ar Art\u016bru Medni","apraksts":"<p>Pied\u0101v\u0101jam 2 praktiskus semin\u0101rus par \u00a0ChatGPT.<\/p>\n<p>12. oktobr\u012b 14.00-17.00<br \/>\n<strong>ChatGPT pamatkurss \u2013 1. l\u012bmenis<\/strong><br \/>\nTiem, kas v\u0113l nelieto \u0161o m\u0101ksl\u012bg\u0101 intelekta r\u012bku vai dara to nesen un lieto tikai bezmaksas versiju. ChatGPT lieto\u0161ana. Pirmie so\u013ci, pamatlietas, kas j\u0101zina, lai veiksm\u012bgi izmantotu ChatGPT.<\/p>\n<p>19. oktobr\u012b 14.00-17.00<br \/>\n<strong>ChatGPT PRO \u2013 2. l\u012bmenis<\/strong><br \/>\nDzi\u013c\u0101ks saturs lietot\u0101jiem ar pieredzi un tiem, kas piedal\u012bju\u0161ies pirmaj\u0101 semin\u0101r\u0101. Apm\u0101c\u012bbas par\u00a0<em>promtiem<\/em>\u00a0un trikiem. Ko un k\u0101 dar\u012bt, lai sasniegtu iesp\u0113jami lab\u0101ko rezult\u0101tu.<\/p>\n<p><strong>Art\u016brs Mednis<\/strong>\u00a0ir jauno mediju un digit\u0101l\u0101 m\u0101rketinga speci\u0101lists ar 20 gadu pieredzi komunik\u0101cijas nozar\u0113. A\u0123ent\u016bras\u00a0<em>New Black<\/em>\u00a0dibin\u0101t\u0101js un rado\u0161ais direktors. Art\u016brs un vi\u0146a komanda ir vair\u0101kk\u0101rt sa\u0146\u0113mu\u0161i apbalvojumus par lab\u0101kaj\u0101m un efekt\u012bv\u0101kaj\u0101m m\u0101rketinga kampa\u0146\u0101m t\u0101dos rekl\u0101mas festiv\u0101los k\u0101\u00a0<em>Password, Adwards, Golden Hammer, Baltic PR Awards.<\/em><\/p>\n<p><strong>Dal\u012bbas maksa<\/strong> vien\u0101 no semin\u0101riem \u2013 150 EUR, abos \u2013 250 EUR.<br \/>\nCenas nor\u0101d\u012btas ar iek\u013cautu PVN.<\/p>\n<p>Ja v\u0113laties pieteikt vair\u0101kus dal\u012bbniekus, l\u016bdzu, sazinieties ar mums:<br \/>\n<em>notikumi@ir.lv<\/em>, +371 29447030<\/p>\n<p>&nbsp;<\/p>\n","zoom":""},"product_brand":[],"product_cat":[15],"product_tag":[],"class_list":{"0":"post-1935","1":"product","2":"type-product","3":"status-publish","4":"has-post-thumbnail","6":"product_cat-uncategorized","8":"first","9":"instock","10":"taxable","11":"shipping-taxable","12":"purchasable","13":"product-type-variable"},"_links":{"self":[{"href":"https:\/\/irdarbnicas.lv\/en\/wp-json\/wp\/v2\/product\/1935","targetHints":{"allow":["GET"]}}],"collection":[{"href":"https:\/\/irdarbnicas.lv\/en\/wp-json\/wp\/v2\/product"}],"about":[{"href":"https:\/\/irdarbnicas.lv\/en\/wp-json\/wp\/v2\/types\/product"}],"wp:featuredmedia":[{"embeddable":true,"href":"https:\/\/irdarbnicas.lv\/en\/wp-json\/wp\/v2\/media\/1932"}],"wp:attachment":[{"href":"https:\/\/irdarbnicas.lv\/en\/wp-json\/wp\/v2\/media?parent=1935"}],"wp:term":[{"taxonomy":"product_brand","embeddable":true,"href":"https:\/\/irdarbnicas.lv\/en\/wp-json\/wp\/v2\/product_brand?post=1935"},{"taxonomy":"product_cat","embeddable":true,"href":"https:\/\/irdarbnicas.lv\/en\/wp-json\/wp\/v2\/product_cat?post=1935"},{"taxonomy":"product_tag","embeddable":true,"href":"https:\/\/irdarbnicas.lv\/en\/wp-json\/wp\/v2\/product_tag?post=1935"}],"curies":[{"name":"wp","href":"https:\/\/api.w.org\/{rel}","templated":true}]}}