{"id":3789,"date":"2023-10-11T11:20:07","date_gmt":"2023-10-11T08:20:07","guid":{"rendered":"https:\/\/staging.veikals.ir.lv\/?post_type=product&#038;p=3789"},"modified":"2023-12-24T13:35:24","modified_gmt":"2023-12-24T11:35:24","slug":"chatgpt-pamatkurss-1-limenis-2","status":"publish","type":"product","link":"https:\/\/irdarbnicas.lv\/en\/notikums\/chatgpt-pamatkurss-1-limenis-2\/","title":{"rendered":"ChatGPT PAMATKURSS &#8211; 1. l\u012bmenis"},"content":{"rendered":"","protected":false},"excerpt":{"rendered":"<p>ChatGPT lieto\u0161ana. Pirmie so\u013ci, pamatlietas, kas j\u0101zina, lai veiksm\u012bgi izmantotu ChatGPT.<\/p>\n","protected":false},"featured_media":3791,"template":"","meta":{"_jet_sm_ready_style":"","_jet_sm_style":"","_jet_sm_controls_values":"","_jet_sm_fonts_collection":"","_jet_sm_fonts_links":"","ir__nometne":"","mazajiem__jauniesiem":"","datums_":1704931200,"datums__end":0,"date_fancy":"11\/01","laiks":"14:00","laiks_lidz":"17:00","vieta":"Tie\u0161saiste","price-info":"150","subtitle":"Semin\u0101rs ar Art\u016bru Medni","apraksts":"<p>Esi dzird\u0113jis par\u00a0<em>ChatGPT<\/em>, bet v\u0113l neesi izm\u0113\u0123in\u0101jis t\u0101 pilno potenci\u0101lu? \u0160is kurss ir dom\u0101ts tiem, kas v\u0113l tikai s\u0101k apg\u016bt \u0161o m\u0101ksl\u012bg\u0101 intelekta r\u012bku vai lieto tikai t\u0101 bezmaksas versiju.<\/p>\n<p>Apmekl\u0113jot \u0161o kursu ieg\u016bsi izpratni par\u00a0<em>ChatGPT<\/em>\u00a0- par pamatiesp\u0113j\u0101m, funkcionalit\u0101ti un to, k\u0101 veidot komandas, lai t\u0101s b\u016btu maksim\u0101li efekt\u012bvas.<br \/>\nSaprat\u012bsi at\u0161\u0137ir\u012bbas starp bezmaksas un maksas versij\u0101m, k\u0101 ar\u012b 5 citas alternat\u012bvas (bezmaksas vai l\u0113t\u0101kas, bet ne slikt\u0101kas).<\/p>\n<p>P\u0113c kursa beig\u0161anas zin\u0101si, k\u0101 ar\u00a0<em>ChatGPT<\/em>\u00a0pal\u012bdz\u012bbu:<br \/>\n- sagatavot kodol\u012bgas e-pastu v\u0113stules, rekl\u0101mas tekstus, bloga rakstus un soci\u0101lo mediju saturu,<br \/>\n- p\u0101rbaud\u012bt gramatikas un pareizrakst\u012bbas k\u013c\u016bdas un tulkot tekstus starp da\u017e\u0101d\u0101m valod\u0101m ar\u00a0<em>ChatGPT<\/em>,<br \/>\n- organiz\u0113t\u00a0<em>brainstorming<\/em>\u00a0sesijas, rad\u012bt jaunas idejas, izstr\u0101d\u0101t prezent\u0101cijas un to satura strukt\u016bru,<br \/>\n- izveidot m\u0101rketinga kampa\u0146as, strat\u0113\u0123ijas un satura idejas,<br \/>\n- izstr\u0101d\u0101t aptaujas un anketas, prognoz\u0113t darbinieku sniegumu un pal\u012bdz\u0113t apm\u0101c\u012bb\u0101.<br \/>\n- simul\u0113t uz\u0146\u0113m\u0113jdarb\u012bbas strat\u0113\u0123ijas, model\u0113t finan\u0161u scen\u0101rijus un pie\u0146emt l\u0113mumus,<br \/>\n- veikt p\u0113t\u012bjumus, interpret\u0113t rezult\u0101tus, veikt astronomiskos p\u0113t\u012bjumus un interpret\u0113t to datus,<br \/>\n- uzst\u0101d\u012bt un uztren\u0113t \u010datu kan\u0101lus atbilsto\u0161i konkr\u0113t\u0101m vajadz\u012bb\u0101m<br \/>\nun v\u0113l daudz ko citu noder\u012bgu.<\/p>\n<p>M\u0113s pied\u0101v\u0101jam 2 praktiskus semin\u0101rus par \u00a0<em>ChatGPT<\/em>.<\/p>\n<p>11. janv\u0101r\u012b 14.00-17.00\u00a0<strong><em>ChatGPT<\/em>\u00a0pamatkurss \u2013 1. l\u012bmenis<\/strong><br \/>\n18. janv\u0101r\u012b 14.00-17.00\u00a0<em><strong>Ch<\/strong><\/em><strong><em>atGPT PRO<\/em>\u00a0\u2013 2. l\u012bmenis<br \/>\n<\/strong>Dzi\u013c\u0101ks saturs lietot\u0101jiem ar pieredzi un tiem, kas piedal\u012bju\u0161ies pirmaj\u0101 semin\u0101r\u0101.<\/p>\n<p><strong>Art\u016brs Mednis<\/strong>\u00a0ir jauno mediju un digit\u0101l\u0101 m\u0101rketinga speci\u0101lists ar 20 gadu pieredzi komunik\u0101cijas nozar\u0113. A\u0123ent\u016bras\u00a0<em>New Black<\/em>\u00a0dibin\u0101t\u0101js un rado\u0161ais direktors. Art\u016brs un vi\u0146a komanda ir vair\u0101kk\u0101rt sa\u0146\u0113mu\u0161i apbalvojumus par lab\u0101kaj\u0101m un efekt\u012bv\u0101kaj\u0101m m\u0101rketinga kampa\u0146\u0101m t\u0101dos rekl\u0101mas festiv\u0101los k\u0101\u00a0<em>Password, Adwards, Golden Hammer, Baltic PR Awards.<\/em><\/p>\n<p><strong>Dal\u012bbas maksa<\/strong>\u00a0vien\u0101 no semin\u0101riem \u2013 150 EUR, abos \u2013 250 EUR.<br \/>\n\u017durn\u0101la \"Ir Nauda\" gada abonenti vienm\u0113r sa\u0146em 20% atlaidi - 120 EUR\u00a0 un 240 EUR.<br \/>\nCenas nor\u0101d\u012btas ar iek\u013cautu PVN.<\/p>\n<p>Ja v\u0113lies pieteikt vair\u0101kus dal\u012bbniekus, l\u016bdzu, sazinies ar mums:<br \/>\n<em>notikumi@ir.lv<\/em>, +371 29447030<\/p>\n<p>Lai k\u013c\u016btu par abonentu, n\u0101c te:\u00a0<a href=\"https:\/\/ir.lv\/kategorija\/abonesana\/\" target=\"_blank\" rel=\"noopener\">https:\/\/ir.lv\/abonesana<\/a>,\u00a0 raksti uz\u00a0<em>abonesana@ir.lv<\/em>\u00a0vai zvani +371 27734907.<\/p>\n","zoom":""},"product_brand":[],"product_cat":[15],"product_tag":[],"class_list":{"0":"post-3789","1":"product","2":"type-product","3":"status-publish","4":"has-post-thumbnail","6":"product_cat-uncategorized","8":"first","9":"instock","10":"virtual","11":"taxable","12":"purchasable","13":"product-type-simple"},"_links":{"self":[{"href":"https:\/\/irdarbnicas.lv\/en\/wp-json\/wp\/v2\/product\/3789","targetHints":{"allow":["GET"]}}],"collection":[{"href":"https:\/\/irdarbnicas.lv\/en\/wp-json\/wp\/v2\/product"}],"about":[{"href":"https:\/\/irdarbnicas.lv\/en\/wp-json\/wp\/v2\/types\/product"}],"wp:featuredmedia":[{"embeddable":true,"href":"https:\/\/irdarbnicas.lv\/en\/wp-json\/wp\/v2\/media\/3791"}],"wp:attachment":[{"href":"https:\/\/irdarbnicas.lv\/en\/wp-json\/wp\/v2\/media?parent=3789"}],"wp:term":[{"taxonomy":"product_brand","embeddable":true,"href":"https:\/\/irdarbnicas.lv\/en\/wp-json\/wp\/v2\/product_brand?post=3789"},{"taxonomy":"product_cat","embeddable":true,"href":"https:\/\/irdarbnicas.lv\/en\/wp-json\/wp\/v2\/product_cat?post=3789"},{"taxonomy":"product_tag","embeddable":true,"href":"https:\/\/irdarbnicas.lv\/en\/wp-json\/wp\/v2\/product_tag?post=3789"}],"curies":[{"name":"wp","href":"https:\/\/api.w.org\/{rel}","templated":true}]}}