{"id":4536,"date":"2023-12-18T13:39:17","date_gmt":"2023-12-18T11:39:17","guid":{"rendered":"https:\/\/irdarbnicas.lv\/?post_type=product&#038;p=4536"},"modified":"2024-10-30T17:06:59","modified_gmt":"2024-10-30T15:06:59","slug":"delegesana","status":"publish","type":"product","link":"https:\/\/irdarbnicas.lv\/en\/notikums\/delegesana\/","title":{"rendered":"Dele\u0123\u0113\u0161ana"},"content":{"rendered":"","protected":false},"excerpt":{"rendered":"<p>Dele\u0123\u0113\u0161ana ir viena no s\u0101p\u012bg\u0101kaj\u0101m vad\u012bt\u0101ju t\u0113m\u0101m. To apg\u016bstot, vad\u012bt\u0101jam var par\u0101d\u012bties laiks daudz noz\u012bm\u012bg\u0101kiem uzdevumiem.<\/p>\n","protected":false},"featured_media":5929,"template":"","meta":{"_jet_sm_ready_style":"","_jet_sm_style":"","_jet_sm_controls_values":"","_jet_sm_fonts_collection":"","_jet_sm_fonts_links":"","ir__nometne":"","mazajiem__jauniesiem":"","datums_":1730246400,"datums__end":0,"date_fancy":"30\/10","laiks":"09:00","laiks_lidz":"12:00","vieta":"Tie\u0161saiste","price-info":"90","subtitle":"Darbn\u012bca ar Katr\u012bnu O\u0161leju","apraksts":"<p>Dele\u0123\u0113\u0161ana ir viena no s\u0101p\u012bg\u0101kaj\u0101m vad\u012bt\u0101ju t\u0113m\u0101m. Ir tik daudz labu iemeslu nedele\u0123\u0113t: \u201cEs to izdar\u012b\u0161u \u0101tr\u0101k un lab\u0101k, citu m\u0101c\u012b\u0161ana tikai pa\u0146ems v\u0113l vair\u0101k laika\u201d, \u201cCiti padom\u0101s, ka esmu slinks\u201d, \u201cEs zaud\u0113\u0161u kontroli\u201d, \u201cJa es dele\u0123\u0113\u0161u, es vairs neb\u016b\u0161u vajadz\u012bgs\u201d. Lai vad\u012bt\u0101ji var\u0113tu veiksm\u012bgi un efekt\u012bvi dele\u0123\u0113t, vi\u0146iem ir j\u0101saprot sava pretest\u012bba, j\u0101apzin\u0101s t\u0101 un j\u0101izm\u0113\u0123ina nelieli, zema riska dele\u0123\u0113\u0161anas eksperimenti. Prasm\u012bgi komunic\u0113jot uzdevumu, att\u012bstot darbinieku un sniedzot atgriezenisko saiti, vad\u012bt\u0101jam var par\u0101d\u012bties laiks daudz noz\u012bm\u012bg\u0101kiem uzdevumiem.<\/p>\n<ul>\n<li>Apzin\u0101\u0161an\u0101s. K\u0101p\u0113c es nev\u0113los dele\u0123\u0113t? K\u0101di ir mani ieguvumi nedele\u0123\u0113jot un k\u0101di ieguvumi \u2013 dele\u0123\u0113jot?<\/li>\n<li>K\u0101 saprast, ko dele\u0123\u0113t? Ko noteikti nedele\u0123\u0113t?<\/li>\n<li>Mans dele\u0123\u0113\u0161anas pl\u0101ns. Potenci\u0101lie riski un k\u0101 tos p\u0101rvar\u0113t?<\/li>\n<li>Dele\u0123\u0113\u0161anas saruna ar darbinieku, lai motiv\u0113tu un nodro\u0161in\u0101tu pan\u0101kumus.<\/li>\n<\/ul>\n<p>Darbn\u012bca piem\u0113rota visu l\u012bme\u0146u vad\u012bt\u0101jiem, projektu vad\u012bt\u0101jiem un person\u0101la vad\u012bbas speci\u0101listiem.<\/p>\n<p><strong>Katr\u012bna O\u0161leja<\/strong>\u00a0ir uz\u0146\u0113m\u0113ja, vad\u012bbas kou\u010ds, supervizors, l\u012bder\u012bbas trenere un ar\u012b KBT terapijas speci\u0101liste. Vi\u0146a str\u0101d\u0101 ar daudziem Latvijas liel\u0101kajiem uz\u0146\u0113mumiem \u2013 gan individu\u0101li ar vad\u012bt\u0101jiem, gan komand\u0101m, gan uz\u0146\u0113m\u0113ju grup\u0101m.<br \/>\nKatr\u012bna ir ieguvusi Starptautisk\u0101s kou\u010du feder\u0101cijas profesion\u0101l\u0101s akredit\u0101cijas PCC (<em>Professional Certified Coach<\/em>) l\u012bmeni un sasniegusi vair\u0101k k\u0101 2700 kou\u010dinga prakses stundu pieredzi. Vi\u0146a ir ar\u012b\u00a0<em>Marchall Goldsmith Stakeholder Centred Coaching<\/em>\u00a0pieejas sertific\u0113ts kou\u010ds, sertific\u0113ts supervizors un apguvusi\u00a0<em>GENOS International<\/em>\u00a0emocion\u0101l\u0101s inteli\u0123ences nov\u0113rt\u0113\u0161anas r\u012bku programmu.<br \/>\nKatr\u012bna ir apguvusi Kognit\u012bvi biheivior\u0101lo psihoterapiju un str\u0101d\u0101 ar\u012b k\u0101 terapijas speci\u0101lists. Da\u017ek\u0101rt terapijas lauk\u0101 apg\u016btais ir noder\u012bgs, str\u0101d\u0101jot ar organiz\u0101cij\u0101m un otr\u0101di, t\u0101d\u0113\u013c Katr\u012bna labpr\u0101t dal\u0101s ar savu pieredzi terapeitisko pieeju izmanto\u0161an\u0101 organiz\u0101cij\u0101s.<br \/>\nKatr\u012bna ir ieguvusi Ma\u0123istra gr\u0101du organiz\u0101ciju psiholo\u0123ij\u0101 un Ma\u0123istra gr\u0101du filozofij\u0101 \u2013 abus Latvijas Universit\u0101t\u0113.<\/p>\n<p><strong>Dal\u012bbas maksa<\/strong>\u00a0 90 EUR.<br \/>\nPiesakoties vair\u0101k\u0101m lektores darbn\u012bc\u0101m, sa\u0146emsiet apjoma atlaidi.<br \/>\nJa esat \u017eurn\u0101la \"IR Nauda\" gada abonents, izmantojiet savu 20 % atlaides KUPONU, kas jums nos\u016bt\u012bts e-past\u0101.<br \/>\nPiesakieties abon\u0113t \u0161eit: <a href=\"https:\/\/ir.lv\/abonesana\" target=\"_blank\" rel=\"noopener\">https:\/\/ir.lv\/abonesana<\/a>.<br \/>\nAtlaides nesumm\u0113jas. Visas cenas nor\u0101d\u012btas ar PVN.<br \/>\nJa v\u0113laties pieteikt vair\u0101kus dal\u012bbniekus vai jums ir jaut\u0101jumi, l\u016bdzu, rakstiet: notikumi@ir.lv vai zvaniet: +371 29447030<\/p>\n<p><strong>IR darbn\u012bcas<\/strong>: apm\u0101c\u012bbas, darbn\u012bcas, semin\u0101ri un kursi. Visu l\u012bme\u0146u vad\u012bt\u0101ju apm\u0101c\u012bbas. Digit\u0101l\u0101s prasmes, digit\u0101lais m\u0101rketings, m\u0101ksl\u012bgais intelekts, m\u0101ksl\u012bg\u0101 intelekta r\u012bki. Person\u0101la vad\u012bba, finan\u0161u prat\u012bba, sabiedrisk\u0101s attiec\u012bbas, lieti\u0161\u0137\u0101 sarakste un citas t\u0113mas tiem, kam r\u016bp pa\u0161att\u012bst\u012bba.<br \/>\nAktu\u0101lo semin\u0101ru un darbn\u012bcu pied\u0101v\u0101jumu skatieties <a href=\"http:\/\/irdarbnicas.lv\" target=\"_blank\" rel=\"noopener\">irdarbnicas.lv<\/a> kalend\u0101r\u0101.<\/p>\n","zoom":""},"product_brand":[],"product_cat":[48,50,49],"product_tag":[],"class_list":{"0":"post-4536","1":"product","2":"type-product","3":"status-publish","4":"has-post-thumbnail","6":"product_cat-darbnicas-2","7":"product_cat-notikumi-2","8":"product_cat-katrina-osleja-2","10":"first","11":"outofstock","12":"taxable","13":"shipping-taxable","14":"purchasable","15":"product-type-variable"},"_links":{"self":[{"href":"https:\/\/irdarbnicas.lv\/en\/wp-json\/wp\/v2\/product\/4536","targetHints":{"allow":["GET"]}}],"collection":[{"href":"https:\/\/irdarbnicas.lv\/en\/wp-json\/wp\/v2\/product"}],"about":[{"href":"https:\/\/irdarbnicas.lv\/en\/wp-json\/wp\/v2\/types\/product"}],"wp:featuredmedia":[{"embeddable":true,"href":"https:\/\/irdarbnicas.lv\/en\/wp-json\/wp\/v2\/media\/5929"}],"wp:attachment":[{"href":"https:\/\/irdarbnicas.lv\/en\/wp-json\/wp\/v2\/media?parent=4536"}],"wp:term":[{"taxonomy":"product_brand","embeddable":true,"href":"https:\/\/irdarbnicas.lv\/en\/wp-json\/wp\/v2\/product_brand?post=4536"},{"taxonomy":"product_cat","embeddable":true,"href":"https:\/\/irdarbnicas.lv\/en\/wp-json\/wp\/v2\/product_cat?post=4536"},{"taxonomy":"product_tag","embeddable":true,"href":"https:\/\/irdarbnicas.lv\/en\/wp-json\/wp\/v2\/product_tag?post=4536"}],"curies":[{"name":"wp","href":"https:\/\/api.w.org\/{rel}","templated":true}]}}