{"id":5473,"date":"2024-05-16T15:37:39","date_gmt":"2024-05-16T12:37:39","guid":{"rendered":"https:\/\/irdarbnicas.lv\/?post_type=product&#038;p=5473"},"modified":"2024-10-30T17:05:51","modified_gmt":"2024-10-30T15:05:51","slug":"parmainu-komunikacija_un_spelosana","status":"publish","type":"product","link":"https:\/\/irdarbnicas.lv\/en\/notikums\/parmainu-komunikacija_un_spelosana\/","title":{"rendered":"P\u0101rmai\u0146u komunik\u0101cija un sp\u0113\u013co\u0161ana"},"content":{"rendered":"","protected":false},"excerpt":{"rendered":"<p>K\u0101 komunik\u0101cija ietekm\u0113 p\u0101rmai\u0146u ievie\u0161anu un k\u0101 sp\u0113\u013co\u0161ana var pal\u012bdz\u0113t veidot efekt\u012bvu p\u0101rmai\u0146u komunik\u0101ciju un pan\u0101kt darbinieku iesaist\u012b\u0161anos p\u0101rmai\u0146\u0101s.<\/p>\n","protected":false},"featured_media":5927,"template":"","meta":{"_jet_sm_ready_style":"","_jet_sm_style":"","_jet_sm_controls_values":"","_jet_sm_fonts_collection":"","_jet_sm_fonts_links":"","ir__nometne":"","mazajiem__jauniesiem":"","datums_":1727827200,"datums__end":0,"date_fancy":"02\/10","laiks":"14:00","laiks_lidz":"17:00","vieta":"Kalnciema kvart\u0101ls","price-info":"75","subtitle":"Darbn\u012bca ar Ievu Zaumani","apraksts":"<p>Komunik\u0101cija ir viens no b\u016btisk\u0101kajiem faktoriem p\u0101rmai\u0146u rezultat\u012bvai ievie\u0161anai, t\u0101p\u0113c uz\u0146\u0113mumi, kuri izv\u0113las p\u0101rmai\u0146as komunic\u0113t p\u0113c saj\u016bt\u0101m, bie\u017ei non\u0101k situ\u0101cij\u0101, kad darbinieki nesaprot p\u0101rmai\u0146u j\u0113gu un sabot\u0113 to ievie\u0161anu.<br \/>\n<em><a href=\"https:\/\/www.vadiparmainas.lv\/post\/latvij%C4%81-teju-pus%C4%93-organiz%C4%81ciju-p%C4%81rmai%C5%86as-vada-p%C4%93c-saj%C5%ABtas\">P\u0101rmai\u0146u vad\u012bbas indeksa 2023 <\/a><\/em>rezult\u0101ti liecina, ka Latvij\u0101 p\u0101rmai\u0146as pl\u0101no 32% organiz\u0101ciju, savuk\u0101rt m\u0113r\u0137tiec\u012bgai komunik\u0101cijai ar darbiniekiem gatavojas tikai 12% organiz\u0101ciju. 51% <em>Indeksa<\/em> dal\u012bbnieku atzinu\u0161i, ka vad\u012bba ar darbiniekiem komunic\u0113 par p\u0101rmai\u0146\u0101m, kad viss jau ir izlemts un ir j\u0101s\u0101k p\u0101rmai\u0146as ieviest.<\/p>\n<p>K\u0101 komunik\u0101cija ietekm\u0113 p\u0101rmai\u0146u ievie\u0161anu un k\u0101 sp\u0113\u013co\u0161ana var pal\u012bdz\u0113t veidot efekt\u012bvu p\u0101rmai\u0146u komunik\u0101ciju un pan\u0101kt darbinieku iesaist\u012b\u0161anos p\u0101rmai\u0146\u0101s.<\/p>\n<p>Darbn\u012bc\u0101 izmantosim instrumentu \"Saruna par p\u0101rmai\u0146\u0101m\", lai ieraudz\u012btu da\u017e\u0101du darbinieku iesp\u0113jamos probl\u0113mjaut\u0101jumus un poz\u012bcijas par p\u0101rmai\u0146\u0101m, kas aizved l\u012bdz lab\u0101kajiem p\u0101rmai\u0146u v\u0113st\u012bjumiem un strat\u0113\u0123ijas. Redz\u0113sim, k\u0101 p\u0101rmai\u0146u komunik\u0101cijas pl\u0101no\u0161an\u0101 var izmantot ne tikai ierast\u0101s san\u0101ksmes, bet interakt\u012bvus form\u0101tus, kuros patie\u0161\u0101m saprast tos cilv\u0113kus, uz kuriem p\u0101rmai\u0146as attieksies. Un tas atrisina m\u016b\u017e\u012bgo vad\u012bt\u0101ju probl\u0113mu - mani darbinieki pretojas p\u0101rmai\u0146\u0101m.<\/p>\n<p>Darbn\u012bca paredz\u0113ta person\u0101la vad\u012bbas un komunik\u0101cijas speci\u0101listiem, visu l\u012bme\u0146u vad\u012bt\u0101jiem, k\u0101 ar\u012b citu nozaru profesion\u0101\u013ciem, kuri ikdien\u0101 ir iesaist\u012bti p\u0101rmai\u0146u pl\u0101no\u0161an\u0101 un ievie\u0161an\u0101.<\/p>\n<p>Darbn\u012bcu vad\u012bs Dr. <strong>Ieva Zaumane<\/strong>, p\u0101rmai\u0146u un iek\u0161\u0113j\u0101s komunik\u0101cijas strat\u0113\u0123e ar 20 gadu pieredzi komunik\u0101cijas vad\u012bb\u0101.<\/p>\n<ul>\n<li>Pal\u012bdz organiz\u0101cij\u0101m pl\u0101not un izstr\u0101d\u0101t p\u0101rmai\u0146u komunik\u0101cijas strat\u0113\u0123ijas<\/li>\n<li>Regul\u0101ri vada semin\u0101rus p\u0101rmai\u0146u vad\u012bb\u0101 un komunik\u0101cij\u0101 vad\u012bt\u0101jiem un komand\u0101m<\/li>\n<li>Konsult\u0113 visu l\u012bme\u0146u vad\u012bt\u0101jus, kam aktu\u0101ls jaut\u0101jums par to, k\u0101 veidot j\u0113gpilnas attiec\u012bbas un komunik\u0101ciju ar darbiniekiem un partneriem p\u0101rmai\u0146u un kr\u012b\u017eu laik\u0101.<\/li>\n<li>Komunik\u0101cijas instrumenta \"Saruna par p\u0101rmai\u0146\u0101m\" autore<\/li>\n<li>Zin\u0101\u0161anu platformas <em>vadiparmainas.lv<\/em> eksperte<\/li>\n<li>2024. gad\u0101 ieguvusi doktora gr\u0101du soci\u0101laj\u0101s zin\u0101tn\u0113s (Ph.D.).<\/li>\n<\/ul>\n<p><strong>Dal\u012bbas maksa 75 EUR (ar PVN).<\/strong><br \/>\nJa esat \u017eurn\u0101la \"IR Nauda\" gada abonents, izmantojiet savu 20 % atlaides KUPONU, kas jums nos\u016bt\u012bts e-past\u0101.<br \/>\nPiesakieties abon\u0113t \u0161eit: <a href=\"https:\/\/ir.lv\/abonesana\" target=\"_blank\" rel=\"noopener\">https:\/\/ir.lv\/abonesana<\/a>.<br \/>\nCena nor\u0101d\u012bta ar PVN.<br \/>\nJa v\u0113laties pieteikt vair\u0101kus dal\u012bbniekus vai jums ir jaut\u0101jumi, l\u016bdzu, rakstiet: notikumi@ir.lv vai zvaniet: +371 29447030<\/p>\n<p><strong>IR darbn\u012bcas<\/strong>: apm\u0101c\u012bbas, darbn\u012bcas, semin\u0101ri un kursi. Visu l\u012bme\u0146u vad\u012bt\u0101ju apm\u0101c\u012bbas. Digit\u0101l\u0101s prasmes, digit\u0101lais m\u0101rketings, m\u0101ksl\u012bgais intelekts, m\u0101ksl\u012bg\u0101 intelekta r\u012bki. Person\u0101la vad\u012bba, finan\u0161u prat\u012bba, sabiedrisk\u0101s attiec\u012bbas, lieti\u0161\u0137\u0101 sarakste un citas t\u0113mas tiem, kam r\u016bp pa\u0161att\u012bst\u012bba.<br \/>\nAktu\u0101lo semin\u0101ru un darbn\u012bcu pied\u0101v\u0101jumu skatieties <a href=\"http:\/\/irdarbnicas.lv\" target=\"_blank\" rel=\"noopener\">irdarbnicas.lv<\/a> kalend\u0101r\u0101.<\/p>\n","zoom":""},"product_brand":[],"product_cat":[111,48,50],"product_tag":[],"class_list":{"0":"post-5473","1":"product","2":"type-product","3":"status-publish","4":"has-post-thumbnail","6":"product_cat-ieva-zaumane","7":"product_cat-darbnicas-2","8":"product_cat-notikumi-2","10":"first","11":"outofstock","12":"taxable","13":"shipping-taxable","14":"purchasable","15":"product-type-simple"},"_links":{"self":[{"href":"https:\/\/irdarbnicas.lv\/en\/wp-json\/wp\/v2\/product\/5473","targetHints":{"allow":["GET"]}}],"collection":[{"href":"https:\/\/irdarbnicas.lv\/en\/wp-json\/wp\/v2\/product"}],"about":[{"href":"https:\/\/irdarbnicas.lv\/en\/wp-json\/wp\/v2\/types\/product"}],"wp:featuredmedia":[{"embeddable":true,"href":"https:\/\/irdarbnicas.lv\/en\/wp-json\/wp\/v2\/media\/5927"}],"wp:attachment":[{"href":"https:\/\/irdarbnicas.lv\/en\/wp-json\/wp\/v2\/media?parent=5473"}],"wp:term":[{"taxonomy":"product_brand","embeddable":true,"href":"https:\/\/irdarbnicas.lv\/en\/wp-json\/wp\/v2\/product_brand?post=5473"},{"taxonomy":"product_cat","embeddable":true,"href":"https:\/\/irdarbnicas.lv\/en\/wp-json\/wp\/v2\/product_cat?post=5473"},{"taxonomy":"product_tag","embeddable":true,"href":"https:\/\/irdarbnicas.lv\/en\/wp-json\/wp\/v2\/product_tag?post=5473"}],"curies":[{"name":"wp","href":"https:\/\/api.w.org\/{rel}","templated":true}]}}