{"id":5814,"date":"2024-07-01T14:48:27","date_gmt":"2024-07-01T11:48:27","guid":{"rendered":"https:\/\/irdarbnicas.lv\/?post_type=product&#038;p=5814"},"modified":"2024-10-30T17:09:35","modified_gmt":"2024-10-30T15:09:35","slug":"parliecinasanas-panemieni","status":"publish","type":"product","link":"https:\/\/irdarbnicas.lv\/en\/notikums\/parliecinasanas-panemieni\/","title":{"rendered":"P\u0101rliecin\u0101\u0161anas pa\u0146\u0113mieni"},"content":{"rendered":"","protected":false},"excerpt":{"rendered":"<p>Vai v\u0113laties, lai cilv\u0113ki bie\u017e\u0101k piekristu tam, ko j\u016bs vi\u0146iem pied\u0101v\u0101jat? Strat\u0113\u0123iski p\u0101rliecin\u0101\u0161anas pa\u0146\u0113mieni, kas pal\u012bdz\u0113s p\u0101rliecin\u0101t auditoriju.<\/p>\n","protected":false},"featured_media":5925,"template":"","meta":{"_jet_sm_ready_style":"","_jet_sm_style":"","_jet_sm_controls_values":"","_jet_sm_fonts_collection":"","_jet_sm_fonts_links":"","ir__nometne":"","mazajiem__jauniesiem":"","datums_":1727136000,"datums__end":0,"date_fancy":"24\/09","laiks":"10:00","laiks_lidz":"13:00","vieta":"Tie\u0161saiste","price-info":"75","subtitle":"Darbn\u012bca ar Olgu Kazaku","apraksts":"<p>Vai v\u0113laties, lai cilv\u0113ki bie\u017e\u0101k piekristu tam, ko j\u016bs vi\u0146iem pied\u0101v\u0101jat?<br \/>\nH\u0101rvarda un Stanforda universit\u0101tes zin\u0101tnieki ir pier\u0101d\u012bju\u0161i, ka 70-85% pan\u0101kumu darb\u0101 ir atkar\u012bgi no personiskaj\u0101m, nevis profesion\u0101laj\u0101m prasm\u0113m. Sp\u0113ja p\u0101rliecin\u0101t ir viena no vissvar\u012bg\u0101kaj\u0101m \u0161aj\u0101 sarakst\u0101.<br \/>\nDarbn\u012bc\u0101 j\u016bs uzzin\u0101siet:<\/p>\n<ul>\n<li>Galven\u0101s soci\u0101l\u0101s ietekm\u0113\u0161anas koncepcijas;<\/li>\n<li>Efekt\u012bv\u0101kos uzman\u012bbas piesaistes pa\u0146\u0113mienus;<\/li>\n<li>Inform\u0101cijas un argumentu pasnieg\u0161anas nianses;<\/li>\n<li>P\u0101rliecin\u0101\u0161anas pa\u0146\u0113mienus un uzved\u012bbas mai\u0146as trigerus;<\/li>\n<li>Dizaina dom\u0101\u0161anas darb\u012bbas principus un uzved\u012bbas arhitekt\u016bras postul\u0101tus.<\/li>\n<\/ul>\n<p>Un tas v\u0113l nav viss! J\u016bs ieg\u016bsiet p\u0101rbaud\u012btus un praktiskus risin\u0101jumus, kas pal\u012bdz\u0113s p\u0101rliecin\u0101t auditoriju caur tekstiem un komunik\u0101cijas kampa\u0146\u0101m. J\u016bsu r\u012bc\u012bb\u0101 paliks formulas, piem\u0113ri, tendences un padomi, kas \u013caus integr\u0113t strat\u0113\u0123isko p\u0101rliecin\u0101\u0161anu j\u016bsu ikdien\u0101.<br \/>\n\u0160\u012b darbn\u012bca b\u016bs noder\u012bga:<\/p>\n<ul>\n<li>Vad\u012bt\u0101jiem<\/li>\n<li>Komunik\u0101cijas speci\u0101listiem<\/li>\n<li>Valsts p\u0101rvaldes un NVO p\u0101rst\u0101vjiem<\/li>\n<li>Uz\u0146\u0113m\u0113jiem<\/li>\n<\/ul>\n<p><strong>Olga Kazaka<\/strong> 15\u00a0gadu vecum\u0101 s\u0101ka str\u0101d\u0101t komunik\u0101cijas jom\u0101, 20\u00a0gadu vecum\u0101 nodibin\u0101ja komunik\u0101cijas a\u0123ent\u016bru, 30\u00a0gadu vecum\u0101 aizst\u0101v\u0113ja doktores disert\u0101ciju komunik\u0101cijas zin\u0101tn\u0113, 35 gados ir izdevusi gr\u0101matu \u201cPirm\u0101 PR gr\u0101mata\u201d. \u0160odien vi\u0146a ir komunik\u0101cijas a\u0123ent\u016bras\u00a0Olsen+Partners\u00a0l\u012bdz\u012bpa\u0161niece un vad\u012bt\u0101ja. Uzs\u0101kusi darb\u012bbu no nullpunkta, tagad a\u0123ent\u016bra ir viena no iev\u0113rojam\u0101kaj\u0101m Latvij\u0101. Olgas komandas izstr\u0101d\u0101t\u0101s un \u012bstenot\u0101s kampa\u0146as devi\u0146as reizes ir atz\u012btas par lab\u0101kaj\u0101m pasaul\u0113. Olga ar\u012b pasniedz Latvijas Universit\u0101t\u0113 kursus, kas ir saist\u012bti ar korporat\u012bvo komunik\u0101ciju un kult\u016bru. Latvijas Asoci\u0101cija sabiedrisko attiec\u012bbu profesion\u0101\u013ciem ir apbalvojusi vi\u0146u par sabiedrisko attiec\u012bbu jomas att\u012bst\u012bbu. Par izciliem sasniegumiem un ieguld\u012bjumu sabiedr\u012bbas att\u012bst\u012bb\u0101 vi\u0146a ir sa\u0146\u0113musi ar\u012b \u201eTen Outstanding Young Persons\u201d (TOYP) balvu.<\/p>\n<p><strong>Dal\u012bbas maksa<\/strong> \u2013 75 EUR.<br \/>\nPiesakoties vair\u0101k\u0101m lektores darbn\u012bc\u0101m, sa\u0146emsiet apjoma atlaidi.<br \/>\nJa esat \u017eurn\u0101la \"IR Nauda\" gada abonents, izmantojiet savu 20 % atlaides KUPONU, kas jums nos\u016bt\u012bts e-past\u0101.<br \/>\nPiesakieties abon\u0113t \u0161eit: <a href=\"https:\/\/ir.lv\/abonesana\">https:\/\/ir.lv\/abonesana<\/a>.<br \/>\nAtlaides nesumm\u0113jas. Visas cenas nor\u0101d\u012btas ar PVN.<br \/>\nJa v\u0113laties pieteikt vair\u0101kus dal\u012bbniekus vai jums ir jaut\u0101jumi, l\u016bdzu, rakstiet: notikumi@ir.lv vai zvaniet: +371 29447030<\/p>\n<p><strong>IR darbn\u012bcas<\/strong>: apm\u0101c\u012bbas, darbn\u012bcas, semin\u0101ri un kursi. Visu l\u012bme\u0146u vad\u012bt\u0101ju apm\u0101c\u012bbas. Digit\u0101l\u0101s prasmes, digit\u0101lais m\u0101rketings, m\u0101ksl\u012bgais intelekts, m\u0101ksl\u012bg\u0101 intelekta r\u012bki. Person\u0101la vad\u012bba, finan\u0161u prat\u012bba, sabiedrisk\u0101s attiec\u012bbas, lieti\u0161\u0137\u0101 sarakste un citas t\u0113mas tiem, kam r\u016bp pa\u0161att\u012bst\u012bba.<br \/>\nAktu\u0101lo semin\u0101ru un darbn\u012bcu pied\u0101v\u0101jumu skatieties <a href=\"http:\/\/irdarbnicas.lv\" target=\"_blank\" rel=\"noopener\">irdarbnicas.lv<\/a> kalend\u0101r\u0101.<\/p>\n","zoom":""},"product_brand":[],"product_cat":[23,48,50],"product_tag":[],"class_list":{"0":"post-5814","1":"product","2":"type-product","3":"status-publish","4":"has-post-thumbnail","6":"product_cat-olga-kazaka","7":"product_cat-darbnicas-2","8":"product_cat-notikumi-2","10":"first","11":"outofstock","12":"taxable","13":"shipping-taxable","14":"purchasable","15":"product-type-variable"},"_links":{"self":[{"href":"https:\/\/irdarbnicas.lv\/en\/wp-json\/wp\/v2\/product\/5814","targetHints":{"allow":["GET"]}}],"collection":[{"href":"https:\/\/irdarbnicas.lv\/en\/wp-json\/wp\/v2\/product"}],"about":[{"href":"https:\/\/irdarbnicas.lv\/en\/wp-json\/wp\/v2\/types\/product"}],"wp:featuredmedia":[{"embeddable":true,"href":"https:\/\/irdarbnicas.lv\/en\/wp-json\/wp\/v2\/media\/5925"}],"wp:attachment":[{"href":"https:\/\/irdarbnicas.lv\/en\/wp-json\/wp\/v2\/media?parent=5814"}],"wp:term":[{"taxonomy":"product_brand","embeddable":true,"href":"https:\/\/irdarbnicas.lv\/en\/wp-json\/wp\/v2\/product_brand?post=5814"},{"taxonomy":"product_cat","embeddable":true,"href":"https:\/\/irdarbnicas.lv\/en\/wp-json\/wp\/v2\/product_cat?post=5814"},{"taxonomy":"product_tag","embeddable":true,"href":"https:\/\/irdarbnicas.lv\/en\/wp-json\/wp\/v2\/product_tag?post=5814"}],"curies":[{"name":"wp","href":"https:\/\/api.w.org\/{rel}","templated":true}]}}