{"id":5893,"date":"2024-07-18T17:49:41","date_gmt":"2024-07-18T14:49:41","guid":{"rendered":"https:\/\/irdarbnicas.lv\/?post_type=product&#038;p=5893"},"modified":"2024-11-05T14:26:05","modified_gmt":"2024-11-05T12:26:05","slug":"jaunakie-2024-maksliga-intelekta-ai-riki-darbam-un-biznesam-2","status":"publish","type":"product","link":"https:\/\/irdarbnicas.lv\/en\/notikums\/jaunakie-2024-maksliga-intelekta-ai-riki-darbam-un-biznesam-2\/","title":{"rendered":"Jaun\u0101kie (2024) m\u0101ksl\u012bg\u0101 intelekta r\u012bki darbam un biznesam"},"content":{"rendered":"","protected":false},"excerpt":{"rendered":"<p>Jaun\u0101kie m\u0101ksl\u012bg\u0101 intelekta r\u012bki &#8211; 50 lab\u0101kie un interesant\u0101kie, kas sniedz negaid\u012bti labus rezult\u0101tus, paver jaunas un v\u0113l pla\u0161\u0101kas iesp\u0113jas, k\u0101 jau zin\u0101mie.<\/p>\n","protected":false},"featured_media":5880,"template":"","meta":{"_jet_sm_ready_style":"","_jet_sm_style":"","_jet_sm_controls_values":"","_jet_sm_fonts_collection":"","_jet_sm_fonts_links":"","ir__nometne":"","mazajiem__jauniesiem":"","datums_":1730332800,"datums__end":0,"date_fancy":"31\/10","laiks":"14:00","laiks_lidz":"17:00","vieta":"Tie\u0161saiste","price-info":"169","subtitle":"Semin\u0101rs ar Art\u016bru Medni","apraksts":"<p>P\u0113d\u0113jo tr\u012bs gadu laik\u0101 Art\u016brs Mednis ir izp\u0113t\u012bjis un izm\u0113\u0123in\u0101jis vair\u0101k nek\u0101 4500 da\u017e\u0101dus AI r\u012bkus, kas atvieglo ikdienu un uzlabo darba rezult\u0101tus. Par 50 lab\u0101kajiem r\u012bkiem Art\u016brs ir st\u0101st\u012bjis un m\u0101c\u012bjis vair\u0101k nek\u0101 120 da\u017e\u0101dos semin\u0101ros un lekcij\u0101s.<br \/>\n\u0160aj\u0101 jaunaj\u0101 3 stundu garaj\u0101 semin\u0101r\u0101 Art\u016brs dal\u012bsies ar sav\u0101m atzi\u0146\u0101m par jaun\u0101kajiem r\u012bkiem, padomiem un piem\u0113riem. \u0160ogad vi\u0146\u0161 ir izm\u0113\u0123in\u0101jis vair\u0101k nek\u0101 800 jaunus r\u012bkus, no kuriem atlas\u012bjis 50 lab\u0101kos un interesant\u0101kos, kas sniedz negaid\u012bti labus rezult\u0101tus. \u0160ie ir jauni un iepriek\u0161 nest\u0101st\u012bti vai ner\u0101d\u012bti r\u012bki, un tie paver jaunas un v\u0113l pla\u0161\u0101kas iesp\u0113jas, k\u0101 jau zin\u0101mie.<\/p>\n<p><strong>Art\u016brs Mednis<\/strong>\u00a0ir jauno mediju un digit\u0101l\u0101 m\u0101rketinga speci\u0101lists ar 20 gadu pieredzi komunik\u0101cijas nozar\u0113. A\u0123ent\u016bras\u00a0<em>New Black<\/em>\u00a0dibin\u0101t\u0101js un rado\u0161ais direktors. Art\u016brs un vi\u0146a komanda ir vair\u0101kk\u0101rt sa\u0146\u0113mu\u0161i apbalvojumus par lab\u0101kaj\u0101m un efekt\u012bv\u0101kaj\u0101m m\u0101rketinga kampa\u0146\u0101m t\u0101dos rekl\u0101mas festiv\u0101los k\u0101\u00a0<em>Password, Adwards, Golden Hammer, Baltic PR Awards.<br \/>\nKop\u0161 2022. gada Art\u016brs Mednis vada darbn\u012bcas, lekcijas un semin\u0101rus uz\u0146\u0113mumiem un organiz\u0101cijam par m\u0101ksl\u012bg\u0101 intelekta iesp\u0113j\u0101m un r\u012bkiem.<\/em><\/p>\n<p><strong>Dal\u012bbas maksa<\/strong> \u2013 169 EUR.<br \/>\nJa esat \u017eurn\u0101la \u201cIR Nauda\u201d gada abonents, izmantojiet savu 20 % atlaides KUPONU, kas jums nos\u016bt\u012bts e-past\u0101.<br \/>\nPiesakieties abon\u0113t \u0161eit:\u00a0<a href=\"https:\/\/ir.lv\/abonesana\">https:\/\/ir.lv\/abonesana<\/a>.<br \/>\nVisas cenas nor\u0101d\u012btas ar PVN.<br \/>\nJa v\u0113laties pieteikt vair\u0101kus dal\u012bbniekus vai jums ir jaut\u0101jumi, l\u016bdzu, rakstiet: notikumi@ir.lv vai zvaniet: +371 29447030<\/p>\n<p><strong>IR darbn\u012bcas<\/strong>: apm\u0101c\u012bbas, darbn\u012bcas, semin\u0101ri un kursi. Visu l\u012bme\u0146u vad\u012bt\u0101ju apm\u0101c\u012bbas. Digit\u0101l\u0101s prasmes, digit\u0101lais m\u0101rketings, m\u0101ksl\u012bgais intelekts, m\u0101ksl\u012bg\u0101 intelekta r\u012bki. Person\u0101la vad\u012bba, finan\u0161u prat\u012bba, sabiedrisk\u0101s attiec\u012bbas, lieti\u0161\u0137\u0101 sarakste un citas t\u0113mas tiem, kam r\u016bp pa\u0161att\u012bst\u012bba.<br \/>\nAktu\u0101lo semin\u0101ru un darbn\u012bcu pied\u0101v\u0101jumu skatieties <a href=\"http:\/\/irdarbnicas.lv\" target=\"_blank\" rel=\"noopener\">irdarbnicas.lv<\/a> kalend\u0101r\u0101.<\/p>\n","zoom":""},"product_brand":[],"product_cat":[68,48,50],"product_tag":[],"class_list":{"0":"post-5893","1":"product","2":"type-product","3":"status-publish","4":"has-post-thumbnail","6":"product_cat-arturs-mednis","7":"product_cat-darbnicas-2","8":"product_cat-notikumi-2","10":"first","11":"outofstock","12":"virtual","13":"taxable","14":"purchasable","15":"product-type-simple"},"_links":{"self":[{"href":"https:\/\/irdarbnicas.lv\/en\/wp-json\/wp\/v2\/product\/5893","targetHints":{"allow":["GET"]}}],"collection":[{"href":"https:\/\/irdarbnicas.lv\/en\/wp-json\/wp\/v2\/product"}],"about":[{"href":"https:\/\/irdarbnicas.lv\/en\/wp-json\/wp\/v2\/types\/product"}],"wp:featuredmedia":[{"embeddable":true,"href":"https:\/\/irdarbnicas.lv\/en\/wp-json\/wp\/v2\/media\/5880"}],"wp:attachment":[{"href":"https:\/\/irdarbnicas.lv\/en\/wp-json\/wp\/v2\/media?parent=5893"}],"wp:term":[{"taxonomy":"product_brand","embeddable":true,"href":"https:\/\/irdarbnicas.lv\/en\/wp-json\/wp\/v2\/product_brand?post=5893"},{"taxonomy":"product_cat","embeddable":true,"href":"https:\/\/irdarbnicas.lv\/en\/wp-json\/wp\/v2\/product_cat?post=5893"},{"taxonomy":"product_tag","embeddable":true,"href":"https:\/\/irdarbnicas.lv\/en\/wp-json\/wp\/v2\/product_tag?post=5893"}],"curies":[{"name":"wp","href":"https:\/\/api.w.org\/{rel}","templated":true}]}}