{"id":6332,"date":"2024-11-07T13:58:59","date_gmt":"2024-11-07T11:58:59","guid":{"rendered":"https:\/\/irdarbnicas.lv\/?post_type=product&#038;p=6332"},"modified":"2025-09-29T19:42:08","modified_gmt":"2025-09-29T16:42:08","slug":"pareiza-skaidra-un-labskaniga-latviesu-valoda-21-gadsimta","status":"publish","type":"product","link":"https:\/\/irdarbnicas.lv\/en\/notikums\/pareiza-skaidra-un-labskaniga-latviesu-valoda-21-gadsimta\/","title":{"rendered":"Pareiza, skaidra un labskan\u012bga latvie\u0161u valoda 21. gadsimt\u0101"},"content":{"rendered":"","protected":false},"excerpt":{"rendered":"<p>Praktiski padomi un jaunas zin\u0101\u0161anas, lai uzlabotu rakstu valodu un apg\u016btu pareizas latvie\u0161u valodas principus ikdienas darb\u0101.<\/p>\n","protected":false},"featured_media":6354,"template":"","meta":{"_jet_sm_ready_style":"","_jet_sm_style":"","_jet_sm_controls_values":"","_jet_sm_fonts_collection":"","_jet_sm_fonts_links":"","ir__nometne":"","mazajiem__jauniesiem":"","datums_":1758758400,"datums__end":0,"date_fancy":"25\/09","laiks":"10:00","laiks_lidz":"13:00","vieta":"Tie\u0161saiste","price-info":"65","subtitle":"Darbn\u012bca ar Aigu Veckalni","apraksts":"<p>Darbn\u012bca sniegs praktiskus padomus un jaunas zin\u0101\u0161anas, lai uzlabotu rakstu valodu un apg\u016btu pareizas latvie\u0161u valodas principus ikdienas darb\u0101.<\/p>\n<p>\u0160aj\u0101 praktiskaj\u0101 darbn\u012bc\u0101:<\/p>\n<ul>\n<li>apg\u016bsiet labas rakstu valodas pamatprincipus, lai veidotu pareizus, prec\u012bzus un skaidrus tekstus;<\/li>\n<li>iepaz\u012bsieties ar jaun\u0101kaj\u0101m tendenc\u0113m un v\u0113rojumiem latvie\u0161u valod\u0101;<\/li>\n<li>diskut\u0113siet par modes v\u0101rdiem un valodas viltusdraugiem, m\u0101coties izv\u0113l\u0113ties tr\u0101p\u012bg\u0101kos un prec\u012bz\u0101kos v\u0101rdus.<\/li>\n<li>izzin\u0101siet komatu sp\u0113ku un citus pieturz\u012bmju lieto\u0161anas noteikumus, lai padar\u012btu teikumus lo\u0123iskus un struktur\u0113tus;<\/li>\n<li>sa\u0146emsiet liekv\u0101rd\u012bbas mazin\u0101\u0161anas ieteikumus;<\/li>\n<li>ieg\u016bsiet noder\u012bgu resursu un r\u012bku sarakstu, kas pal\u012bdz\u0113s veidot kvalitat\u012bvus un pareizus tekstus.<\/li>\n<\/ul>\n<p>Darbn\u012bcu vada iedarb\u012bgas komunik\u0101cijas lektore, valodniece un Instagram konta @pieturzimes autore Aiga Veckalne.<\/p>\n<p>Aiga vada semin\u0101rus un praktiskas nodarb\u012bbas par m\u016bsdienu latvie\u0161u valodu, lieti\u0161\u0137o saraksti, e-pasta eti\u0137eti latvie\u0161u un ang\u013cu valod\u0101, vienk\u0101r\u0161o un vieglo valodu, iek\u013caujo\u0161o valodu un citiem tematiem.<\/p>\n<p>Starptautisk\u0101s vienk\u0101r\u0161\u0101s valodas asoci\u0101cijas biedre. Pal\u012bdz organiz\u0101cij\u0101m p\u0101rrakst\u012bt tekstu vienk\u0101r\u0161aj\u0101 un vieglaj\u0101 valod\u0101.<\/p>\n<p>Latvijas PEN balvas un Valodas balvas ieguv\u0113ja.<\/p>\n<p>Aiga doc\u0113 Ventspils Augstskolas Tulko\u0161anas studiju fakult\u0101t\u0113 un R\u012bgas Stradi\u0146a universit\u0101tes Soci\u0101lo zin\u0101t\u0146u fakult\u0101t\u0113.<br \/>\nAigas tulkojum\u0101 izn\u0101ku\u0161as vair\u0101kas gr\u0101matas, piem\u0113ram, D\u017eeimsa Nestora \u201cElpa\u201d, Metj\u016b Volkera \u201cK\u0101p\u0113c m\u0113s gu\u013cam\u201d, D\u017eeja \u0160etija \u201cDom\u0101 k\u0101 m\u016bks\u201d, D\u017eonatana Haida \u201cTrauksmain\u0101 paaudze\u201d, Monikas Kompa\u0146\u012bkovas \u201cPiekt\u0101 laiva\u201d, \u201cKatar\u012bnas Kucbelas \u201cAube\u201d.<br \/>\nIzgl\u012bt\u012bba: profesion\u0101lais ma\u0123istra gr\u0101ds uz\u0146\u0113m\u0113jdarb\u012bbas vad\u012bb\u0101 (R\u012bgas Ekonomikas augstskol\u0101) un bakalaura gr\u0101ds baltu filolo\u0123ij\u0101 (Latvijas Universit\u0101t\u0113). \u0160obr\u012bd stud\u0113 doktora studiju programm\u0101 \u201cValodniec\u012bba\u201d.<br \/>\nIepriek\u0161: \u201cSkrivanek Grupa\u201d Centr\u0101l\u0101s un Austrumeiropas re\u0123iona vad\u012bt\u0101ja un Ventspils Augstskolas m\u0101c\u012bbu prorektore. M\u0101c\u012bjusi latvie\u0161u valodu un Latvijas kult\u016bru un literat\u016bru Sietlas Va\u0161ingtonas Universit\u0101t\u0113 ASV.<\/p>\n<div><strong>Dal\u012bbas maksa<\/strong> \u2013 65 EUR. Piesakoties vair\u0101k\u0101m lektores darbn\u012bc\u0101m, sa\u0146emsiet apjoma atlaidi.<br \/>\nJa esat \u017eurn\u0101la \"IR Nauda\" gada abonents, izmantojiet savu 20 % atlaides KUPONU, kas jums nos\u016bt\u012bts e-past\u0101.<br \/>\nPiesakieties abon\u0113t \u0161eit: <a href=\"https:\/\/ir.lv\/abonesana\" target=\"_blank\" rel=\"noopener\">https:\/\/ir.lv\/abonesana<\/a>.<br \/>\nAtlaides nesumm\u0113jas. Visas cenas nor\u0101d\u012btas ar PVN.<\/div>\n<div>\n<p>Ja v\u0113laties pieteikt vair\u0101kus dal\u012bbniekus no viena uz\u0146\u0113muma vai jums rodas jaut\u0101jumi, sazinieties ar mums: <em>notikumi@ir.lv<\/em>, 29447030<\/p>\n<\/div>\n<div><\/div>\n<p><strong>IR darbn\u012bcas<\/strong>: apm\u0101c\u012bbas, darbn\u012bcas, semin\u0101ri un kursi. Visu l\u012bme\u0146u vad\u012bt\u0101ju apm\u0101c\u012bbas. Digit\u0101l\u0101s prasmes, digit\u0101lais m\u0101rketings, m\u0101ksl\u012bgais intelekts, m\u0101ksl\u012bg\u0101 intelekta r\u012bki. Person\u0101la vad\u012bba, finan\u0161u prat\u012bba, sabiedrisk\u0101s attiec\u012bbas, lieti\u0161\u0137\u0101 sarakste un citas t\u0113mas tiem, kam r\u016bp pa\u0161att\u012bst\u012bba.<br \/>\nAktu\u0101lo semin\u0101ru un darbn\u012bcu pied\u0101v\u0101jumu skatieties <a href=\"http:\/\/irdarbnicas.lv\" target=\"_blank\" rel=\"noopener\">irdarbnicas.lv<\/a> kalend\u0101r\u0101.<\/p>\n","zoom":""},"product_brand":[],"product_cat":[48,108,50],"product_tag":[],"class_list":{"0":"post-6332","1":"product","2":"type-product","3":"status-publish","4":"has-post-thumbnail","6":"product_cat-darbnicas-2","7":"product_cat-aiga-veckalne","8":"product_cat-notikumi-2","10":"first","11":"outofstock","12":"sale","13":"taxable","14":"shipping-taxable","15":"purchasable","16":"product-type-variable"},"_links":{"self":[{"href":"https:\/\/irdarbnicas.lv\/en\/wp-json\/wp\/v2\/product\/6332","targetHints":{"allow":["GET"]}}],"collection":[{"href":"https:\/\/irdarbnicas.lv\/en\/wp-json\/wp\/v2\/product"}],"about":[{"href":"https:\/\/irdarbnicas.lv\/en\/wp-json\/wp\/v2\/types\/product"}],"wp:featuredmedia":[{"embeddable":true,"href":"https:\/\/irdarbnicas.lv\/en\/wp-json\/wp\/v2\/media\/6354"}],"wp:attachment":[{"href":"https:\/\/irdarbnicas.lv\/en\/wp-json\/wp\/v2\/media?parent=6332"}],"wp:term":[{"taxonomy":"product_brand","embeddable":true,"href":"https:\/\/irdarbnicas.lv\/en\/wp-json\/wp\/v2\/product_brand?post=6332"},{"taxonomy":"product_cat","embeddable":true,"href":"https:\/\/irdarbnicas.lv\/en\/wp-json\/wp\/v2\/product_cat?post=6332"},{"taxonomy":"product_tag","embeddable":true,"href":"https:\/\/irdarbnicas.lv\/en\/wp-json\/wp\/v2\/product_tag?post=6332"}],"curies":[{"name":"wp","href":"https:\/\/api.w.org\/{rel}","templated":true}]}}