{"id":6392,"date":"2024-11-19T12:02:11","date_gmt":"2024-11-19T10:02:11","guid":{"rendered":"https:\/\/irdarbnicas.lv\/?post_type=product&#038;p=6392"},"modified":"2025-02-10T09:29:23","modified_gmt":"2025-02-10T07:29:23","slug":"storytelling-speks","status":"publish","type":"product","link":"https:\/\/irdarbnicas.lv\/en\/notikums\/storytelling-speks\/","title":{"rendered":"Storytelling sp\u0113ks"},"content":{"rendered":"","protected":false},"excerpt":{"rendered":"<p>St\u0101sts ir vien\u012bgais veids, k\u0101 b\u016bt sadzird\u0113tam. K\u0101 ar st\u0101stu iedz\u012bvin\u0101t z\u012bmola strat\u0113\u0123iju un padar\u012bt v\u0113st\u012bjumu tik unik\u0101lu, ka to vienk\u0101r\u0161i nav iesp\u0113jams ignor\u0113t.<\/p>\n","protected":false},"featured_media":6393,"template":"","meta":{"_jet_sm_ready_style":"","_jet_sm_style":"","_jet_sm_controls_values":"","_jet_sm_fonts_collection":"","_jet_sm_fonts_links":"","ir__nometne":"","mazajiem__jauniesiem":"","datums_":1738800000,"datums__end":0,"date_fancy":"06\/02","laiks":"15:00","laiks_lidz":"18:00","vieta":"Kalnciema kvart\u0101ls","price-info":"75","subtitle":"Darbn\u012bca ar Aldi Ozoli\u0146u","apraksts":"<p>Komunik\u0101cija ir main\u012bjusies. \u0160odien katrs z\u012bmols un katrs<em> influencers<\/em> \u2013 pat tavs frizieris \u2013 ir k\u013cuvis par mediju.<br \/>\nTa\u010du ir viena lieta, kas nav main\u012bjusies: m\u0113s esam tikpat aiz\u0146emti, ja ne v\u0113l vair\u0101k.<br \/>\nJa nevari pateikt kaut ko neaizmirstamu, lab\u0101k nesaki neko visp\u0101r.<br \/>\nSt\u0101sts ir vien\u012bgais veids, k\u0101 b\u016bt sadzird\u0113tam.<\/p>\n<p>\u0160aj\u0101 darbn\u012bc\u0101 m\u0113s m\u0101c\u012bsimies, k\u0101 ar st\u0101stu iedz\u012bvin\u0101t z\u012bmola strat\u0113\u0123iju un padar\u012bt v\u0113st\u012bjumu tik unik\u0101lu, ka to vienk\u0101r\u0161i nav iesp\u0113jams ignor\u0113t.<\/p>\n<p>Un, j\u0101 \u2013 m\u0113s ar\u012b iedzi\u013cin\u0101simies datos. Jo dati pa\u0161i par sevi ir maz v\u0113rt\u012bgi, bet, kad st\u0101sts pie\u0161\u0137ir tiem dv\u0113seli, tie p\u0101rtop par ieroci, kas tr\u0101pa taisni sird\u012b. Tad tie vairs nav tikai skait\u013ci \u2013 tie ir fakti, kas run\u0101.<\/p>\n<p>M\u0113s run\u0101sim par taktik\u0101m, metod\u0113m un idej\u0101m, kas noder\u0113s jebkur\u0101 situ\u0101cij\u0101 \u2013 z\u012bmola komunik\u0101cij\u0101, \u012bs\u0101 un tr\u0101p\u012bg\u0101 pi\u010d\u0101 vai v\u0113st\u012bjum\u0101 komandai pirms n\u0101kam\u0101 liel\u0101 izaicin\u0101juma. Tev j\u0101b\u016bt gatavam rad\u012bt st\u0101stus, kas p\u0101rsteidz, p\u0101rliecina un paliek atmi\u0146\u0101. \u0160\u012b ir vieta, kur s\u0101kt. Nav ko dom\u0101t \u2013 j\u0101s\u0101k str\u0101d\u0101t!<\/p>\n<p>Darbn\u012bcu vad\u012bs <strong>Aldis Ozoli\u0146\u0161<\/strong>, <em>Havas Creative<\/em> rado\u0161ais direktors un strat\u0113\u0123is. Aldis\u00a0 specializ\u0113jas z\u012bmolu veido\u0161an\u0101, komunik\u0101cij\u0101 un komunik\u0101cijas strat\u0113\u0123ij\u0101s, k\u0101 ar\u012b str\u0101d\u0101 k\u0101 TV rekl\u0101mu re\u017eisors. Ar vair\u0101k nek\u0101 15 gadu pieredzi rekl\u0101mas nozar\u0113 Aldis ir paz\u012bstams ar sp\u0113ju apvienot strat\u0113\u0123isku dom\u0101\u0161anu ar rado\u0161iem risin\u0101jumiem, kas rezon\u0113 gan ar viet\u0113jo, gan starptautisko auditoriju.<\/p>\n<p><strong>Dal\u012bbas maksa:\u00a0<\/strong>75 EUR (ar iek\u013cautu PVN).<br \/>\nJa esi\u00a0 \u017eurn\u0101la \u201cIR Nauda\u201d gada abonents, izmanto savu 20 % atlaides KUPONU, kas tev nos\u016bt\u012bts e-past\u0101.<br \/>\nPiesakies abon\u0113t \u0161eit: <a href=\"https:\/\/ir.lv\/abonesana\">https:\/\/ir.lv\/abonesana<\/a>.<br \/>\nJa v\u0113lies pieteikt vair\u0101kus dal\u012bbniekus vai tev ir jaut\u0101jumi, l\u016bdzu, raksti: <em>notikumi@ir.lv<\/em> vai zvani: +371 29447030<\/p>\n<p>&nbsp;<\/p>\n<p><strong>IR darbn\u012bcas<\/strong>: apm\u0101c\u012bbas, darbn\u012bcas, semin\u0101ri un kursi. Visu l\u012bme\u0146u vad\u012bt\u0101ju apm\u0101c\u012bbas. Digit\u0101l\u0101s prasmes, digit\u0101lais m\u0101rketings, m\u0101ksl\u012bgais intelekts, m\u0101ksl\u012bg\u0101 intelekta r\u012bki. Person\u0101la vad\u012bba, finan\u0161u prat\u012bba, sabiedrisk\u0101s attiec\u012bbas, lieti\u0161\u0137\u0101 sarakste un citas t\u0113mas tiem, kam r\u016bp pa\u0161att\u012bst\u012bba.<br \/>\nAktu\u0101lo semin\u0101ru un darbn\u012bcu pied\u0101v\u0101jumu skatieties\u00a0<a href=\"http:\/\/irdarbnicas.lv\/\" target=\"_blank\" rel=\"noopener\">irdarbnicas.lv<\/a>\u00a0kalend\u0101r\u0101.<\/p>\n<p>&nbsp;<\/p>\n","zoom":""},"product_brand":[],"product_cat":[135,48,50],"product_tag":[],"class_list":{"0":"post-6392","1":"product","2":"type-product","3":"status-publish","4":"has-post-thumbnail","6":"product_cat-aldis-ozolins","7":"product_cat-darbnicas-2","8":"product_cat-notikumi-2","10":"first","11":"outofstock","12":"taxable","13":"shipping-taxable","14":"purchasable","15":"product-type-simple"},"_links":{"self":[{"href":"https:\/\/irdarbnicas.lv\/en\/wp-json\/wp\/v2\/product\/6392","targetHints":{"allow":["GET"]}}],"collection":[{"href":"https:\/\/irdarbnicas.lv\/en\/wp-json\/wp\/v2\/product"}],"about":[{"href":"https:\/\/irdarbnicas.lv\/en\/wp-json\/wp\/v2\/types\/product"}],"wp:featuredmedia":[{"embeddable":true,"href":"https:\/\/irdarbnicas.lv\/en\/wp-json\/wp\/v2\/media\/6393"}],"wp:attachment":[{"href":"https:\/\/irdarbnicas.lv\/en\/wp-json\/wp\/v2\/media?parent=6392"}],"wp:term":[{"taxonomy":"product_brand","embeddable":true,"href":"https:\/\/irdarbnicas.lv\/en\/wp-json\/wp\/v2\/product_brand?post=6392"},{"taxonomy":"product_cat","embeddable":true,"href":"https:\/\/irdarbnicas.lv\/en\/wp-json\/wp\/v2\/product_cat?post=6392"},{"taxonomy":"product_tag","embeddable":true,"href":"https:\/\/irdarbnicas.lv\/en\/wp-json\/wp\/v2\/product_tag?post=6392"}],"curies":[{"name":"wp","href":"https:\/\/api.w.org\/{rel}","templated":true}]}}