{"id":6402,"date":"2024-11-19T15:28:36","date_gmt":"2024-11-19T13:28:36","guid":{"rendered":"https:\/\/irdarbnicas.lv\/?post_type=product&#038;p=6402"},"modified":"2025-03-24T13:21:14","modified_gmt":"2025-03-24T11:21:14","slug":"ka-dibinat-uzticibu-un-ilgtermina-attiecibas-arvalstu-tirgos","status":"publish","type":"product","link":"https:\/\/irdarbnicas.lv\/en\/notikums\/ka-dibinat-uzticibu-un-ilgtermina-attiecibas-arvalstu-tirgos\/","title":{"rendered":"K\u0101 dibin\u0101t uztic\u012bbu un ilgtermi\u0146a attiec\u012bbas \u0101rvalstu tirgos"},"content":{"rendered":"","protected":false},"excerpt":{"rendered":"<p>K\u0101 veiksm\u012bgi darboties starpkult\u016bru vid\u0113, izprotot izv\u0113l\u0113t\u0101 tirgus vai re\u0123iona kult\u016bras priek\u0161nosac\u012bjumus, lai var\u0113tu tajos efekt\u012bvi pozicion\u0113t un komunic\u0113t savu v\u0113rt\u012bbu.<\/p>\n","protected":false},"featured_media":6397,"template":"","meta":{"_jet_sm_ready_style":"","_jet_sm_style":"","_jet_sm_controls_values":"","_jet_sm_fonts_collection":"","_jet_sm_fonts_links":"","ir__nometne":"","mazajiem__jauniesiem":"","datums_":1742342400,"datums__end":0,"date_fancy":"19\/03","laiks":"10:00","laiks_lidz":"13:00","vieta":"viesn\u012bc\u0101 \"Konventa s\u0113ta\"","price-info":"90","subtitle":"Darbn\u012bca ar J\u016bliju Sovani","apraksts":"<p>Lai uz\u0146\u0113mums g\u016btu pan\u0101kumus \u0101rvalstu tirgos, ir nepiecie\u0161ama dzi\u013ca izpratne par starpkult\u016bru komunik\u0101ciju, attiec\u012bbu un uztic\u012bbas dibin\u0101\u0161anas principiem konkr\u0113t\u0101s valst\u012bs un re\u0123ionos.<br \/>\n\u0160is kurss sniegs jums prec\u012bzus un praktiskus so\u013cus un piem\u0113rus, lai pal\u012bdz\u0113tu efekt\u012bvi darboties starpkult\u016bru vid\u0113, izprastu specifiskus tirgus un kult\u016bras priek\u0161nosac\u012bjumus, kas pal\u012bdz\u0113s efekt\u012bvi pozicion\u0113t un komunic\u0113t savu v\u0113rt\u012bbu izv\u0113l\u0113taj\u0101 tirg\u016b vai re\u0123ion\u0101.<\/p>\n<p>Uzzin\u0101siet, k\u0101:<\/p>\n<ul>\n<li>Komunic\u0113t atbilsto\u0161i kult\u016brspecifiskiem l\u0113mumu pie\u0146em\u0161anas principiem un komunik\u0101cijas stiliem.<\/li>\n<li>Saprast verb\u0101los un neverb\u0101los sign\u0101lus, kas ietekm\u0113 uztveri un uztic\u0113\u0161anos konkr\u0113ti izv\u0113l\u0113taj\u0101 tirg\u016b.<\/li>\n<li>Veidot savu m\u0101rketinga un komunik\u0101cijas stilu, lai rad\u012btu p\u0101rliecino\u0161u un m\u0113r\u0137tiec\u012bgu t\u0113lu izv\u0113l\u0113taj\u0101 tirg\u016b.<\/li>\n<li>Efekt\u012bvi vad\u012bt p\u0101rrunas visa p\u0101rdo\u0161anas cikla gait\u0101 - no pirm\u0101s iepaz\u012b\u0161an\u0101s l\u012bdz dar\u012bjuma sl\u0113g\u0161anas f\u0101zei.<\/li>\n<\/ul>\n<p>Ieg\u016bsiet nepiecie\u0161am\u0101s zin\u0101\u0161anas un prasmes, lai j\u016bsu uz\u0146\u0113mums b\u016btu gatavs sekm\u012bgai sadarb\u012bbai starptautisk\u0101 vid\u0113, pan\u0101ktu uztic\u012bbu un ilgtermi\u0146a sadarb\u012bbas iesp\u0113jas \u0101rvalstu tirgos.<\/p>\n<p>Darbn\u012bcu vad\u012bs <strong>J\u016blija Sovane,<\/strong>\u00a0starptautisk\u0101 biznesa un starpkult\u016bru komunik\u0101cijas trenere un starptautiski atz\u012bts <em>Mindvalley<\/em> biznesa kou\u010ds, ar 20 gadu praktisku pieredzi k\u0101 komercnoda\u013cas vad\u012bt\u0101jai veiksm\u012bgi att\u012bstot vair\u0101k nek\u0101 60 tirgus t\u0101dos re\u0123ionos k\u0101 Skandin\u0101vija, Centr\u0101l\u0101 Eiropa (BENELUX, Francija, Sp\u0101nija), T\u0101lie un Tuvie Austrumi, k\u0101 ar\u012b veicinot strat\u0113\u0123isku izaugsmi pasaules liel\u0101kajiem uz\u0146\u0113mumiem ASV, Indij\u0101, UAE u.c. Pal\u012bdz\u0113jusi vair\u0101k nek\u0101 200 klientiem vis\u0101 pasaul\u0113 ar efekt\u012bvu p\u0101rdo\u0161anas strat\u0113\u0123iju izstr\u0101di, starpkult\u016bru komunik\u0101cijas uzlabo\u0161anu un glob\u0101lo izaugsmi.<br \/>\nVair\u0101k nek\u0101 7 gadus biznesa trenere starptautisk\u0101s p\u0101rdo\u0161anas un starpkult\u016bru komunik\u0101cijas jom\u0101.<\/p>\n<p>&nbsp;<\/p>\n<div><strong>Dal\u012bbas maksa<\/strong>\u00a0\u2013 90 EUR. Piesakoties ab\u0101m lektores darbn\u012bc\u0101m, otrai sa\u0146emsiet atlaidi.<br \/>\nJa esat \u017eurn\u0101la \u201cIR Nauda\u201d gada abonents, izmantojiet savu 20 % atlaides KUPONU, kas jums nos\u016bt\u012bts e-past\u0101.<br \/>\nPiesakieties abon\u0113t \u0161eit:\u00a0<a href=\"https:\/\/ir.lv\/abonesana\" target=\"_blank\" rel=\"noopener\">https:\/\/ir.lv\/abonesana<\/a>.<br \/>\nAtlaides nesumm\u0113jas. Visas cenas nor\u0101d\u012btas ar PVN.<\/div>\n<div>\n<p>Ja v\u0113laties pieteikt vair\u0101kus dal\u012bbniekus no viena uz\u0146\u0113muma vai jums rodas jaut\u0101jumi, sazinieties ar mums: notikumi@ir.lv, 29447030<\/p>\n<p><strong>IR darbn\u012bcas<\/strong>: apm\u0101c\u012bbas, darbn\u012bcas, semin\u0101ri un kursi. Visu l\u012bme\u0146u vad\u012bt\u0101ju apm\u0101c\u012bbas. Digit\u0101l\u0101s prasmes, digit\u0101lais m\u0101rketings, m\u0101ksl\u012bgais intelekts, m\u0101ksl\u012bg\u0101 intelekta r\u012bki. Person\u0101la vad\u012bba, finan\u0161u prat\u012bba, sabiedrisk\u0101s attiec\u012bbas, lieti\u0161\u0137\u0101 sarakste un citas t\u0113mas tiem, kam r\u016bp pa\u0161att\u012bst\u012bba.<\/p>\n<\/div>\n<p>Aktu\u0101lo semin\u0101ru un darbn\u012bcu pied\u0101v\u0101jumu skatieties \u00a0<a href=\"http:\/\/irdarbnicas.lv\/\" target=\"_blank\" rel=\"noopener\">irdarbnicas.lv<\/a>\u00a0kalend\u0101r\u0101.<\/p>\n","zoom":""},"product_brand":[],"product_cat":[48,50],"product_tag":[],"class_list":{"0":"post-6402","1":"product","2":"type-product","3":"status-publish","4":"has-post-thumbnail","6":"product_cat-darbnicas-2","7":"product_cat-notikumi-2","9":"first","10":"outofstock","11":"virtual","12":"taxable","13":"purchasable","14":"product-type-simple"},"_links":{"self":[{"href":"https:\/\/irdarbnicas.lv\/en\/wp-json\/wp\/v2\/product\/6402","targetHints":{"allow":["GET"]}}],"collection":[{"href":"https:\/\/irdarbnicas.lv\/en\/wp-json\/wp\/v2\/product"}],"about":[{"href":"https:\/\/irdarbnicas.lv\/en\/wp-json\/wp\/v2\/types\/product"}],"wp:featuredmedia":[{"embeddable":true,"href":"https:\/\/irdarbnicas.lv\/en\/wp-json\/wp\/v2\/media\/6397"}],"wp:attachment":[{"href":"https:\/\/irdarbnicas.lv\/en\/wp-json\/wp\/v2\/media?parent=6402"}],"wp:term":[{"taxonomy":"product_brand","embeddable":true,"href":"https:\/\/irdarbnicas.lv\/en\/wp-json\/wp\/v2\/product_brand?post=6402"},{"taxonomy":"product_cat","embeddable":true,"href":"https:\/\/irdarbnicas.lv\/en\/wp-json\/wp\/v2\/product_cat?post=6402"},{"taxonomy":"product_tag","embeddable":true,"href":"https:\/\/irdarbnicas.lv\/en\/wp-json\/wp\/v2\/product_tag?post=6402"}],"curies":[{"name":"wp","href":"https:\/\/api.w.org\/{rel}","templated":true}]}}