{"id":6411,"date":"2024-11-19T18:09:28","date_gmt":"2024-11-19T16:09:28","guid":{"rendered":"https:\/\/irdarbnicas.lv\/?post_type=product&#038;p=6411"},"modified":"2025-02-27T12:54:28","modified_gmt":"2025-02-27T10:54:28","slug":"chatgpt-pro-2-limenis-2","status":"publish","type":"product","link":"https:\/\/irdarbnicas.lv\/en\/notikums\/chatgpt-pro-2-limenis-2\/","title":{"rendered":"ChatGPT PRO &#8211; 2. l\u012bmenis"},"content":{"rendered":"","protected":false},"excerpt":{"rendered":"<p>Dzi\u013c\u0101ks saturs pieredz\u0113ju\u0161\u0101kiem lietot\u0101jiem, lai iem\u0101c\u012btos izmantot <em>GPT<\/em>&#8211; 4 pilnu potenci\u0101lu.<\/p>\n","protected":false},"featured_media":5880,"template":"","meta":{"_jet_sm_ready_style":"","_jet_sm_style":"","_jet_sm_controls_values":"","_jet_sm_fonts_collection":"","_jet_sm_fonts_links":"","ir__nometne":"","mazajiem__jauniesiem":"","datums_":1740441600,"datums__end":0,"date_fancy":"25\/02","laiks":"14:00","laiks_lidz":"17:00","vieta":"Tie\u0161saiste","price-info":"150","subtitle":"Semin\u0101rs ar Art\u016bru Medni","apraksts":"<p>Tev jau ir pieredze ar <em>ChatGPT<\/em> un, iesp\u0113jams, esi jau piedal\u012bjies m\u016bsu pirmaj\u0101 kurs\u0101?<br \/>\n\"<em>ChatGPT PRO<\/em> \u2013 2. l\u012bmenis\" pied\u0101v\u0101 dzi\u013c\u0101ku saturu, sare\u017e\u0123\u012bt\u0101kus <em>promtus<\/em> (padomus), trikus un tehnolo\u0123iju \u012bpatn\u012bbas, iem\u0101c\u012bties savu <em>myGPTs<\/em> izveidi un API lieto\u0161anu.<\/p>\n<p>\u0160is kurss ir gan tiem, kas lieto <em>ChatGPT<\/em> bezmaksas versiju un v\u0113las \u0101tr\u0101k iem\u0101c\u012bties maksas versijas iesp\u0113jas, gan tiem, kas jau lieto <em>GPT<\/em>-4, lai iem\u0101c\u012btos izmantot \u0161\u012b r\u012bka pilnu potenci\u0101lu.<\/p>\n<p>P\u0113c \u0161\u012b kursa pabeig\u0161anas tu m\u0101c\u0113si ne tikai uzdot v\u0113l lab\u0101kas un prec\u012bz\u0101kas komandas, simul\u0113t uz\u0146\u0113m\u0113jdarb\u012bbas strat\u0113\u0123ijas, model\u0113t finan\u0161u scen\u0101rijus un pie\u0146emt l\u0113mumus, bet ar\u012b sapras\u012bsi, k\u0101:<br \/>\n- izmantot <em>ChatGPT<\/em> piln\u0101 potenci\u0101l\u0101, tai skait\u0101 <em>myGPTs<\/em>, <em>Web Browsing, Dalle, API<\/em>, uc,<br \/>\n- Advanced Data Analysis - uzzin\u0101si par <em>third-party<\/em> risin\u0101jumiem un advanc\u0113to datu anal\u012bzi,<br \/>\n- k\u0101 veikt <em>Excel<\/em>, PDF un citu datu anal\u012bzi, interpret\u0113t p\u0101rdo\u0161anas rezult\u0101tus, izveidot un vizualiz\u0113t grafikus, un \u0123ener\u0113t p\u0101rskatus no neapstr\u0101d\u0101tiem datiem,<br \/>\n- k\u0101 ietaup\u012bt laiku datu ievad\u0113 un automatiz\u0101cij\u0101,<br \/>\n- k\u0101 izveidot m\u0101ksl\u012bg\u0101 intelekta \u010datus m\u0101jaslap\u0101s,<br \/>\n- k\u0101 apkopot un analiz\u0113t tie\u0161saistes resursus,<br \/>\n- k\u0101 veikt gr\u0101matved\u012bbas uzdevumus, kategoriz\u0113t izdevumus un prognoz\u0113t bud\u017eetu,<br \/>\n- k\u0101 analiz\u0113t tirgus tendences un veikt inform\u0113tus biznesa l\u0113mumus,<br \/>\n- k\u0101 efekt\u012bvi apkopot un analiz\u0113t juridiskos resursus,<br \/>\n- k\u0101 veidot interakt\u012bvas nodarb\u012bbas un viktor\u012bnas,<br \/>\n- k\u0101 \u0161ifr\u0113t (transkrib\u0113t) un apkopot saturu no audio un video ierakstiem,<br \/>\n- k\u0101 lietot <em>API<\/em>, veidot savus <em>GPT<\/em> da\u017e\u0101d\u0101m vajadz\u012bb\u0101m, un daudz citu iesp\u0113ju.<\/p>\n<p>Art\u016brs Mednis ir jauno mediju un digit\u0101l\u0101 m\u0101rketinga speci\u0101lists ar 21 gada pieredzi komunik\u0101cijas nozar\u0113. A\u0123ent\u016bras <em>New Black<\/em> dibin\u0101t\u0101js un rado\u0161ais direktors. Art\u016brs un vi\u0146a komanda ir vair\u0101kk\u0101rt sa\u0146\u0113mu\u0161i apbalvojumus par lab\u0101kaj\u0101m un efekt\u012bv\u0101kaj\u0101m m\u0101rketinga kampa\u0146\u0101m t\u0101dos rekl\u0101mas festiv\u0101los k\u0101 <em>Password, Adwards, Golden Hammer, Baltic PR Awards<\/em>, u.c<br \/>\nKop\u0161 2022. gada Art\u016brs Mednis vada darbn\u012bcas, lekcijas un semin\u0101rus uz\u0146\u0113mumiem un organiz\u0101cij\u0101m par m\u0101ksl\u012bg\u0101 intelekta iesp\u0113j\u0101m un r\u012bkiem.<\/p>\n<p><strong>Dal\u012bbas maksa<\/strong>\u00a0\u2013 150 EUR.<br \/>\nPiesakoties abiem <em>ChatGPT<\/em> semin\u0101riem, sa\u0146emsi apjoma atlaidi.<br \/>\nJa esi \u017eurn\u0101la \u201cIR Nauda\u201d gada abonents, izmanto savu 20 % atlaides KUPONU, kas tev nos\u016bt\u012bts e-past\u0101.<br \/>\nPiesakies abon\u0113t \u0161eit: <a href=\"https:\/\/ir.lv\/abonesana\">https:\/\/ir.lv\/abonesana<\/a>.<br \/>\nAtlaides nesumm\u0113jas. Visas cenas nor\u0101d\u012btas ar PVN.<br \/>\nJa v\u0113lies pieteikt vair\u0101kus dal\u012bbniekus vai tev ir jaut\u0101jumi, l\u016bdzu, raksti: notikumi@ir.lv vai zvani: +371 29447030<\/p>\n<p>&nbsp;<\/p>\n<p><strong>IR darbn\u012bcas<\/strong>: apm\u0101c\u012bbas, darbn\u012bcas, semin\u0101ri un kursi. Visu l\u012bme\u0146u vad\u012bt\u0101ju apm\u0101c\u012bbas. Digit\u0101l\u0101s prasmes, digit\u0101lais m\u0101rketings, m\u0101ksl\u012bgais intelekts, m\u0101ksl\u012bg\u0101 intelekta r\u012bki. Person\u0101la vad\u012bba, finan\u0161u prat\u012bba, sabiedrisk\u0101s attiec\u012bbas, lieti\u0161\u0137\u0101 sarakste un citas t\u0113mas tiem, kam r\u016bp pa\u0161att\u012bst\u012bba.<br \/>\nAktu\u0101lo semin\u0101ru un darbn\u012bcu pied\u0101v\u0101jumu skaties <a href=\"http:\/\/irdarbnicas.lv\" target=\"_blank\" rel=\"noopener\">irdarbnicas.lv<\/a> kalend\u0101r\u0101.<\/p>\n","zoom":""},"product_brand":[],"product_cat":[68,48,50],"product_tag":[],"class_list":{"0":"post-6411","1":"product","2":"type-product","3":"status-publish","4":"has-post-thumbnail","6":"product_cat-arturs-mednis","7":"product_cat-darbnicas-2","8":"product_cat-notikumi-2","10":"first","11":"outofstock","12":"taxable","13":"shipping-taxable","14":"purchasable","15":"product-type-simple"},"_links":{"self":[{"href":"https:\/\/irdarbnicas.lv\/en\/wp-json\/wp\/v2\/product\/6411","targetHints":{"allow":["GET"]}}],"collection":[{"href":"https:\/\/irdarbnicas.lv\/en\/wp-json\/wp\/v2\/product"}],"about":[{"href":"https:\/\/irdarbnicas.lv\/en\/wp-json\/wp\/v2\/types\/product"}],"wp:featuredmedia":[{"embeddable":true,"href":"https:\/\/irdarbnicas.lv\/en\/wp-json\/wp\/v2\/media\/5880"}],"wp:attachment":[{"href":"https:\/\/irdarbnicas.lv\/en\/wp-json\/wp\/v2\/media?parent=6411"}],"wp:term":[{"taxonomy":"product_brand","embeddable":true,"href":"https:\/\/irdarbnicas.lv\/en\/wp-json\/wp\/v2\/product_brand?post=6411"},{"taxonomy":"product_cat","embeddable":true,"href":"https:\/\/irdarbnicas.lv\/en\/wp-json\/wp\/v2\/product_cat?post=6411"},{"taxonomy":"product_tag","embeddable":true,"href":"https:\/\/irdarbnicas.lv\/en\/wp-json\/wp\/v2\/product_tag?post=6411"}],"curies":[{"name":"wp","href":"https:\/\/api.w.org\/{rel}","templated":true}]}}