{"id":6521,"date":"2025-01-07T17:10:38","date_gmt":"2025-01-07T15:10:38","guid":{"rendered":"https:\/\/irdarbnicas.lv\/?post_type=product&#038;p=6521"},"modified":"2025-05-13T10:30:56","modified_gmt":"2025-05-13T07:30:56","slug":"uzticesanas-formula","status":"publish","type":"product","link":"https:\/\/irdarbnicas.lv\/en\/notikums\/uzticesanas-formula\/","title":{"rendered":"Uztic\u0113\u0161an\u0101s formula"},"content":{"rendered":"","protected":false},"excerpt":{"rendered":"<p>K\u0101 ieg\u016bt, notur\u0113t un nostiprin\u0101t m\u0113r\u0137auditorijas uztic\u012bbu? Uztic\u0113\u0161an\u0101s formula un t\u0101s integr\u0113\u0161ana savas organiz\u0101cijas ikdienas komunik\u0101cij\u0101.<\/p>\n","protected":false},"featured_media":6499,"template":"","meta":{"_jet_sm_ready_style":"","_jet_sm_style":"","_jet_sm_controls_values":"","_jet_sm_fonts_collection":"","_jet_sm_fonts_links":"","ir__nometne":"","mazajiem__jauniesiem":"","datums_":1745971200,"datums__end":0,"date_fancy":"30\/04","laiks":"10:00","laiks_lidz":"13:00","vieta":"Tie\u0161saiste","price-info":"90","subtitle":"Darbn\u012bca ar Olgu Kazaku","apraksts":"<p>7 no 10 Latvijas organiz\u0101cij\u0101m k\u0101\u00a0galveno\u00a0un svar\u012bg\u0101ko komunik\u0101cijas uzdevumu tuv\u0101kajiem trim gadiem izvirza uztic\u0113\u0161an\u0101s\u00a0veido\u0161anu\u00a0un nostiprin\u0101\u0161anu.<\/p>\n<p>Ja jums neuzticas, no jums nepirks, ar jums neveidos ilgtermi\u0146a sadarb\u012bbu un nepie\u0146ems j\u016bsu pied\u0101v\u0101tos uzved\u012bbas mode\u013cus. \u0160aj\u0101 darbn\u012bc\u0101 m\u0113s atkl\u0101sim\u00a0uztic\u0113\u0161an\u0101s formulu, ar kuras pal\u012bdz\u012bbu j\u016bsu organiz\u0101cija var\u0113s sasniegt\u00a0liel\u0101kus un notur\u012bg\u0101kus pan\u0101kumus\u00a0nek\u0101 konkurenti.<\/p>\n<p>K\u0101 rodas uztic\u012bba organiz\u0101cij\u0101m?<\/p>\n<ul>\n<li>K\u0101dus v\u0113st\u012bjumus iek\u013caut komunik\u0101cij\u0101\u00a0jau \u0161odien, lai stiprin\u0101tu uztic\u0113\u0161anos?<\/li>\n<li>Kam cilv\u0113ki tic, kam n\u0113 un k\u0101p\u0113c?<\/li>\n<li>K\u0101 komunik\u0101cija var pal\u012bdz\u0113t ieg\u016bt, notur\u0113t un nostiprin\u0101t m\u0113r\u0137auditorijas uztic\u012bbu?<\/li>\n<li>Kas raksturo l\u012bderus, kuriem uzticas?<\/li>\n<\/ul>\n<p>Darbn\u012bcas laik\u0101 dal\u012bbnieki sa\u0146ems\u00a0praktisko uztic\u0113\u0161an\u0101s formulu\u00a0un padomus t\u0101s integr\u0113\u0161anai savas organiz\u0101cijas ikdienas komunik\u0101cij\u0101. Tiks prezent\u0113ti jaun\u0101kie p\u0113t\u012bjumi, piem\u0113ri un praktiski padomi, ko var\u0113s uzreiz pielietot darb\u0101.<\/p>\n<p>Darbn\u012bca b\u016bs \u012bpa\u0161i noder\u012bga:<\/p>\n<ul>\n<li>biznesa, valsts p\u0101rvaldes un NVO vad\u012bt\u0101jiem,<\/li>\n<li>sabiedrisko attiec\u012bbu, komunik\u0101cijas un m\u0101rketinga speci\u0101listiem.<\/li>\n<\/ul>\n<p><strong>Olga Kazaka<\/strong> 15\u00a0gadu vecum\u0101 s\u0101ka str\u0101d\u0101t komunik\u0101cijas jom\u0101, 20\u00a0gadu vecum\u0101 nodibin\u0101ja komunik\u0101cijas a\u0123ent\u016bru, 30\u00a0gadu vecum\u0101 aizst\u0101v\u0113ja doktores disert\u0101ciju komunik\u0101cijas zin\u0101tn\u0113, 35 gados ir izdevusi gr\u0101matu \u201cPirm\u0101 PR gr\u0101mata\u201d. \u0160odien vi\u0146a ir komunik\u0101cijas a\u0123ent\u016bras\u00a0Olsen+Partners\u00a0l\u012bdz\u012bpa\u0161niece un vad\u012bt\u0101ja. Uzs\u0101kusi darb\u012bbu no nullpunkta, tagad a\u0123ent\u016bra ir viena no iev\u0113rojam\u0101kaj\u0101m Latvij\u0101. Olgas komandas izstr\u0101d\u0101t\u0101s un \u012bstenot\u0101s kampa\u0146as devi\u0146as reizes ir atz\u012btas par lab\u0101kaj\u0101m pasaul\u0113. Olga ar\u012b pasniedz Latvijas Universit\u0101t\u0113 kursus, kas ir saist\u012bti ar korporat\u012bvo komunik\u0101ciju un kult\u016bru. Latvijas Asoci\u0101cija sabiedrisko attiec\u012bbu profesion\u0101\u013ciem ir apbalvojusi vi\u0146u par sabiedrisko attiec\u012bbu jomas att\u012bst\u012bbu. Par izciliem sasniegumiem un ieguld\u012bjumu sabiedr\u012bbas att\u012bst\u012bb\u0101 vi\u0146a ir sa\u0146\u0113musi ar\u012b \u201eTen Outstanding Young Persons\u201d (TOYP) balvu.<\/p>\n<p><strong>Dal\u012bbas maksa<\/strong> \u2013 90 EUR.<br \/>\nJa esat \u017eurn\u0101la \"IR Nauda\" gada abonents, izmantojiet savu 20 % atlaides KUPONU, kas jums nos\u016bt\u012bts e-past\u0101.<br \/>\nPiesakieties abon\u0113t \u0161eit: <a href=\"https:\/\/ir.lv\/abonesana\">https:\/\/ir.lv\/abonesana<\/a>.<br \/>\nJa v\u0113laties pieteikt vair\u0101kus dal\u012bbniekus vai jums ir jaut\u0101jumi, l\u016bdzu, rakstiet: notikumi@ir.lv vai zvaniet: +371 29447030<\/p>\n<p><strong>IR darbn\u012bcas<\/strong>: apm\u0101c\u012bbas, darbn\u012bcas, semin\u0101ri un kursi. Visu l\u012bme\u0146u vad\u012bt\u0101ju apm\u0101c\u012bbas. Digit\u0101l\u0101s prasmes, digit\u0101lais m\u0101rketings, m\u0101ksl\u012bgais intelekts, m\u0101ksl\u012bg\u0101 intelekta r\u012bki. Person\u0101la vad\u012bba, finan\u0161u prat\u012bba, sabiedrisk\u0101s attiec\u012bbas, lieti\u0161\u0137\u0101 sarakste un citas t\u0113mas tiem, kam r\u016bp pa\u0161att\u012bst\u012bba.<br \/>\nAktu\u0101lo semin\u0101ru un darbn\u012bcu pied\u0101v\u0101jumu skatieties <a href=\"http:\/\/irdarbnicas.lv\" target=\"_blank\" rel=\"noopener\">irdarbnicas.lv<\/a> kalend\u0101r\u0101.<\/p>\n","zoom":""},"product_brand":[],"product_cat":[23,48,50],"product_tag":[],"class_list":{"0":"post-6521","1":"product","2":"type-product","3":"status-publish","4":"has-post-thumbnail","6":"product_cat-olga-kazaka","7":"product_cat-darbnicas-2","8":"product_cat-notikumi-2","10":"first","11":"outofstock","12":"taxable","13":"shipping-taxable","14":"purchasable","15":"product-type-variable"},"_links":{"self":[{"href":"https:\/\/irdarbnicas.lv\/en\/wp-json\/wp\/v2\/product\/6521","targetHints":{"allow":["GET"]}}],"collection":[{"href":"https:\/\/irdarbnicas.lv\/en\/wp-json\/wp\/v2\/product"}],"about":[{"href":"https:\/\/irdarbnicas.lv\/en\/wp-json\/wp\/v2\/types\/product"}],"wp:featuredmedia":[{"embeddable":true,"href":"https:\/\/irdarbnicas.lv\/en\/wp-json\/wp\/v2\/media\/6499"}],"wp:attachment":[{"href":"https:\/\/irdarbnicas.lv\/en\/wp-json\/wp\/v2\/media?parent=6521"}],"wp:term":[{"taxonomy":"product_brand","embeddable":true,"href":"https:\/\/irdarbnicas.lv\/en\/wp-json\/wp\/v2\/product_brand?post=6521"},{"taxonomy":"product_cat","embeddable":true,"href":"https:\/\/irdarbnicas.lv\/en\/wp-json\/wp\/v2\/product_cat?post=6521"},{"taxonomy":"product_tag","embeddable":true,"href":"https:\/\/irdarbnicas.lv\/en\/wp-json\/wp\/v2\/product_tag?post=6521"}],"curies":[{"name":"wp","href":"https:\/\/api.w.org\/{rel}","templated":true}]}}