{"id":6524,"date":"2025-01-07T17:21:37","date_gmt":"2025-01-07T15:21:37","guid":{"rendered":"https:\/\/irdarbnicas.lv\/?post_type=product&#038;p=6524"},"modified":"2025-09-29T19:41:53","modified_gmt":"2025-09-29T16:41:53","slug":"krizes-komunikacija","status":"publish","type":"product","link":"https:\/\/irdarbnicas.lv\/en\/notikums\/krizes-komunikacija\/","title":{"rendered":"Kr\u012bzes komunik\u0101cija"},"content":{"rendered":"","protected":false},"excerpt":{"rendered":"<p>K\u0101 pareizi rea\u0123\u0113t uz negat\u012bvu inform\u0101ciju par j\u016bsu organiz\u0101ciju publiskaj\u0101 telp\u0101. K\u0101 no skand\u0101la izn\u0101kt k\u0101 uzvar\u0113t\u0101jam?<\/p>\n","protected":false},"featured_media":6499,"template":"","meta":{"_jet_sm_ready_style":"","_jet_sm_style":"","_jet_sm_controls_values":"","_jet_sm_fonts_collection":"","_jet_sm_fonts_links":"","ir__nometne":"","mazajiem__jauniesiem":"","datums_":1757980800,"datums__end":0,"date_fancy":"16\/09","laiks":"10:00","laiks_lidz":"13:00","vieta":"Tie\u0161saiste","price-info":"90","subtitle":"Darbn\u012bca ar Olgu Kazaku","apraksts":"<p>Vai paman\u012bj\u0101t, ka auditorija k\u013c\u016bst arvien jut\u012bg\u0101ka?<br \/>\nK\u0101 pareizi rea\u0123\u0113t uz negat\u012bvu inform\u0101ciju par j\u016bsu organiz\u0101ciju publiskaj\u0101 telp\u0101 \u2013 s\u0101kot no kritikas pres\u0113 l\u012bdz n\u012bd\u0113jiem soci\u0101lajos t\u012bklos?<\/p>\n<p>Darbn\u012bcas laik\u0101 mekl\u0113sim atbildes uz \u0161iem un daudziem citiem jaut\u0101jumiem:<\/p>\n<ul>\n<li>K\u0101das ir galven\u0101s k\u013c\u016bdas, rea\u0123\u0113jot uz negat\u012bvu publicit\u0101ti?<\/li>\n<li>K\u0101 komunic\u0113t atcel\u0161anas kult\u016bras laikmet\u0101?<\/li>\n<li>K\u0101 pareizi atvainoties?<\/li>\n<li>Vai defektu var p\u0101rv\u0113rst par efektu? K\u0101 no skand\u0101la izn\u0101kt k\u0101 uzvar\u0113t\u0101jam?<\/li>\n<li>K\u0101da ir cilv\u0113kam pie\u0146emam\u0101 jaunas inform\u0101cijas koncentr\u0101cija?<\/li>\n<li>Kas liek mums zaud\u0113t l\u012bdzsvaru kr\u012bzes situ\u0101cij\u0101?<\/li>\n<li>Vai aizst\u0101v\u0113t skand\u0101l\u0101 non\u0101ku\u0161o sadarb\u012bbas partneri vai norobe\u017eoties?<\/li>\n<li>K\u0101 c\u012bn\u012bties ar baum\u0101m un viltus zi\u0146\u0101m?<\/li>\n<\/ul>\n<p>Dal\u012bbnieki sa\u0146ems:<\/p>\n<ul>\n<li>Praktiski izmantojamus padomus,<\/li>\n<li>Formulas un noteikumus,<\/li>\n<li>Re\u0101lus piem\u0113rus, kas atvieglos kr\u012bzes komunik\u0101ciju un pal\u012bdz\u0113s rast pareiz\u0101s strat\u0113\u0123ijas.<\/li>\n<\/ul>\n<p>Rezult\u0101t\u0101 jums b\u016bs pilns r\u012bku un padomu komplekts, ko var\u0113sit izmantot saskarsm\u0113 vis\u0101s kr\u012bzes situ\u0101cij\u0101s.<br \/>\nDarbn\u012bca b\u016bs \u012bpa\u0161i noder\u012bga:<\/p>\n<ul>\n<li>Biznesa, valsts p\u0101rvaldes un NVO vad\u012bt\u0101jiem,<\/li>\n<li>Sabiedrisko attiec\u012bbu, komunik\u0101cijas un m\u0101rketinga speci\u0101listiem.<\/li>\n<\/ul>\n<p>Komunik\u0101cijas zin\u0101t\u0146u doktore<strong> Olga Kazaka<\/strong>\u00a0ir sabiedrisko attiec\u012bbu a\u0123ent\u016bras\u00a0\u201cOlsen+Partners\u201d\u00a0partnere un l\u012bdzdibin\u0101t\u0101ja, k\u0101 ar\u012b\u00a0\u201cPirm\u0101s PR gr\u0101matas\u201d\u00a0autore. Vi\u0146ai ir vair\u0101k nek\u0101 25 gadu pieredze komunik\u0101cijas jom\u0101. Olgas komandas izstr\u0101d\u0101t\u0101s un \u012bstenot\u0101s kampa\u0146as vienpadsmit reizes\u00a0atz\u012btas par\u00a0lab\u0101kaj\u0101m pasaul\u0113. 13 gadus\u00a0Olga ir pasniegusi korporat\u012bv\u0101s komunik\u0101cijas un kult\u016bras kursus\u00a0Latvijas Universit\u0101t\u0113. Par noz\u012bm\u012bgu ieguld\u012bjumu sabiedrisko attiec\u012bbu jomas att\u012bst\u012bb\u0101 vi\u0146a sa\u0146\u0113musi\u00a0Latvijas Asoci\u0101cijas sabiedrisko attiec\u012bbu profesion\u0101\u013ciem\u00a0apbalvojumu. Par\u00a0izciliem sasniegumiem un devumu sabiedr\u012bbas att\u012bst\u012bb\u0101\u00a0vi\u0146ai pie\u0161\u0137irta ar\u012b\u00a0\u201cTen Outstanding Young Persons\u201d (TOYP)\u00a0balva.<\/p>\n<p><strong>Dal\u012bbas maksa<\/strong> \u2013 90 EUR.<br \/>\nJa esat \u017eurn\u0101la \"IR Nauda\" gada abonents, izmantojiet savu 20 % atlaides KUPONU, kas jums nos\u016bt\u012bts e-past\u0101.<br \/>\nPiesakieties abon\u0113t \u0161eit: <a href=\"https:\/\/ir.lv\/abonesana\">https:\/\/ir.lv\/abonesana<\/a>.<br \/>\nJa v\u0113laties pieteikt vair\u0101kus dal\u012bbniekus vai jums ir jaut\u0101jumi, l\u016bdzu, rakstiet: notikumi@ir.lv vai zvaniet: +371 29447030<\/p>\n<p><strong>IR darbn\u012bcas<\/strong>: apm\u0101c\u012bbas, darbn\u012bcas, semin\u0101ri un kursi. Visu l\u012bme\u0146u vad\u012bt\u0101ju apm\u0101c\u012bbas. Digit\u0101l\u0101s prasmes, digit\u0101lais m\u0101rketings, m\u0101ksl\u012bgais intelekts, m\u0101ksl\u012bg\u0101 intelekta r\u012bki. Person\u0101la vad\u012bba, finan\u0161u prat\u012bba, sabiedrisk\u0101s attiec\u012bbas, lieti\u0161\u0137\u0101 sarakste un citas t\u0113mas tiem, kam r\u016bp pa\u0161att\u012bst\u012bba.<br \/>\nAktu\u0101lo semin\u0101ru un darbn\u012bcu pied\u0101v\u0101jumu skatieties <a href=\"http:\/\/irdarbnicas.lv\" target=\"_blank\" rel=\"noopener\">irdarbnicas.lv<\/a> kalend\u0101r\u0101.<\/p>\n","zoom":""},"product_brand":[],"product_cat":[23,48,50],"product_tag":[],"class_list":{"0":"post-6524","1":"product","2":"type-product","3":"status-publish","4":"has-post-thumbnail","6":"product_cat-olga-kazaka","7":"product_cat-darbnicas-2","8":"product_cat-notikumi-2","10":"first","11":"outofstock","12":"taxable","13":"shipping-taxable","14":"purchasable","15":"product-type-variable"},"_links":{"self":[{"href":"https:\/\/irdarbnicas.lv\/en\/wp-json\/wp\/v2\/product\/6524","targetHints":{"allow":["GET"]}}],"collection":[{"href":"https:\/\/irdarbnicas.lv\/en\/wp-json\/wp\/v2\/product"}],"about":[{"href":"https:\/\/irdarbnicas.lv\/en\/wp-json\/wp\/v2\/types\/product"}],"wp:featuredmedia":[{"embeddable":true,"href":"https:\/\/irdarbnicas.lv\/en\/wp-json\/wp\/v2\/media\/6499"}],"wp:attachment":[{"href":"https:\/\/irdarbnicas.lv\/en\/wp-json\/wp\/v2\/media?parent=6524"}],"wp:term":[{"taxonomy":"product_brand","embeddable":true,"href":"https:\/\/irdarbnicas.lv\/en\/wp-json\/wp\/v2\/product_brand?post=6524"},{"taxonomy":"product_cat","embeddable":true,"href":"https:\/\/irdarbnicas.lv\/en\/wp-json\/wp\/v2\/product_cat?post=6524"},{"taxonomy":"product_tag","embeddable":true,"href":"https:\/\/irdarbnicas.lv\/en\/wp-json\/wp\/v2\/product_tag?post=6524"}],"curies":[{"name":"wp","href":"https:\/\/api.w.org\/{rel}","templated":true}]}}