{"id":6986,"date":"2025-07-01T15:38:22","date_gmt":"2025-07-01T12:38:22","guid":{"rendered":"https:\/\/irdarbnicas.lv\/?post_type=product&#038;p=6986"},"modified":"2026-03-25T16:11:26","modified_gmt":"2026-03-25T14:11:26","slug":"realitates-tests-projektu-vadiba","status":"publish","type":"product","link":"https:\/\/irdarbnicas.lv\/en\/notikums\/realitates-tests-projektu-vadiba\/","title":{"rendered":"Realit\u0101tes tests projektu vad\u012bb\u0101"},"content":{"rendered":"","protected":false},"excerpt":{"rendered":"<p>K\u0101 saglab\u0101t tempu projekta virz\u012bb\u0101 pat tad, ja apst\u0101k\u013ci ir t\u0101lu no ide\u0101la.<\/p>\n","protected":false},"featured_media":6992,"template":"","meta":{"_jet_sm_ready_style":"","_jet_sm_style":"","_jet_sm_controls_values":"","_jet_sm_fonts_collection":"","_jet_sm_fonts_links":"","ir__nometne":"false","mazajiem__jauniesiem":"","datums_":1759190400,"datums__end":0,"date_fancy":"30\/09","laiks":"14:00","laiks_lidz":"17:00","vieta":"Tie\u0161saiste","price-info":"50","subtitle":"Darbn\u012bca ar Ati Kaksi","apraksts":"<p style=\"font-weight: 400\">K\u0101 uztur\u0113t tempu, ja komanda, bud\u017eets un organiz\u0101cijas politika ir t\u0101lu no ide\u0101la.<\/p>\n<p><em>Agile, Lean, DevOps<\/em> un citi vad\u012bbas mode\u013ci sola strauju progresu, ta\u010du ikdien\u0101 tos bremz\u0113 mantot\u0101s sist\u0113mas, ierobe\u017eoti resursi un organizatorisk\u0101 politika. \u0160\u012b tr\u012bs stundu meistarklase pal\u012bdz\u0113s saprast, k\u0101 saglab\u0101t tempu pat tad, ja apst\u0101k\u013ci ir t\u0101lu no ide\u0101la.<\/p>\n<p><strong>Dal\u012bbnieki ieg\u016bs:<\/strong><\/p>\n<ul>\n<li><strong>strat\u0113\u0123isku skat\u012bjumu<\/strong> uz galvenajiem faktoriem, kas 2025. gad\u0101 kav\u0113 vai pa\u0101trina p\u0101rmai\u0146as da\u017e\u0101d\u0101s nozar\u0113s,<\/li>\n<li><strong>pragmatisku ietvaru<\/strong>, kas \u013cauj piel\u0101got jebkuru popul\u0101ro metodolo\u0123iju re\u0101lajiem ierobe\u017eojumiem, nezaud\u0113jot projekta m\u0113r\u0137us,<\/li>\n<li><strong>praktisku pieredzi<\/strong>, test\u0113jot idejas dro\u0161\u0101 vid\u0113 un p\u0101rv\u0113r\u0161ot t\u0101s \u012bstenojamos n\u0101kamo 30\u201390 dienu so\u013cos.<\/li>\n<\/ul>\n<p><strong>M\u0113r\u0137auditorija: p<\/strong>rojektu, komandu un procesu vad\u012bt\u0101ji, kuru uzdevums ir nodro\u0161in\u0101t rezult\u0101tus, pat ja resursi, zin\u0101\u0161anas un organiz\u0101cijas politika nav ide\u0101li saska\u0146oti.<\/p>\n<p style=\"font-weight: 400\">Darbn\u012bcu vad\u012bs <strong>Atis Kaksis\u00a0<\/strong>\u2013\u00a0<em>Accenture<\/em> Projektu portfe\u013ca vad\u012bt\u0101js, <em>Agile<\/em> kou\u010ds.<br \/>\nPasniedz\u0113jam ir vair\u0101k nek\u0101 25 gadu pieredze IT un p\u0101rmai\u0146u vad\u012bb\u0101 \u2014 no lieldatoru programm\u0113\u0161anas un biznesa anal\u012bzes l\u012bdz starptautisku projektu, komandu un portfe\u013cu vad\u012bbai r\u016bpniec\u012bbas, publiskaj\u0101, komunik\u0101ciju un mediju sektor\u0101. Vi\u0146am ir praktiska pieredze gan klasisko (<em>Waterfall<\/em>), gan <em>Agile, Lean<\/em> un citu pieeju ievie\u0161an\u0101 sare\u017e\u0123\u012bt\u0101s vid\u0113s, ko ietekm\u0113 mantotas sist\u0113mas, politiski un regulat\u012bvi ierobe\u017eojumi, k\u0101 ar\u012b resursu tr\u016bkums. \u0160\u012b pieredze \u013c\u0101vusi izstr\u0101d\u0101t hibr\u012bdrisin\u0101jumus, kuros teorija tiek piel\u0101gota realit\u0101tei. Pasniedz\u0113ju aizrauj vad\u012bbas evol\u016bcija \u2014 no senaj\u0101m civiliz\u0101cij\u0101m un viduslaiku \u0123ild\u0113m l\u012bdz industri\u0101l\u0101s revol\u016bcijas manufakt\u016br\u0101m un m\u016bsdienu digit\u0101lajam laikmetam.<\/p>\n<p><strong>Darbn\u012bca notiek sadarb\u012bb\u0101 ar<br \/>\n<\/strong><strong><img class=\"alignnone wp-image-6994\" src=\"https:\/\/irdarbnicas.lv\/wp-content\/uploads\/2025\/07\/Acc_Logo_Full_Black_RGB-300x79.jpg\" alt=\"\" width=\"99\" height=\"26\" \/><\/strong><\/p>\n<p><strong>Dal\u012bbas maksa<\/strong> \u2013 50 EUR (ar ietvertu PVN).<\/p>\n<p><strong>Ja esi \u017eurn\u0101la\u00a0<em>IR Nauda<\/em> gada abonents, piedalies bez maksas, <a href=\"https:\/\/docs.google.com\/forms\/d\/e\/1FAIpQLSciL_QhvABJug1sByIwzCe2AIapVUdyOxlm_pcrQXV_Pi5nvg\/viewform?usp=preview\" target=\"_blank\" rel=\"noopener\">piesakoties \u0161eit<\/a>.<\/strong><br \/>\nJa v\u0113lies pieteikt vair\u0101kus dal\u012bbniekus vai tev ir jaut\u0101jumi, l\u016bdzu, raksti:\u00a0<em>notikumi@ir.lv<\/em>\u00a0vai zvani: +371 29447030<\/p>\n<p><strong>IR darbn\u012bcas<\/strong>: apm\u0101c\u012bbas, darbn\u012bcas, semin\u0101ri un kursi. Visu l\u012bme\u0146u vad\u012bt\u0101ju apm\u0101c\u012bbas. Digit\u0101l\u0101s prasmes, digit\u0101lais m\u0101rketings, m\u0101ksl\u012bgais intelekts, m\u0101ksl\u012bg\u0101 intelekta r\u012bki. Person\u0101la vad\u012bba, finan\u0161u prat\u012bba, sabiedrisk\u0101s attiec\u012bbas, lieti\u0161\u0137\u0101 sarakste un citas t\u0113mas tiem, kam r\u016bp pa\u0161att\u012bst\u012bba.<br \/>\nAktu\u0101lo semin\u0101ru un darbn\u012bcu pied\u0101v\u0101jumu skaties\u00a0<a href=\"http:\/\/irdarbnicas.lv\/\" target=\"_blank\" rel=\"noopener\"><em>irdarbnicas.lv<\/em><\/a>\u00a0kalend\u0101r\u0101.<\/p>\n","zoom":""},"product_brand":[],"product_cat":[141,48,50],"product_tag":[],"class_list":{"0":"post-6986","1":"product","2":"type-product","3":"status-publish","4":"has-post-thumbnail","6":"product_cat-atis-kaksis","7":"product_cat-darbnicas-2","8":"product_cat-notikumi-2","10":"first","11":"outofstock","12":"virtual","13":"taxable","14":"purchasable","15":"product-type-simple"},"_links":{"self":[{"href":"https:\/\/irdarbnicas.lv\/en\/wp-json\/wp\/v2\/product\/6986","targetHints":{"allow":["GET"]}}],"collection":[{"href":"https:\/\/irdarbnicas.lv\/en\/wp-json\/wp\/v2\/product"}],"about":[{"href":"https:\/\/irdarbnicas.lv\/en\/wp-json\/wp\/v2\/types\/product"}],"wp:featuredmedia":[{"embeddable":true,"href":"https:\/\/irdarbnicas.lv\/en\/wp-json\/wp\/v2\/media\/6992"}],"wp:attachment":[{"href":"https:\/\/irdarbnicas.lv\/en\/wp-json\/wp\/v2\/media?parent=6986"}],"wp:term":[{"taxonomy":"product_brand","embeddable":true,"href":"https:\/\/irdarbnicas.lv\/en\/wp-json\/wp\/v2\/product_brand?post=6986"},{"taxonomy":"product_cat","embeddable":true,"href":"https:\/\/irdarbnicas.lv\/en\/wp-json\/wp\/v2\/product_cat?post=6986"},{"taxonomy":"product_tag","embeddable":true,"href":"https:\/\/irdarbnicas.lv\/en\/wp-json\/wp\/v2\/product_tag?post=6986"}],"curies":[{"name":"wp","href":"https:\/\/api.w.org\/{rel}","templated":true}]}}