{"id":7039,"date":"2025-08-05T15:59:44","date_gmt":"2025-08-05T12:59:44","guid":{"rendered":"https:\/\/irdarbnicas.lv\/?post_type=product&#038;p=7039"},"modified":"2026-01-15T12:57:34","modified_gmt":"2026-01-15T10:57:34","slug":"ka-ieviest-vienkarso-valodu-organizacija","status":"publish","type":"product","link":"https:\/\/irdarbnicas.lv\/en\/notikums\/ka-ieviest-vienkarso-valodu-organizacija\/","title":{"rendered":"K\u0101 ieviest vienk\u0101r\u0161o valodu organiz\u0101cij\u0101"},"content":{"rendered":"","protected":false},"excerpt":{"rendered":"<p>M\u016bsu abonentiem dal\u012bba bez maksas!<\/p>\n<p>&nbsp;<\/p>\n","protected":false},"featured_media":6354,"template":"","meta":{"_jet_sm_ready_style":"","_jet_sm_style":"","_jet_sm_controls_values":"","_jet_sm_fonts_collection":"","_jet_sm_fonts_links":"","ir__nometne":"","mazajiem__jauniesiem":"","datums_":1763596800,"datums__end":0,"date_fancy":"20\/11","laiks":"14:00","laiks_lidz":"17:00","vieta":"Tie\u0161saiste","price-info":"30","subtitle":"Darbn\u012bca ar Aigu Veckalni","apraksts":"<p>Vienk\u0101r\u0161\u0101s valodas ievie\u0161ana organiz\u0101cij\u0101 jeb princips \u201cvienk\u0101r\u0161\u0101 valoda vienm\u0113r un visur\u201d noz\u012bm\u0113, ka skaidru un saprotamu valodu izmanto visos komunik\u0101cijas veidos\u00a0\u2013 s\u0101kot no e-pastiem un instrukcij\u0101m l\u012bdz klientu l\u012bgumiem un inform\u0101cijai t\u012bmek\u013cvietn\u0113.<\/p>\n<p>\u0160aj\u0101 praktiskaj\u0101 darbn\u012bc\u0101:<\/p>\n<ul>\n<li>iepaz\u012bsieties ar efekt\u012bviem pa\u0146\u0113mieniem, k\u0101 ieviest vienk\u0101r\u0161\u0101s valodas principus ikdienas darb\u0101;<\/li>\n<li>diskut\u0113siet par vienk\u0101r\u0161\u0101s valodas ievie\u0161anas \u0161\u0137\u0113r\u0161\u013ciem;<\/li>\n<li>uzzin\u0101sies, k\u0101 vienk\u0101r\u0161\u0101s valodas ievie\u0161ana var uzlabot darba efektivit\u0101ti;<\/li>\n<li>g\u016bsiet praktiskus ieteikumus, k\u0101 piel\u0101got organiz\u0101cijas norises, lai veicin\u0101tu vienk\u0101r\u0161\u0101s valodas ievie\u0161anu;<\/li>\n<li>apl\u016bkosiet un analiz\u0113siet paraugprakses piem\u0113rus;<\/li>\n<li>izstr\u0101d\u0101siet r\u012bc\u012bbas pl\u0101na uzmetumu vienk\u0101r\u0161\u0101s valodas ievie\u0161anai visos l\u012bme\u0146os.<\/li>\n<\/ul>\n<h5><strong>Ja esat \u017eurn\u0101la \"Ir\" vai \"Ir Nauda\" gada abonents - \u0161aj\u0101 darbn\u012bc\u0101 varat piedal\u012bties bez maksas!<br \/>\n<a href=\"https:\/\/docs.google.com\/forms\/d\/e\/1FAIpQLSd00oD2X29ks9J9SLLqUBR3WY53nyQvUthAm10WLGO2vZ1hsw\/viewform?usp=preview\" target=\"_blank\" rel=\"noopener\">L\u016bdzu piesakieties \u0161eit<\/a>, neveicot pirkumu!<\/strong><\/h5>\n<p>Darbn\u012bcu vada iedarb\u012bgas komunik\u0101cijas lektore, valodniece un <em>Instagram<\/em> konta @<em>pieturzimes<\/em> autore <strong>Aiga Veckalne<\/strong>.<br \/>\nAiga vada semin\u0101rus un praktiskas nodarb\u012bbas par m\u016bsdienu latvie\u0161u valodu, lieti\u0161\u0137o saraksti, e-pasta eti\u0137eti latvie\u0161u un ang\u013cu valod\u0101, vienk\u0101r\u0161o un vieglo valodu, iek\u013caujo\u0161o valodu un citiem tematiem.<br \/>\nStarptautisk\u0101s vienk\u0101r\u0161\u0101s valodas asoci\u0101cijas biedre. Pal\u012bdz organiz\u0101cij\u0101m p\u0101rrakst\u012bt tekstu vienk\u0101r\u0161aj\u0101 un vieglaj\u0101 valod\u0101.<br \/>\nLatvijas PEN balvas un Valodas balvas ieguv\u0113ja.<br \/>\nAiga doc\u0113 Ventspils Augstskolas Tulko\u0161anas studiju fakult\u0101t\u0113 un R\u012bgas Stradi\u0146a universit\u0101tes Soci\u0101lo zin\u0101t\u0146u fakult\u0101t\u0113.<br \/>\nAigas tulkojum\u0101 izn\u0101ku\u0161as vair\u0101kas gr\u0101matas, piem\u0113ram, D\u017eeimsa Nestora \u201cElpa\u201d, Metj\u016b Volkera \u201cK\u0101p\u0113c m\u0113s gu\u013cam\u201d, D\u017eeja \u0160etija \u201cDom\u0101 k\u0101 m\u016bks\u201d, D\u017eonatana Haida \u201cTrauksmain\u0101 paaudze\u201d, Monikas Kompa\u0146\u012bkovas \u201cPiekt\u0101 laiva\u201d, \u201cKatar\u012bnas Kucbelas \u201cAube\u201d.<br \/>\nIzgl\u012bt\u012bba: profesion\u0101lais ma\u0123istra gr\u0101ds uz\u0146\u0113m\u0113jdarb\u012bbas vad\u012bb\u0101 (R\u012bgas Ekonomikas augstskol\u0101) un bakalaura gr\u0101ds baltu filolo\u0123ij\u0101 (Latvijas Universit\u0101t\u0113). \u0160obr\u012bd stud\u0113 doktora studiju programm\u0101 \u201cValodniec\u012bba\u201d.<br \/>\nIepriek\u0161: \u201cSkrivanek Grupa\u201d Centr\u0101l\u0101s un Austrumeiropas re\u0123iona vad\u012bt\u0101ja un Ventspils Augstskolas m\u0101c\u012bbu prorektore.<br \/>\nM\u0101c\u012bjusi latvie\u0161u valodu un Latvijas kult\u016bru un literat\u016bru Sietlas Va\u0161ingtonas Universit\u0101t\u0113 ASV.<\/p>\n<div>\n<p><strong>Dal\u012bbas maksa<\/strong> \u2013 30 EUR.<\/p>\n<h5><strong>Ja esat \u017eurn\u0101la \"Ir\" vai \"Ir Nauda\" gada abonents - \u0161aj\u0101 darbn\u012bc\u0101 varat piedal\u012bties bez maksas!<br \/>\n<a href=\"https:\/\/docs.google.com\/forms\/d\/e\/1FAIpQLSd00oD2X29ks9J9SLLqUBR3WY53nyQvUthAm10WLGO2vZ1hsw\/viewform?usp=preview\" target=\"_blank\" rel=\"noopener\">L\u016bdzu piesakieties \u0161eit<\/a>, neveicot pirkumu!<\/strong><\/h5>\n<p>Piesakieties abon\u0113t \u0161eit: <a href=\"https:\/\/ir.lv\/abonesana\" target=\"_blank\" rel=\"noopener\">https:\/\/ir.lv\/abonesana<\/a>.<br \/>\nAtlaides nesumm\u0113jas. Visas cenas nor\u0101d\u012btas ar PVN.<\/p>\n<\/div>\n<div>\n<p>Ja v\u0113laties pieteikt vair\u0101kus dal\u012bbniekus no viena uz\u0146\u0113muma vai jums rodas jaut\u0101jumi, sazinieties ar mums: <em>notikumi@ir.lv<\/em>, 29447030<\/p>\n<\/div>\n<div><\/div>\n<p><strong>IR darbn\u012bcas<\/strong>: apm\u0101c\u012bbas, darbn\u012bcas, semin\u0101ri un kursi. Visu l\u012bme\u0146u vad\u012bt\u0101ju apm\u0101c\u012bbas. Digit\u0101l\u0101s prasmes, digit\u0101lais m\u0101rketings, m\u0101ksl\u012bgais intelekts, m\u0101ksl\u012bg\u0101 intelekta r\u012bki. Person\u0101la vad\u012bba, finan\u0161u prat\u012bba, sabiedrisk\u0101s attiec\u012bbas, lieti\u0161\u0137\u0101 sarakste un citas t\u0113mas tiem, kam r\u016bp pa\u0161att\u012bst\u012bba.<br \/>\nAktu\u0101lo semin\u0101ru un darbn\u012bcu pied\u0101v\u0101jumu skatieties <a href=\"http:\/\/irdarbnicas.lv\" target=\"_blank\" rel=\"noopener\">irdarbnicas.lv<\/a> kalend\u0101r\u0101.<\/p>\n","zoom":""},"product_brand":[],"product_cat":[48,108,50],"product_tag":[],"class_list":{"0":"post-7039","1":"product","2":"type-product","3":"status-publish","4":"has-post-thumbnail","6":"product_cat-darbnicas-2","7":"product_cat-aiga-veckalne","8":"product_cat-notikumi-2","10":"first","11":"outofstock","12":"taxable","13":"shipping-taxable","14":"purchasable","15":"product-type-variable"},"_links":{"self":[{"href":"https:\/\/irdarbnicas.lv\/en\/wp-json\/wp\/v2\/product\/7039","targetHints":{"allow":["GET"]}}],"collection":[{"href":"https:\/\/irdarbnicas.lv\/en\/wp-json\/wp\/v2\/product"}],"about":[{"href":"https:\/\/irdarbnicas.lv\/en\/wp-json\/wp\/v2\/types\/product"}],"wp:featuredmedia":[{"embeddable":true,"href":"https:\/\/irdarbnicas.lv\/en\/wp-json\/wp\/v2\/media\/6354"}],"wp:attachment":[{"href":"https:\/\/irdarbnicas.lv\/en\/wp-json\/wp\/v2\/media?parent=7039"}],"wp:term":[{"taxonomy":"product_brand","embeddable":true,"href":"https:\/\/irdarbnicas.lv\/en\/wp-json\/wp\/v2\/product_brand?post=7039"},{"taxonomy":"product_cat","embeddable":true,"href":"https:\/\/irdarbnicas.lv\/en\/wp-json\/wp\/v2\/product_cat?post=7039"},{"taxonomy":"product_tag","embeddable":true,"href":"https:\/\/irdarbnicas.lv\/en\/wp-json\/wp\/v2\/product_tag?post=7039"}],"curies":[{"name":"wp","href":"https:\/\/api.w.org\/{rel}","templated":true}]}}