{"id":7054,"date":"2025-08-18T10:39:59","date_gmt":"2025-08-18T07:39:59","guid":{"rendered":"https:\/\/irdarbnicas.lv\/?post_type=product&#038;p=7054"},"modified":"2026-01-15T12:58:16","modified_gmt":"2026-01-15T10:58:16","slug":"chatgpt-nakamaja-limeni-jaunakas-iespejas-jauni-triki-un-padomi-2","status":"publish","type":"product","link":"https:\/\/irdarbnicas.lv\/en\/notikums\/chatgpt-nakamaja-limeni-jaunakas-iespejas-jauni-triki-un-padomi-2\/","title":{"rendered":"ChatGPT n\u0101kamaj\u0101 l\u012bmen\u012b: jaun\u0101k\u0101s iesp\u0113jas, jauni triki un padomi"},"content":{"rendered":"","protected":false},"excerpt":{"rendered":"<p>Praktiski par vis\u0101m jaun\u0101kaj\u0101m ChatGPT iesp\u0113j\u0101m un funkcij\u0101m.<\/p>\n","protected":false},"featured_media":5880,"template":"","meta":{"_jet_sm_ready_style":"","_jet_sm_style":"","_jet_sm_controls_values":"","_jet_sm_fonts_collection":"","_jet_sm_fonts_links":"","ir__nometne":"","mazajiem__jauniesiem":"","datums_":1764028800,"datums__end":0,"date_fancy":"25\/11","laiks":"14:00","laiks_lidz":"17:00","vieta":"Tie\u0161saiste","price-info":"150","subtitle":"Semin\u0101rs ar Art\u016bru Medni","apraksts":"<p>Ja <em>ChatGPT<\/em> tu lieto jau gadiem vai tikai nesen esi s\u0101cis, bet v\u0113lies \u0101tri pacelt savas prasmes n\u0101kamaj\u0101 l\u012bmen\u012b, nevainojami iek\u013caut <em>AI<\/em> savos ikdienas uzdevumos un k\u0101pin\u0101t savu vai uz\u0146\u0113muma produktivit\u0101ti, \u0161\u012bs apm\u0101c\u012bbas ir tev!<br \/>\nArt\u016bra Med\u0146a jaunaj\u0101 3 stundu semin\u0101r\u0101 viss fokuss b\u016bs tikai uz <em>ChatGPT<\/em> jaun\u0101ko iesp\u0113ju maksim\u0101lu izmanto\u0161anu piln\u0101 t\u0101 potenci\u0101l\u0101.<\/p>\n<p>\u0160is semin\u0101rs-meistarklase paredz\u0113ts tiem (vad\u012bt\u0101jiem, speci\u0101listiem, citiem biroju darbiniekiem vai jebkuram, kas izmanto darb\u0101 datoru vai telefonu), kam jau ir <em>ChatGPT<\/em> bezmaksas vai maksas versijas, un kas v\u0113las lab\u0101k apg\u016bt prasmes, k\u0101 \u0161o r\u012bku izmantot v\u0113l pilnv\u0113rt\u012bg\u0101k, \u0101tr\u0101k saprast visas jaun\u0101k\u0101s iesp\u0113jas un funkcijas, uzzin\u0101t da\u017e\u0101dus padzi\u013cin\u0101tus un jaunus trikus, lai ieg\u016btu lab\u0101kus rezult\u0101tus un b\u016btiski ekonom\u0113tu savu laiku.<\/p>\n<p>\u0160aj\u0101 semin\u0101r\u0101 izlaid\u012bsim ievadu par pa\u0161iem pamatiem (k\u0101 re\u0123istr\u0113ties, ko kura poga noz\u012bm\u0113, u.tml.), un uzreiz \u0137ersimies pie praktiskiem padomiem un jaun\u0101kaj\u0101m iesp\u0113j\u0101m, kuras liel\u0101k\u0101 da\u013ca akt\u012bvo ikdienas lietot\u0101ju pa\u0161i nav atkl\u0101ju\u0161i vai izm\u0113\u0123in\u0101ju\u0161i, uzreiz m\u0101c\u012bsimies, k\u0101 to praktiski pielietot sav\u0101 dz\u012bv\u0113 un darba ikdien\u0101 jau tagad, esot soli priek\u0161\u0101 m\u016bsdienu strauji main\u012bgaj\u0101 darba vid\u0113.<\/p>\n<p>\u0160aj\u0101 semin\u0101r\u0101:<\/p>\n<p>- praktiski par vis\u0101m jaun\u0101kaj\u0101m <em>ChatGPT<\/em> iesp\u0113j\u0101m (<em>GPT<\/em>-5, <em>Deep Research, Tasks, API, Agent, myGPTs<\/em> jaunumi, utt.),<\/p>\n<p>- papla\u0161in\u0101ta datu anal\u012bze (<em>ChatGPT<\/em> jaun\u0101k\u0101s datu apstr\u0101des iesp\u0113jas, <em>Excel<\/em>, PDF u.c. failu anal\u012bze, neapstr\u0101d\u0101tu datu interpret\u0101cija un vizualiz\u0101cija, datos pamatotus l\u0113mumu pie\u0146em\u0161ana),<\/p>\n<p>- ikdienas uzdevumu automatiz\u0101cija (<em>ChatGPT<\/em> iek\u013cau\u0161ana sav\u0101 ikdienas darb\u0101 vai biznesa procesos, pal\u012bgs idej\u0101m, sapulc\u0113s, intervij\u0101s, audio, video un foto izveid\u0113 vai apstr\u0101d\u0113, utt.),<\/p>\n<p>- individu\u0101li <em>AI<\/em> risin\u0101jumi organiz\u0101cij\u0101m un uz\u0146\u0113mumiem (da\u017e\u0101du nozaru specifiski <em>ChatGPT<\/em> pielietojumi, piel\u0101gots <em>ChatGPT<\/em> uz\u0146\u0113muma vajadz\u012bb\u0101m un darbs ar saviem vai organiz\u0101cijas failiem dator\u0101 vai m\u0101kon\u012b),<\/p>\n<p>- jaun\u0101k\u0101s idejas, ieteikumi un triki <em>promptu<\/em> veido\u0161an\u0101 (t\u0101di, kas nav biju\u0161i min\u0113ti iepriek\u0161\u0113j\u0101s apm\u0101c\u012bb\u0101s) gan savas ikdienas atvieglo\u0161anai, gan produktivit\u0101tei,<\/p>\n<p>Semin\u0101ra laik\u0101 katrs dal\u012bbnieks var\u0113s uzdot jaut\u0101jumus lektoram un sa\u0146emt atbildes uz interes\u0113jo\u0161iem jaut\u0101jumiem par <em>ChatGPT<\/em>, k\u0101 ar\u012b p\u0113c semin\u0101ra lektors paliks papildus 30 min\u016btes tie\u0161saist\u0113 un atbild\u0113s uz jebkuriem papildus jaut\u0101jumiem, kas auditorijai b\u016bs radu\u0161ies, vai semin\u0101ra laik\u0101 neb\u016bs pasp\u0113ts uz tiem atbild\u0113t.<\/p>\n<p>P\u0113c \u0161\u012bs 3 stundu gar\u0101 semin\u0101ra(+30 min Q&amp;A) tu lietosi <em>ChatGPT<\/em> n\u0101kamaj\u0101 l\u012bmen\u012b, zin\u0101si visas <em>ChatGPT<\/em> jaun\u0101k\u0101s iesp\u0113jas, ikdien\u0101 pielietosi jaun\u0101kos trikus un prat\u012bsi izmantot <em>ChatGPT<\/em> piln\u0101 t\u0101 potenci\u0101l\u0101, nevainojami iek\u013caut <em>AI<\/em> savos ikdienas uzdevumos.<br \/>\n\u0160is semin\u0101rs tev sniegs prasmes k\u0101pin\u0101t produktivit\u0101ti, b\u016btiski ekonom\u0113t savu laiku, pie\u0146emt datos pamatotus l\u0113mumus un b\u016bt soli priek\u0161\u0101 citiem m\u016bsdienu strauji main\u012bgaj\u0101 darba vid\u0113.<\/p>\n<p><strong>Art\u016brs Mednis<\/strong> ir jauno mediju un digit\u0101l\u0101 m\u0101rketinga speci\u0101lists ar 21 gada pieredzi komunik\u0101cijas nozar\u0113. A\u0123ent\u016bras <em>New Black<\/em> dibin\u0101t\u0101js un rado\u0161ais direktors. Art\u016brs un vi\u0146a komanda ir vair\u0101kk\u0101rt sa\u0146\u0113mu\u0161i apbalvojumus par lab\u0101kaj\u0101m un efekt\u012bv\u0101kaj\u0101m m\u0101rketinga kampa\u0146\u0101m t\u0101dos rekl\u0101mas festiv\u0101los k\u0101 <em>Password, Adwards, Golden Hammer, Baltic PR Awards<\/em>, u.c<br \/>\nKop\u0161 2022. gada Art\u016brs Mednis vada darbn\u012bcas, lekcijas un semin\u0101rus uz\u0146\u0113mumiem un organiz\u0101cij\u0101m par m\u0101ksl\u012bg\u0101 intelekta iesp\u0113j\u0101m un r\u012bkiem.<\/p>\n<p><strong>Dal\u012bbas maksa<\/strong> \u2013 150 EUR.<br \/>\nJa esi \u017eurn\u0101la \u201cIR Nauda\u201d gada abonents, izmanto savu 20 % atlaides KUPONU, kas tev nos\u016bt\u012bts e-past\u0101.<br \/>\nPiesakies abon\u0113t \u0161eit: <a href=\"https:\/\/ir.lv\/abonesana\">https:\/\/ir.lv\/abonesana<\/a>.<br \/>\nVisas cenas nor\u0101d\u012btas ar PVN.<br \/>\nJa v\u0113lies pieteikt vair\u0101kus dal\u012bbniekus vai tev ir jaut\u0101jumi, l\u016bdzu, raksti: notikumi@ir.lv vai zvani: +371 29447030<\/p>\n<p>&nbsp;<\/p>\n<p><strong>IR darbn\u012bcas<\/strong>: apm\u0101c\u012bbas, darbn\u012bcas, semin\u0101ri un kursi. Visu l\u012bme\u0146u vad\u012bt\u0101ju apm\u0101c\u012bbas. Digit\u0101l\u0101s prasmes, digit\u0101lais m\u0101rketings, m\u0101ksl\u012bgais intelekts, m\u0101ksl\u012bg\u0101 intelekta r\u012bki. Person\u0101la vad\u012bba, finan\u0161u prat\u012bba, sabiedrisk\u0101s attiec\u012bbas, lieti\u0161\u0137\u0101 sarakste un citas t\u0113mas tiem, kam r\u016bp pa\u0161att\u012bst\u012bba.<br \/>\nAktu\u0101lo semin\u0101ru un darbn\u012bcu pied\u0101v\u0101jumu skaties <a href=\"http:\/\/irdarbnicas.lv\" target=\"_blank\" rel=\"noopener\">irdarbnicas.lv<\/a> kalend\u0101r\u0101.<\/p>\n","zoom":""},"product_brand":[],"product_cat":[68,48,50],"product_tag":[],"class_list":{"0":"post-7054","1":"product","2":"type-product","3":"status-publish","4":"has-post-thumbnail","6":"product_cat-arturs-mednis","7":"product_cat-darbnicas-2","8":"product_cat-notikumi-2","10":"first","11":"outofstock","12":"virtual","13":"taxable","14":"purchasable","15":"product-type-simple"},"_links":{"self":[{"href":"https:\/\/irdarbnicas.lv\/en\/wp-json\/wp\/v2\/product\/7054","targetHints":{"allow":["GET"]}}],"collection":[{"href":"https:\/\/irdarbnicas.lv\/en\/wp-json\/wp\/v2\/product"}],"about":[{"href":"https:\/\/irdarbnicas.lv\/en\/wp-json\/wp\/v2\/types\/product"}],"wp:featuredmedia":[{"embeddable":true,"href":"https:\/\/irdarbnicas.lv\/en\/wp-json\/wp\/v2\/media\/5880"}],"wp:attachment":[{"href":"https:\/\/irdarbnicas.lv\/en\/wp-json\/wp\/v2\/media?parent=7054"}],"wp:term":[{"taxonomy":"product_brand","embeddable":true,"href":"https:\/\/irdarbnicas.lv\/en\/wp-json\/wp\/v2\/product_brand?post=7054"},{"taxonomy":"product_cat","embeddable":true,"href":"https:\/\/irdarbnicas.lv\/en\/wp-json\/wp\/v2\/product_cat?post=7054"},{"taxonomy":"product_tag","embeddable":true,"href":"https:\/\/irdarbnicas.lv\/en\/wp-json\/wp\/v2\/product_tag?post=7054"}],"curies":[{"name":"wp","href":"https:\/\/api.w.org\/{rel}","templated":true}]}}