{"id":7057,"date":"2025-08-18T12:10:19","date_gmt":"2025-08-18T09:10:19","guid":{"rendered":"https:\/\/irdarbnicas.lv\/?post_type=product&#038;p=7057"},"modified":"2026-03-03T15:14:01","modified_gmt":"2026-03-03T13:14:01","slug":"komandas-veidosana-savas-komandas-izvertejums-un-riki-stiprinasanai","status":"publish","type":"product","link":"https:\/\/irdarbnicas.lv\/en\/notikums\/komandas-veidosana-savas-komandas-izvertejums-un-riki-stiprinasanai\/","title":{"rendered":"Komandas veido\u0161ana &#8211; savas komandas izv\u0113rt\u0113jums un r\u012bki stiprin\u0101\u0161anai"},"content":{"rendered":"","protected":false},"excerpt":{"rendered":"<p>Kas paties\u012bb\u0101 at\u0161\u0137ir grupu no komandas un k\u0101 to veidot.<\/p>\n","protected":false},"featured_media":6442,"template":"","meta":{"_jet_sm_ready_style":"","_jet_sm_style":"","_jet_sm_controls_values":"","_jet_sm_fonts_collection":"","_jet_sm_fonts_links":"","ir__nometne":"","mazajiem__jauniesiem":"","datums_":1773878400,"datums__end":0,"date_fancy":"19\/03","laiks":"09:00","laiks_lidz":"12:00","vieta":"Tie\u0161saiste","price-info":"90","subtitle":"Darbn\u012bca ar Katr\u012bnu O\u0161leju","apraksts":"<p>Daudz\u0101s organiz\u0101cij\u0101s cilv\u0113ki str\u0101d\u0101 kop\u0101, bet ne vienm\u0113r k\u0101 \u012bsta komanda \u2013 tr\u016bkst uztic\u0113\u0161an\u0101s, atkl\u0101t\u012bbas un vienota fokusa. Rezult\u0101t\u0101 rodas p\u0101rpratumi, konflikti, probl\u0113mas netiek izrun\u0101tas un paz\u016bd motiv\u0101cija.<br \/>\n\u0160\u012bs m\u0101c\u012bbas pal\u012bdz\u0113s saprast, kas paties\u012bb\u0101 at\u0161\u0137ir grupu no komandas, k\u0101p\u0113c psiholo\u0123isk\u0101 dro\u0161\u012bba ir iz\u0161\u0137iro\u0161s faktors un k\u0101 identific\u0113t un p\u0101rvar\u0113t bie\u017e\u0101k sastopam\u0101s komandu disfunkcijas.<br \/>\nDal\u012bbnieki izv\u0113rt\u0113s savas komandas un ieg\u016bs praktiskus r\u012bkus, k\u0101 uzlabot sadarb\u012bbu, paaugstin\u0101t uztic\u0113\u0161anos un pan\u0101kt rezult\u0101tus, kas iesp\u0113jami tikai \u012bstai komandai.<br \/>\n- Kas grupu padara par komandu?<br \/>\n- Psiholo\u0123isk\u0101 dro\u0161\u012bba. K\u0101p\u0113c tas ir svar\u012bgi?<br \/>\n- Komandas 5 disfunkcijas.<br \/>\n- Manas komandas izv\u0113rt\u0113jums. Kas mums j\u0101uzlabo?<br \/>\n- K\u0101 uzlabot: r\u012bki komandas stiprin\u0101\u0161anai<\/p>\n<p><strong>Katr\u012bna O\u0161leja<\/strong> ir uz\u0146\u0113m\u0113ja ar 20 gadu pieredzi, vad\u012bbas kou\u010ds, supervizors, l\u012bder\u012bbas trenere un ar\u012b psihoterapijas speci\u0101liste. Vi\u0146a str\u0101d\u0101 ar daudziem Latvijas liel\u0101kajiem uz\u0146\u0113mumiem - gan individu\u0101li ar vad\u012bt\u0101jiem, gan komand\u0101m, gan uz\u0146\u0113m\u0113ju grup\u0101m.<br \/>\nKatr\u012bna ir ieguvusi Starptautisk\u0101s kou\u010du feder\u0101cijas profesion\u0101l\u0101s akredit\u0101cijas PCC (Professional Certified Coach) l\u012bmeni un sasniegusi vair\u0101k k\u0101 4800 kou\u010dinga prakses stundu pieredzi.<br \/>\nKatr\u012bna ir ieguvusi Ma\u0123istra gr\u0101du organiz\u0101ciju psiholo\u0123ij\u0101 un Ma\u0123istra gr\u0101du filozofij\u0101 \u2013 abus Latvijas Universit\u0101t\u0113. Katr\u012bnas uzman\u012bbas lok\u0101 ir l\u012bder\u012bbas un person\u012bbas att\u012bst\u012bbas jaut\u0101jumi organiz\u0101ciju kontekst\u0101.<\/p>\n<div class=\"post-events-content\">\n<p><strong>Dal\u012bbas maksa<\/strong>\u00a0 90 EUR.<br \/>\nPiesakoties vair\u0101k\u0101m lektores darbn\u012bc\u0101m, sa\u0146emsiet apjoma atlaidi.<br \/>\nJa esat \u017eurn\u0101la \"IR Nauda\" gada abonents, izmantojiet savu 20 % atlaides KUPONU, kas jums nos\u016bt\u012bts e-past\u0101.<br \/>\nPiesakieties abon\u0113t \u0161eit: <a href=\"https:\/\/ir.lv\/abonesana\" target=\"_blank\" rel=\"noopener\">https:\/\/ir.lv\/abonesana<\/a>.<br \/>\nAtlaides nesumm\u0113jas. Visas cenas nor\u0101d\u012btas ar PVN.<br \/>\nJa v\u0113laties pieteikt vair\u0101kus dal\u012bbniekus vai jums ir jaut\u0101jumi, l\u016bdzu, rakstiet: notikumi@ir.lv vai zvaniet: +371 29447030<\/p>\n<\/div>\n<div class=\"row collapse\">\n<div class=\"medium-8 columns medium-offset-2\">\n<div><strong>IR darbn\u012bcas<\/strong>: apm\u0101c\u012bbas, darbn\u012bcas, semin\u0101ri un kursi. Visu l\u012bme\u0146u vad\u012bt\u0101ju apm\u0101c\u012bbas. Digit\u0101l\u0101s prasmes, digit\u0101lais m\u0101rketings, m\u0101ksl\u012bgais intelekts, m\u0101ksl\u012bg\u0101 intelekta r\u012bki. Person\u0101la vad\u012bba, finan\u0161u prat\u012bba, sabiedrisk\u0101s attiec\u012bbas, lieti\u0161\u0137\u0101 sarakste un citas t\u0113mas tiem, kam r\u016bp pa\u0161att\u012bst\u012bba.<br \/>\nAktu\u0101lo semin\u0101ru un darbn\u012bcu pied\u0101v\u0101jumu skatieties <a href=\"http:\/\/irdarbnicas.lv\" target=\"_blank\" rel=\"noopener\">irdarbnicas.lv<\/a> kalend\u0101r\u0101.<\/div>\n<\/div>\n<\/div>\n","zoom":""},"product_brand":[],"product_cat":[143,48,50,49],"product_tag":[],"class_list":{"0":"post-7057","1":"product","2":"type-product","3":"status-publish","4":"has-post-thumbnail","6":"product_cat-mart-26","7":"product_cat-darbnicas-2","8":"product_cat-notikumi-2","9":"product_cat-katrina-osleja-2","11":"first","12":"instock","13":"taxable","14":"shipping-taxable","15":"purchasable","16":"product-type-simple"},"_links":{"self":[{"href":"https:\/\/irdarbnicas.lv\/en\/wp-json\/wp\/v2\/product\/7057","targetHints":{"allow":["GET"]}}],"collection":[{"href":"https:\/\/irdarbnicas.lv\/en\/wp-json\/wp\/v2\/product"}],"about":[{"href":"https:\/\/irdarbnicas.lv\/en\/wp-json\/wp\/v2\/types\/product"}],"wp:featuredmedia":[{"embeddable":true,"href":"https:\/\/irdarbnicas.lv\/en\/wp-json\/wp\/v2\/media\/6442"}],"wp:attachment":[{"href":"https:\/\/irdarbnicas.lv\/en\/wp-json\/wp\/v2\/media?parent=7057"}],"wp:term":[{"taxonomy":"product_brand","embeddable":true,"href":"https:\/\/irdarbnicas.lv\/en\/wp-json\/wp\/v2\/product_brand?post=7057"},{"taxonomy":"product_cat","embeddable":true,"href":"https:\/\/irdarbnicas.lv\/en\/wp-json\/wp\/v2\/product_cat?post=7057"},{"taxonomy":"product_tag","embeddable":true,"href":"https:\/\/irdarbnicas.lv\/en\/wp-json\/wp\/v2\/product_tag?post=7057"}],"curies":[{"name":"wp","href":"https:\/\/api.w.org\/{rel}","templated":true}]}}