{"id":7359,"date":"2025-11-14T11:24:59","date_gmt":"2025-11-14T09:24:59","guid":{"rendered":"https:\/\/irdarbnicas.lv\/?post_type=product&#038;p=7359"},"modified":"2026-02-26T09:08:24","modified_gmt":"2026-02-26T07:08:24","slug":"organizaciju-komunikacija-2026-gada-fakti-tendences-risinajumi","status":"publish","type":"product","link":"https:\/\/irdarbnicas.lv\/en\/notikums\/organizaciju-komunikacija-2026-gada-fakti-tendences-risinajumi\/","title":{"rendered":"Organiz\u0101ciju komunik\u0101cija 2026.gad\u0101: fakti, tendences, risin\u0101jumi"},"content":{"rendered":"","protected":false},"excerpt":{"rendered":"<p>Komunik\u0101cijas vide strauji transform\u0113jas. K\u0101 piel\u0101got savu komunik\u0101cijas strat\u0113\u0123iju jaunajiem sp\u0113les noteikumiem.<\/p>\n","protected":false},"featured_media":6499,"template":"","meta":{"_jet_sm_ready_style":"","_jet_sm_style":"","_jet_sm_controls_values":"","_jet_sm_fonts_collection":"","_jet_sm_fonts_links":"","ir__nometne":"","mazajiem__jauniesiem":"","datums_":1772064000,"datums__end":0,"date_fancy":"26\/02","laiks":"10:00","laiks_lidz":"13:00","vieta":"Tie\u0161saiste","price-info":"95","subtitle":"Darbn\u012bca ar Olgu Kazaku","apraksts":"<p>Komunik\u0101cijas vide strauji transform\u0113jas: tehnolo\u0123ijas att\u012bst\u0101s, sabiedr\u012bbas noska\u0146ojums main\u0101s, uztic\u012bba kr\u012btas.<br \/>\n2026. gad\u0101 uzvar\u0113s tie, kas savlaic\u012bgi piel\u0101gos savu komunik\u0101cijas strat\u0113\u0123iju jaunajiem sp\u0113les noteikumiem.<br \/>\nPriv\u0101t\u0101 sektora uz\u0146\u0113mumu un valsts p\u0101rvaldes organiz\u0101ciju komunik\u0101cij\u0101 pieaug nepiecie\u0161am\u012bba p\u0113c skaidr\u012bbas, autentiskuma un atbild\u012bbas. Auditorijas k\u013c\u016bst pras\u012bg\u0101kas, algoritmi \u2013 neparedzam\u0101ki, bet robe\u017ea starp iek\u0161\u0113jo un \u0101r\u0113jo komunik\u0101ciju arvien vair\u0101k izpl\u016bst.<br \/>\nT\u0101p\u0113c ir b\u016btiski mekl\u0113t jaunus veidus, k\u0101 piesaist\u012bt uzman\u012bbu, saglab\u0101t uztic\u012bbu un iedvesmot auditorijas r\u012bc\u012bbai.<br \/>\nDarbn\u012bc\u0101 kop\u0101 ar Olgu Kazaku iepaz\u012bsiet galven\u0101s tendences, kas veidos 2026. gada komunik\u0101ciju, un sa\u0146emsiet praktiskus risin\u0101jumus, k\u0101 t\u0101s izmantot savas organiz\u0101cijas ikdienas darb\u0101.<\/p>\n<p>\u0160\u012b darbn\u012bca b\u016bs noder\u012bga:<br \/>\n- korporat\u012bv\u0101s komunik\u0101cijas un m\u0101rketinga speci\u0101listiem;<br \/>\n- sabiedrisko attiec\u012bbu un satura veido\u0161anas profesion\u0101\u013ciem;<br \/>\n- valsts p\u0101rvaldes un NVO p\u0101rst\u0101vjiem;<br \/>\n- vad\u012bt\u0101jiem un uz\u0146\u0113mumu \u012bpa\u0161niekiem.<\/p>\n<p>Darbn\u012bcu vad\u012bs <strong>Olga Kazaka, <\/strong>komunik\u0101cijas zin\u0101t\u0146u doktore, sabiedrisko attiec\u012bbu a\u0123ent\u016bras \u201cOlsen+Partners\u201d partnere un l\u012bdzdibin\u0101t\u0101ja, k\u0101 ar\u012b \u201cPirm\u0101s PR gr\u0101matas\u201d autore.<br \/>\nVi\u0146ai ir vair\u0101k nek\u0101 25 gadu pieredze komunik\u0101cijas jom\u0101. Olgas komandas izstr\u0101d\u0101t\u0101s un \u012bstenot\u0101s kampa\u0146as valsts p\u0101rvaldes sektor\u0101 divpadsmit reizes atz\u012btas par lab\u0101kaj\u0101m pasaul\u0113.<br \/>\n13 gadus Olga ir pasniegusi korporat\u012bv\u0101s komunik\u0101cijas un kult\u016bras kursus Latvijas Universit\u0101t\u0113. Par noz\u012bm\u012bgu ieguld\u012bjumu sabiedrisko attiec\u012bbu jomas att\u012bst\u012bb\u0101 vi\u0146a sa\u0146\u0113musi Latvijas Asoci\u0101cijas sabiedrisko attiec\u012bbu profesion\u0101\u013ciem apbalvojumu. Par izciliem sasniegumiem un devumu sabiedr\u012bbas att\u012bst\u012bb\u0101 vi\u0146ai pie\u0161\u0137irta ar\u012b \u201cTen Outstanding Young Persons\u201d (TOYP) balva.<\/p>\n<p><strong>Dal\u012bbas maksa<\/strong> \u2013 95 EUR.<br \/>\nJa esat \u017eurn\u0101la \u201cIR Nauda\u201d gada abonents, izmantojiet savu 20 % atlaides KUPONU, kas jums nos\u016bt\u012bts e-past\u0101.<br \/>\nPiesakieties abon\u0113t \u0161eit:\u00a0<a href=\"https:\/\/ir.lv\/abonesana\">https:\/\/ir.lv\/abonesana<\/a>.<br \/>\nJa v\u0113laties pieteikt vair\u0101kus dal\u012bbniekus vai jums ir jaut\u0101jumi, l\u016bdzu, rakstiet: notikumi@ir.lv vai zvaniet: +371 29447030<\/p>\n<p><strong>IR darbn\u012bcas<\/strong>: apm\u0101c\u012bbas, darbn\u012bcas, semin\u0101ri un kursi. Visu l\u012bme\u0146u vad\u012bt\u0101ju apm\u0101c\u012bbas. Digit\u0101l\u0101s prasmes, digit\u0101lais m\u0101rketings, m\u0101ksl\u012bgais intelekts, m\u0101ksl\u012bg\u0101 intelekta r\u012bki. Person\u0101la vad\u012bba, finan\u0161u prat\u012bba, sabiedrisk\u0101s attiec\u012bbas, lieti\u0161\u0137\u0101 sarakste un citas t\u0113mas tiem, kam r\u016bp pa\u0161att\u012bst\u012bba.<br \/>\nAktu\u0101lo semin\u0101ru un darbn\u012bcu pied\u0101v\u0101jumu skatieties\u00a0<a href=\"http:\/\/irdarbnicas.lv\/\" target=\"_blank\" rel=\"noopener\">irdarbnicas.lv<\/a>\u00a0kalend\u0101r\u0101.<\/p>\n","zoom":""},"product_brand":[],"product_cat":[23,48,50],"product_tag":[],"class_list":{"0":"post-7359","1":"product","2":"type-product","3":"status-publish","4":"has-post-thumbnail","6":"product_cat-olga-kazaka","7":"product_cat-darbnicas-2","8":"product_cat-notikumi-2","10":"first","11":"instock","12":"taxable","13":"shipping-taxable","14":"purchasable","15":"product-type-variable"},"_links":{"self":[{"href":"https:\/\/irdarbnicas.lv\/en\/wp-json\/wp\/v2\/product\/7359","targetHints":{"allow":["GET"]}}],"collection":[{"href":"https:\/\/irdarbnicas.lv\/en\/wp-json\/wp\/v2\/product"}],"about":[{"href":"https:\/\/irdarbnicas.lv\/en\/wp-json\/wp\/v2\/types\/product"}],"wp:featuredmedia":[{"embeddable":true,"href":"https:\/\/irdarbnicas.lv\/en\/wp-json\/wp\/v2\/media\/6499"}],"wp:attachment":[{"href":"https:\/\/irdarbnicas.lv\/en\/wp-json\/wp\/v2\/media?parent=7359"}],"wp:term":[{"taxonomy":"product_brand","embeddable":true,"href":"https:\/\/irdarbnicas.lv\/en\/wp-json\/wp\/v2\/product_brand?post=7359"},{"taxonomy":"product_cat","embeddable":true,"href":"https:\/\/irdarbnicas.lv\/en\/wp-json\/wp\/v2\/product_cat?post=7359"},{"taxonomy":"product_tag","embeddable":true,"href":"https:\/\/irdarbnicas.lv\/en\/wp-json\/wp\/v2\/product_tag?post=7359"}],"curies":[{"name":"wp","href":"https:\/\/api.w.org\/{rel}","templated":true}]}}