{"id":7364,"date":"2025-11-14T11:39:35","date_gmt":"2025-11-14T09:39:35","guid":{"rendered":"https:\/\/irdarbnicas.lv\/?post_type=product&#038;p=7364"},"modified":"2026-03-16T15:32:48","modified_gmt":"2026-03-16T13:32:48","slug":"ideju-generesanas-tehnikas-2","status":"publish","type":"product","link":"https:\/\/irdarbnicas.lv\/en\/notikums\/ideju-generesanas-tehnikas-2\/","title":{"rendered":"Ideju \u0123ener\u0113\u0161anas tehnikas"},"content":{"rendered":"","protected":false},"excerpt":{"rendered":"<p>Sp\u0113ja \u0123ener\u0113t jaunas idejas m\u016bsdien\u0101s padara cilv\u0113ku krietni konkur\u0113tsp\u0113j\u012bg\u0101ku gandr\u012bz jebkur\u0101 nozar\u0113. Metodes, k\u0101 rad\u012bt labas idejas \u201cp\u0113c piepras\u012bjuma\u201d.<\/p>\n","protected":false},"featured_media":6499,"template":"","meta":{"_jet_sm_ready_style":"","_jet_sm_style":"","_jet_sm_controls_values":"","_jet_sm_fonts_collection":"","_jet_sm_fonts_links":"","ir__nometne":"false","mazajiem__jauniesiem":"","datums_":1776729600,"datums__end":0,"date_fancy":"21\/04","laiks":"10:00","laiks_lidz":"13:00","vieta":"Tie\u0161saiste","price-info":"95","subtitle":"Darbn\u012bca ar Olgu Kazaku","apraksts":"<p>Rado\u0161ums ir viens no jauno laiku atsl\u0113gas v\u0101rdiem. Sp\u0113ja \u0123ener\u0113t jaunas idejas m\u016bsdien\u0101s padara cilv\u0113ku krietni konkur\u0113tsp\u0113j\u012bg\u0101ku gandr\u012bz jebkur\u0101 nozar\u0113.<br \/>\nBet k\u0101 dzimst idejas? Un ko dar\u012bt tad, ja t\u0101s sp\u012bt\u012bgi nerodas?<\/p>\n<p>Darbn\u012bc\u0101 apl\u016bkosim vair\u0101kas metodes, kuras izmanto gan komunik\u0101cijas a\u0123ent\u016br\u0101s, gan cit\u0101s jom\u0101s un kuras var noder\u0113t katram.<\/p>\n<p>Darbn\u012bcas laik\u0101\u00a0 iem\u0101c\u012bsieties pareizi novad\u012bt pr\u0101ta v\u0113tru, integr\u0113t sav\u0101 ikdien\u0101 pr\u0101tojuma sh\u0113mas, viegli izmantot analo\u0123iju un \u0161ablonu metodes, atkl\u0101siet piecas receptes revol\u016bcijai un krit\u0113rijus, kas pal\u012bdz\u0113s saprast, vai j\u016bsu ideja ir laba.<\/p>\n<p>Run\u0101sim ar\u012b par to, k\u0101 pamodin\u0101t m\u016bzu, att\u012bst\u012bt intu\u012bciju un ko var iem\u0101c\u012bties no zin\u0101tnisk\u0101s fantastikas.<\/p>\n<p>Pats galvenais: p\u0113c \u0161\u012bs darbn\u012bcas J\u016bs sp\u0113siet viegli rad\u012bt labas idejas \u201cp\u0113c piepras\u012bjuma\u201d.<\/p>\n<p>\u0160\u012b darbn\u012bca b\u016bs noder\u012bga:<\/p>\n<ul>\n<li>Rado\u0161o profesiju p\u0101rst\u0101vjiem<\/li>\n<li>Valsts p\u0101rvaldes un NVO p\u0101rst\u0101vjiem<\/li>\n<li>Uz\u0146\u0113m\u0113jiem<\/li>\n<li>Vad\u012bt\u0101jiem<\/li>\n<\/ul>\n<p>Darbn\u012bcu vad\u012bs <strong>Olga Kazaka, <\/strong>komunik\u0101cijas zin\u0101t\u0146u doktore, sabiedrisko attiec\u012bbu a\u0123ent\u016bras \u201cOlsen+Partners\u201d partnere un l\u012bdzdibin\u0101t\u0101ja, k\u0101 ar\u012b \u201cPirm\u0101s PR gr\u0101matas\u201d autore.<br \/>\nVi\u0146ai ir vair\u0101k nek\u0101 25 gadu pieredze komunik\u0101cijas jom\u0101. Olgas komandas izstr\u0101d\u0101t\u0101s un \u012bstenot\u0101s kampa\u0146as valsts p\u0101rvaldes sektor\u0101 divpadsmit reizes atz\u012btas par lab\u0101kaj\u0101m pasaul\u0113.<br \/>\n13 gadus Olga ir pasniegusi korporat\u012bv\u0101s komunik\u0101cijas un kult\u016bras kursus Latvijas Universit\u0101t\u0113. Par noz\u012bm\u012bgu ieguld\u012bjumu sabiedrisko attiec\u012bbu jomas att\u012bst\u012bb\u0101 vi\u0146a sa\u0146\u0113musi Latvijas Asoci\u0101cijas sabiedrisko attiec\u012bbu profesion\u0101\u013ciem apbalvojumu. Par izciliem sasniegumiem un devumu sabiedr\u012bbas att\u012bst\u012bb\u0101 vi\u0146ai pie\u0161\u0137irta ar\u012b \u201cTen Outstanding Young Persons\u201d (TOYP) balva.<\/p>\n<p><strong>Dal\u012bbas maksa<\/strong> \u2013 95 EUR.<br \/>\nJa esat \u017eurn\u0101la \u201cIR Nauda\u201d gada abonents, izmantojiet savu 20 % atlaides KUPONU, kas jums nos\u016bt\u012bts e-past\u0101.<br \/>\nPiesakieties abon\u0113t \u0161eit:\u00a0<a href=\"https:\/\/ir.lv\/abonesana\">https:\/\/ir.lv\/abonesana<\/a>.<br \/>\nJa v\u0113laties pieteikt vair\u0101kus dal\u012bbniekus vai jums ir jaut\u0101jumi, l\u016bdzu, rakstiet: notikumi@ir.lv vai zvaniet: +371 29447030<\/p>\n<p><strong>IR darbn\u012bcas<\/strong>: apm\u0101c\u012bbas, darbn\u012bcas, semin\u0101ri un kursi. Visu l\u012bme\u0146u vad\u012bt\u0101ju apm\u0101c\u012bbas. Digit\u0101l\u0101s prasmes, digit\u0101lais m\u0101rketings, m\u0101ksl\u012bgais intelekts, m\u0101ksl\u012bg\u0101 intelekta r\u012bki. Person\u0101la vad\u012bba, finan\u0161u prat\u012bba, sabiedrisk\u0101s attiec\u012bbas, lieti\u0161\u0137\u0101 sarakste un citas t\u0113mas tiem, kam r\u016bp pa\u0161att\u012bst\u012bba.<br \/>\nAktu\u0101lo semin\u0101ru un darbn\u012bcu pied\u0101v\u0101jumu skatieties\u00a0<a href=\"http:\/\/irdarbnicas.lv\/\" target=\"_blank\" rel=\"noopener\">irdarbnicas.lv<\/a>\u00a0kalend\u0101r\u0101.<\/p>\n","zoom":""},"product_brand":[],"product_cat":[23,149,48,50],"product_tag":[],"class_list":{"0":"post-7364","1":"product","2":"type-product","3":"status-publish","4":"has-post-thumbnail","6":"product_cat-olga-kazaka","7":"product_cat-apr-26","8":"product_cat-darbnicas-2","9":"product_cat-notikumi-2","11":"first","12":"instock","13":"taxable","14":"shipping-taxable","15":"purchasable","16":"product-type-simple"},"_links":{"self":[{"href":"https:\/\/irdarbnicas.lv\/en\/wp-json\/wp\/v2\/product\/7364","targetHints":{"allow":["GET"]}}],"collection":[{"href":"https:\/\/irdarbnicas.lv\/en\/wp-json\/wp\/v2\/product"}],"about":[{"href":"https:\/\/irdarbnicas.lv\/en\/wp-json\/wp\/v2\/types\/product"}],"wp:featuredmedia":[{"embeddable":true,"href":"https:\/\/irdarbnicas.lv\/en\/wp-json\/wp\/v2\/media\/6499"}],"wp:attachment":[{"href":"https:\/\/irdarbnicas.lv\/en\/wp-json\/wp\/v2\/media?parent=7364"}],"wp:term":[{"taxonomy":"product_brand","embeddable":true,"href":"https:\/\/irdarbnicas.lv\/en\/wp-json\/wp\/v2\/product_brand?post=7364"},{"taxonomy":"product_cat","embeddable":true,"href":"https:\/\/irdarbnicas.lv\/en\/wp-json\/wp\/v2\/product_cat?post=7364"},{"taxonomy":"product_tag","embeddable":true,"href":"https:\/\/irdarbnicas.lv\/en\/wp-json\/wp\/v2\/product_tag?post=7364"}],"curies":[{"name":"wp","href":"https:\/\/api.w.org\/{rel}","templated":true}]}}