{"id":7384,"date":"2025-03-12T10:32:07","date_gmt":"2025-03-12T08:32:07","guid":{"rendered":"https:\/\/irdarbnicas.lv\/?post_type=product&#038;p=7384"},"modified":"2026-03-05T11:56:16","modified_gmt":"2026-03-05T09:56:16","slug":"storytelling-speks-3","status":"publish","type":"product","link":"https:\/\/irdarbnicas.lv\/en\/notikums\/storytelling-speks-3\/","title":{"rendered":"Storytelling sp\u0113ks"},"content":{"rendered":"","protected":false},"excerpt":{"rendered":"<p>St\u0101sts ir vien\u012bgais veids, k\u0101 b\u016bt sadzird\u0113tam. K\u0101 ar st\u0101stu iedz\u012bvin\u0101t z\u012bmola strat\u0113\u0123iju un padar\u012bt v\u0113st\u012bjumu tik unik\u0101lu, ka to vienk\u0101r\u0161i nav iesp\u0113jams ignor\u0113t.<\/p>\n","protected":false},"featured_media":7600,"template":"","meta":{"_jet_sm_ready_style":"","_jet_sm_style":"","_jet_sm_controls_values":"","_jet_sm_fonts_collection":"","_jet_sm_fonts_links":"","ir__nometne":"","mazajiem__jauniesiem":"","datums_":1773273600,"datums__end":0,"date_fancy":"12\/03","laiks":"15:00","laiks_lidz":"18:00","vieta":"Kalnciema kvart\u0101ls","price-info":"75","subtitle":"Darbn\u012bca ar Aldi Ozoli\u0146u","apraksts":"<p>M\u016bsdienu komunik\u0101cija ir p\u0101rpild\u012bta. Katrs z\u012bmols, katrs influencers un pat tavs frizieris ir k\u013cuvis par mediju.<br \/>\nT\u0101p\u0113c, ja nesaki kaut ko patiesi j\u0113gpilnu, jebkas cits p\u0101rv\u0113r\u0161as par troksni.<br \/>\nSt\u0101sts ir vien\u012bgais veids, k\u0101 no t\u0101 izvair\u012bties.<br \/>\nNevis ska\u013c\u0101k, bet cilv\u0113c\u012bg\u0101k. Nevis gudr\u0101k, bet skaidr\u0101k. St\u0101sts pie\u0161\u0137ir dv\u0113seli datiem, strukt\u016bru idej\u0101m un lo\u0123iku r\u012bc\u012bbai.<br \/>\nTas ir iemesls, k\u0101d\u0113\u013c cilv\u0113ki klaus\u0101s un atceras.<br \/>\n\u0160aj\u0101 darbn\u012bc\u0101 iem\u0101c\u012bsimies, k\u0101 z\u012bmola strat\u0113\u0123iju p\u0101rv\u0113rst st\u0101st\u0101, kas aizrauj\u2014 k\u0101 izveidot v\u0113st\u012bjumu, ko saprot 5 sekund\u0113s, un rad\u012bt idejas, kuras nav iesp\u0113jams ignor\u0113t.<br \/>\nRun\u0101sim par metod\u0113m, taktik\u0101m un r\u012bkiem, ko vari izmantot jebkur: z\u012bmola komunik\u0101cij\u0101, pi\u010dos, prezent\u0101cij\u0101s vai komandas uzrun\u0101s.<br \/>\nTev b\u016bs j\u0101str\u0101d\u0101. B\u016bs j\u0101dom\u0101. Un, j\u0101 \u2014 b\u016bs j\u0101st\u0101sta. Tas ir vien\u012bgais ce\u013c\u0161, lai rad\u012btu j\u0113gpilnu komunik\u0101ciju.<\/p>\n<p>Darbn\u012bcu vad\u012bs\u00a0<strong>Aldis Ozoli\u0146\u0161<\/strong>,\u00a0<em>Guilty Ogilvy Head of Creative<\/em>, iepriek\u0161 rado\u0161ais direktors \u00a0un rekl\u0101mu re\u017eisors, kura darbi guvu\u0161i lok\u0101l\u0101s, Baltijas un starptautisk\u0101s godalgas. Ar 20 gadu pieredzi Aldis ir paz\u012bstams ar sp\u0113ju apvienot strat\u0113\u0123iju un st\u0101stu, radot komunik\u0101ciju, kas uzrun\u0101 cilv\u0113kus un sniedz labus rezult\u0101tus.<\/p>\n<p><strong>Dal\u012bbas maksa:\u00a0<\/strong>75 EUR (ar iek\u013cautu PVN).<br \/>\nJa esi\u00a0 \u017eurn\u0101la \u201cIR Nauda\u201d gada abonents, izmanto savu 20 % atlaides KUPONU, kas tev nos\u016bt\u012bts e-past\u0101.<br \/>\nPiesakies abon\u0113t \u0161eit: <a href=\"https:\/\/ir.lv\/abonesana\">https:\/\/ir.lv\/abonesana<\/a>.<br \/>\nJa v\u0113lies pieteikt vair\u0101kus dal\u012bbniekus vai tev ir jaut\u0101jumi, l\u016bdzu, raksti: <em>notikumi@ir.lv<\/em> vai zvani: +371 29447030<\/p>\n<p>&nbsp;<\/p>\n<p><strong>IR darbn\u012bcas<\/strong>: apm\u0101c\u012bbas, darbn\u012bcas, semin\u0101ri un kursi. Visu l\u012bme\u0146u vad\u012bt\u0101ju apm\u0101c\u012bbas. Digit\u0101l\u0101s prasmes, digit\u0101lais m\u0101rketings, m\u0101ksl\u012bgais intelekts, m\u0101ksl\u012bg\u0101 intelekta r\u012bki. Person\u0101la vad\u012bba, finan\u0161u prat\u012bba, sabiedrisk\u0101s attiec\u012bbas, lieti\u0161\u0137\u0101 sarakste un citas t\u0113mas tiem, kam r\u016bp pa\u0161att\u012bst\u012bba.<br \/>\nAktu\u0101lo semin\u0101ru un darbn\u012bcu pied\u0101v\u0101jumu skatieties\u00a0<a href=\"http:\/\/irdarbnicas.lv\/\" target=\"_blank\" rel=\"noopener\">irdarbnicas.lv<\/a>\u00a0kalend\u0101r\u0101.<\/p>\n<p>&nbsp;<\/p>\n","zoom":""},"product_brand":[],"product_cat":[135,143,48,50],"product_tag":[],"class_list":{"0":"post-7384","1":"product","2":"type-product","3":"status-publish","4":"has-post-thumbnail","6":"product_cat-aldis-ozolins","7":"product_cat-mart-26","8":"product_cat-darbnicas-2","9":"product_cat-notikumi-2","11":"first","12":"instock","13":"taxable","14":"shipping-taxable","15":"purchasable","16":"product-type-simple"},"_links":{"self":[{"href":"https:\/\/irdarbnicas.lv\/en\/wp-json\/wp\/v2\/product\/7384","targetHints":{"allow":["GET"]}}],"collection":[{"href":"https:\/\/irdarbnicas.lv\/en\/wp-json\/wp\/v2\/product"}],"about":[{"href":"https:\/\/irdarbnicas.lv\/en\/wp-json\/wp\/v2\/types\/product"}],"wp:featuredmedia":[{"embeddable":true,"href":"https:\/\/irdarbnicas.lv\/en\/wp-json\/wp\/v2\/media\/7600"}],"wp:attachment":[{"href":"https:\/\/irdarbnicas.lv\/en\/wp-json\/wp\/v2\/media?parent=7384"}],"wp:term":[{"taxonomy":"product_brand","embeddable":true,"href":"https:\/\/irdarbnicas.lv\/en\/wp-json\/wp\/v2\/product_brand?post=7384"},{"taxonomy":"product_cat","embeddable":true,"href":"https:\/\/irdarbnicas.lv\/en\/wp-json\/wp\/v2\/product_cat?post=7384"},{"taxonomy":"product_tag","embeddable":true,"href":"https:\/\/irdarbnicas.lv\/en\/wp-json\/wp\/v2\/product_tag?post=7384"}],"curies":[{"name":"wp","href":"https:\/\/api.w.org\/{rel}","templated":true}]}}