{"id":7433,"date":"2025-12-05T11:57:04","date_gmt":"2025-12-05T09:57:04","guid":{"rendered":"https:\/\/irdarbnicas.lv\/?post_type=product&#038;p=7433"},"modified":"2026-03-25T11:55:44","modified_gmt":"2026-03-25T09:55:44","slug":"vaditaja-loma-darbinieka-karjeras-parmainu-cela","status":"publish","type":"product","link":"https:\/\/irdarbnicas.lv\/en\/notikums\/vaditaja-loma-darbinieka-karjeras-parmainu-cela\/","title":{"rendered":"Vad\u012bt\u0101ja loma darbinieka karjeras p\u0101rmai\u0146u ce\u013c\u0101"},"content":{"rendered":"","protected":false},"excerpt":{"rendered":"<p>Praktiski r\u012bki vad\u012bt\u0101jiem, kuri vada cilv\u0113kus caur nenoteikt\u012bbu, lomas mai\u0146\u0101m un profesion\u0101laj\u0101m transform\u0101cij\u0101m.<\/p>\n","protected":false},"featured_media":7431,"template":"","meta":{"_jet_sm_ready_style":"","_jet_sm_style":"","_jet_sm_controls_values":"","_jet_sm_fonts_collection":"","_jet_sm_fonts_links":"","ir__nometne":"false","mazajiem__jauniesiem":"","datums_":1776124800,"datums__end":0,"date_fancy":"14\/04","laiks":"09:00","laiks_lidz":"12:00","vieta":"Tie\u0161saiste","price-info":"95","subtitle":"Darbn\u012bca ar Gintu J\u0101ni","apraksts":"<p><strong>Darbn\u012bcas m\u0113r\u0137is<\/strong><\/p>\n<p>Dot vad\u012bt\u0101jiem skaidru un praktisku strukt\u016bru, k\u0101 atpaz\u012bt, saprast un profesion\u0101li atbalst\u012bt darbiniekus karjeras p\u0101rejas posmos \u2013 br\u012b\u017eos, kad cilv\u0113ks piedz\u012bvo lomas mai\u0146u, profesion\u0101lu virziena mekl\u0113\u0161anu, izdeg\u0161anu, reorganiz\u0101cijas sekas, atgrie\u0161anos no p\u0101rtraukuma vai identit\u0101tes transform\u0101ciju.<\/p>\n<p>Darbn\u012bcas laik\u0101 mekl\u0113sim atbildes uz jaut\u0101jumiem:<\/p>\n<p>\u2714 K\u0101 atpaz\u012bt, ka darbinieks ir karjeras p\u0101rejas posm\u0101?<br \/>\nK\u0101di ir uzved\u012bbas, emocion\u0101lie un darba sign\u0101li, kuri nor\u0101da uz sl\u0113ptu p\u0101reju?<\/p>\n<p>\u2714 K\u0101da ir at\u0161\u0137ir\u012bba starp \u0101r\u0113ju p\u0101rmai\u0146u un iek\u0161\u0113ju p\u0101reju?<br \/>\nUn k\u0101p\u0113c tie\u0161i p\u0101reja ietekm\u0113 sniegumu, motiv\u0101ciju un l\u0113mumus?<\/p>\n<p>\u2714 Kas notiek darbiniekam katr\u0101 p\u0101rejas posm\u0101?<br \/>\nBeigas \u2022 Neitr\u0101l\u0101 zona \u2022 Jaunais s\u0101kums \u2014 un k\u0101 vad\u012bt\u0101ja pieeja ietekm\u0113 katru no tiem.<\/p>\n<p>\u2714 Ko vad\u012bt\u0101js var dar\u012bt (un nedar\u012bt), lai atbalst\u012btu cilv\u0113ku?<br \/>\nKonkr\u0113ti r\u012bki, jaut\u0101jumi, atbalsta formas un k\u013c\u016bdas, uz kur\u0101m \u201cuzk\u0101pj\u201d liel\u0101k\u0101 da\u013ca vad\u012bt\u0101ju.<\/p>\n<p>\u2714 K\u0101 struktur\u0113t 1:1 sarunu ar darbinieku, kur\u0161 ir neskaidr\u012bb\u0101 vai p\u0101rej\u0101?<br \/>\nGatavs sarunas \u0161ablons un jaut\u0101jumi, ko izmantot jau n\u0101kamaj\u0101 dien\u0101.<\/p>\n<p>\u2714 K\u0101 saglab\u0101t produktivit\u0101ti un cilv\u0113ku labsaj\u016btu p\u0101rej\u0101s?<br \/>\nPraktiski risin\u0101jumi, kas stabiliz\u0113 gan cilv\u0113ku, gan komandas ritmu.<\/p>\n<p><strong>Vad\u012bt\u0101ja ieguvumi<\/strong><\/p>\n<ol>\n<li>Skaidra sist\u0113ma darbinieku p\u0101reju vad\u012b\u0161anai<br \/>\nVad\u012bt\u0101js uzzina, kas \u012bsti notiek cilv\u0113k\u0101, kad tas maina lomu, virzienu vai piedz\u012bvo apjukumu \u2014<br \/>\nun k\u0101 vi\u0146u atbalst\u012bt profesion\u0101li un cilv\u0113c\u012bgi.<\/li>\n<li>Praktiski r\u012bki un gatavi sarunas scen\u0101riji<br \/>\nNo darbn\u012bcas vad\u012bt\u0101js aiziet ar:<br \/>\n\u00b7 1:1 sarunas strukt\u016bru,<br \/>\n\u00b7 jaut\u0101jumiem p\u0101rejas atbalstam,<br \/>\n\u00b7 uzved\u012bbas sign\u0101lu sarakstu,<br \/>\n\u00b7 \u201cko dar\u012bt \/ ko nedar\u012bt\u201d rokasgr\u0101matu.<\/li>\n<\/ol>\n<ol start=\"3\">\n<li>Sp\u0113ja \u0101tri stabiliz\u0113t darbinieku neskaidr\u012bb\u0101<br \/>\nVad\u012bt\u0101js ieg\u016bst prasmi pal\u012bdz\u0113t cilv\u0113kam atg\u016bt fokusu un dro\u0161\u012bbu bez spiediena vai \u201c\u0101tru risin\u0101jumu\u201d uzspie\u0161anas.<\/li>\n<li>Samazin\u0101ts aizie\u0161anas risks<br \/>\nP\u0101rejas ir periods, kad cilv\u0113ki pie\u0146em impuls\u012bvus l\u0113mumus. Vad\u012bt\u0101js iem\u0101c\u0101s tos savlaic\u012bgi atpaz\u012bt un profesion\u0101li notur\u0113t talantus.<\/li>\n<li>Uztic\u012bbas un emocion\u0101l\u0101s dro\u0161\u012bbas stiprin\u0101\u0161ana<br \/>\nVad\u012bt\u0101ji iem\u0101c\u0101s run\u0101t par gr\u016bt\u0101m t\u0113m\u0101m ar p\u0101rliec\u012bbu un emp\u0101tiju, neveidojot p\u0101rm\u0113r\u012bgu tuv\u012bbu vai ne\u0113rt\u012bbu.<\/li>\n<li>Liel\u0101ka vad\u012bt\u0101ja person\u012bg\u0101 p\u0101rliec\u012bba<br \/>\nProt vad\u012bt komplic\u0113tas sarunas, kas saist\u012btas ar emocij\u0101m, neskaidr\u012bbu, motiv\u0101ciju un karjeras virzienu.<\/li>\n<\/ol>\n<p><strong>Darbn\u012bcas rezult\u0101ts<br \/>\n<\/strong>Darbn\u012bcas rezult\u0101t\u0101 vad\u012bt\u0101ji ieg\u016bst konkr\u0113tu r\u012bc\u012bbas sist\u0113mu un psiholo\u0123iski dro\u0161u pieeju.<\/p>\n<p><strong>Ginta J\u0101ne<\/strong> ir person\u0101la vad\u012bbas un m\u0101c\u012bbu &amp; att\u012bst\u012bbas (L&amp;D) vad\u012bt\u0101ja ar gandr\u012bz 20 gadu pieredzi finan\u0161u un IT nozar\u0113s. Vi\u0146a specializ\u0113jas karjeras p\u0101rej\u0101s, vad\u012bt\u0101ju att\u012bst\u012bb\u0101 un talantu izaugsmes strat\u0113\u0123ij\u0101s, \u012bpa\u0161i fokus\u0113joties uz n\u0101kotnes darba tirgu, kompeten\u010du transform\u0101ciju un sadarb\u012bbu starp cilv\u0113ku un m\u0101ksl\u012bgo intelektu.<br \/>\nGintai ir dzi\u013ca izpratne un praktiska vad\u012bt\u0101jas pieredze par to, k\u0101 vad\u012bt\u0101ji ietekm\u0113 darbinieku karjeras att\u012bst\u012bbu, adapt\u0101cijas periodus un motiv\u0101ciju. Vi\u0146as pieredze aptver m\u0113r\u0137tiec\u012bgu m\u0101c\u012bbu kult\u016bras veido\u0161anu, l\u012bder\u012bbas programmu veido\u0161anu, un komandu att\u012bst\u012bbu organiz\u0101cij\u0101.<\/p>\n<p><strong>Dal\u012bbas maksa:\u00a0<\/strong>95 EUR (ar iek\u013cautu PVN).<br \/>\nJa esat\u00a0 \u017eurn\u0101la \u201cIR Nauda\u201d gada abonents, izmantojiet savu 20 % atlaides KUPONU, kas nos\u016bt\u012bts e-past\u0101, ko nor\u0101d\u012bj\u0101t abon\u0113jot.<br \/>\nPiesakieties abon\u0113t \u0161eit: <a href=\"https:\/\/ir.lv\/abonesana\">https:\/\/ir.lv\/abonesana<\/a>.<br \/>\nJa v\u0113laties pieteikt vair\u0101kus dal\u012bbniekus vai jums ir jaut\u0101jumi, l\u016bdzu, rakstiet: <em>notikumi@ir.lv<\/em> vai zvaniet: +371 29447030<\/p>\n<p><strong>IR darbn\u012bcas<\/strong>: apm\u0101c\u012bbas, darbn\u012bcas, semin\u0101ri un kursi. Visu l\u012bme\u0146u vad\u012bt\u0101ju apm\u0101c\u012bbas. Digit\u0101l\u0101s prasmes, digit\u0101lais m\u0101rketings, m\u0101ksl\u012bgais intelekts, m\u0101ksl\u012bg\u0101 intelekta r\u012bki. Person\u0101la vad\u012bba, finan\u0161u prat\u012bba, sabiedrisk\u0101s attiec\u012bbas, lieti\u0161\u0137\u0101 sarakste un citas t\u0113mas tiem, kam r\u016bp pa\u0161att\u012bst\u012bba.<br \/>\nAktu\u0101lo semin\u0101ru un darbn\u012bcu pied\u0101v\u0101jumu skatieties\u00a0<a href=\"http:\/\/irdarbnicas.lv\/\" target=\"_blank\" rel=\"noopener\">irdarbnicas.lv<\/a>\u00a0kalend\u0101r\u0101.<\/p>\n","zoom":""},"product_brand":[],"product_cat":[149,150,48,50],"product_tag":[],"class_list":{"0":"post-7433","1":"product","2":"type-product","3":"status-publish","4":"has-post-thumbnail","6":"product_cat-apr-26","7":"product_cat-ginta-jane","8":"product_cat-darbnicas-2","9":"product_cat-notikumi-2","11":"first","12":"instock","13":"taxable","14":"shipping-taxable","15":"purchasable","16":"product-type-simple"},"_links":{"self":[{"href":"https:\/\/irdarbnicas.lv\/en\/wp-json\/wp\/v2\/product\/7433","targetHints":{"allow":["GET"]}}],"collection":[{"href":"https:\/\/irdarbnicas.lv\/en\/wp-json\/wp\/v2\/product"}],"about":[{"href":"https:\/\/irdarbnicas.lv\/en\/wp-json\/wp\/v2\/types\/product"}],"wp:featuredmedia":[{"embeddable":true,"href":"https:\/\/irdarbnicas.lv\/en\/wp-json\/wp\/v2\/media\/7431"}],"wp:attachment":[{"href":"https:\/\/irdarbnicas.lv\/en\/wp-json\/wp\/v2\/media?parent=7433"}],"wp:term":[{"taxonomy":"product_brand","embeddable":true,"href":"https:\/\/irdarbnicas.lv\/en\/wp-json\/wp\/v2\/product_brand?post=7433"},{"taxonomy":"product_cat","embeddable":true,"href":"https:\/\/irdarbnicas.lv\/en\/wp-json\/wp\/v2\/product_cat?post=7433"},{"taxonomy":"product_tag","embeddable":true,"href":"https:\/\/irdarbnicas.lv\/en\/wp-json\/wp\/v2\/product_tag?post=7433"}],"curies":[{"name":"wp","href":"https:\/\/api.w.org\/{rel}","templated":true}]}}