{"id":7463,"date":"2025-12-18T16:36:12","date_gmt":"2025-12-18T14:36:12","guid":{"rendered":"https:\/\/irdarbnicas.lv\/?post_type=product&#038;p=7463"},"modified":"2026-01-05T12:27:48","modified_gmt":"2026-01-05T10:27:48","slug":"ai-satura-radisana-latviesu-valoda","status":"publish","type":"product","link":"https:\/\/irdarbnicas.lv\/en\/notikums\/ai-satura-radisana-latviesu-valoda\/","title":{"rendered":"AI satura rad\u012b\u0161ana latvie\u0161u valod\u0101"},"content":{"rendered":"","protected":false},"excerpt":{"rendered":"<p>Praktiski pa\u0146\u0113mieni un r\u012bki, ar kuriem iesp\u0113jams rad\u012bt augstas kvalit\u0101tes rekl\u0101mas materi\u0101lus latvie\u0161u valod\u0101.<\/p>\n","protected":false},"featured_media":7496,"template":"","meta":{"_jet_sm_ready_style":"","_jet_sm_style":"","_jet_sm_controls_values":"","_jet_sm_fonts_collection":"","_jet_sm_fonts_links":"","ir__nometne":"","mazajiem__jauniesiem":"","datums_":1771459200,"datums__end":0,"date_fancy":"19\/02","laiks":"14:00","laiks_lidz":"17:00","vieta":"Tie\u0161saiste","price-info":"120","subtitle":"Semin\u0101rs ar L\u012bvu Bleideli un Art\u016bru Vanagu","apraksts":"<p>Semin\u0101r\u0101 apskat\u012bsim praktiskus pa\u0146\u0113mienus un r\u012bkus, ar kuriem iesp\u0113jams rad\u012bt augstas kvalit\u0101tes rekl\u0101mas materi\u0101lus latvie\u0161u valod\u0101 \u2014 s\u0101kot no tekstiem, vizu\u0101lajiem baneriem un anim\u0101cij\u0101m l\u012bdz video rekl\u0101m\u0101m un profesion\u0101liem <em>voiceoveriem<\/em>.<br \/>\nUzsvars b\u016bs uz latviski veidota <em>AI<\/em> satura dabiskumu, kvalit\u0101ti un prec\u012bzu piel\u0101go\u0161anu lok\u0101lai auditorijai.<\/p>\n<p>Run\u0101sim par to, k\u0101:<\/p>\n<ul>\n<li>b\u016btiski sa\u012bsin\u0101t materi\u0101lu izstr\u0101des laiku, izmantojot <em>AI<\/em>,<\/li>\n<li>veidot dabiskus, z\u012bmola tonim atbilsto\u0161us tekstus latvie\u0161u valod\u0101,<\/li>\n<li>\u0123ener\u0113t vizu\u0101los risin\u0101jumus, kas rezon\u0113 ar Latvijas auditoriju,<\/li>\n<li>latviski rad\u012bt kvalitat\u012bvus video, anim\u0101cijas un voiceoverus,<\/li>\n<li>ar \u201c<em>finetuning<\/em>\u201d un pareiziem <em>promptiem<\/em> pan\u0101kt z\u012bmola tonim prec\u012bzi atbilsto\u0161u saturu.<\/li>\n<li>izmantot da\u017e\u0101dus praktiskus \u201c<em>tips &amp; tricks<\/em>\u201d, kas pal\u012bdz b\u016btiski atvieglot un pa\u0101trin\u0101t satura rad\u012b\u0161anas procesu ar <em>AI<\/em> r\u012bkiem.<\/li>\n<\/ul>\n<p>Visi piem\u0113ri un ieteikumi balst\u012bti uz r\u012bkiem un metod\u0113m, ko m\u016bsu komanda izmanto ikdien\u0101, radot saturu da\u017e\u0101diem projektiem.<br \/>\nSemin\u0101r\u0101 iek\u013causim ar\u012b re\u0101lus <em>case studies<\/em>, kuros <em>AI<\/em> rad\u012btie materi\u0101li izmantoti rekl\u0101mas kampa\u0146\u0101s \u2014 kas darboj\u0101s vislab\u0101k, kas ne, un k\u0101p\u0113c.<\/p>\n<p>\u0160is semin\u0101rs b\u016bs \u012bpa\u0161i v\u0113rt\u012bgs m\u0101rketinga speci\u0101listiem, dizaineriem, uz\u0146\u0113m\u0113jiem un satura veidot\u0101jiem, kuri v\u0113las \u0101tri un kvalitat\u012bvi rad\u012bt rekl\u0101mas materi\u0101lus latvie\u0161u valod\u0101, izmantojot praks\u0113 p\u0101rbaud\u012btus <em>AI<\/em> r\u012bkus.<\/p>\n<p>Semin\u0101ru vad\u012bs:<br \/>\n<strong>L\u012bva Bleidele<\/strong>, pieredz\u0113jusi digit\u0101l\u0101 strat\u0113\u0123e ar vair\u0101k nek\u0101 10 gadu pieredzi. L\u012bva ir pal\u012bdz\u0113jusi viet\u0113jiem un glob\u0101liem z\u012bmoliem veidot veiksm\u012bgas digit\u0101l\u0101s kampa\u0146as. Pa\u0161laik vi\u0146a darbojas k\u0101 neatkar\u012bga e-komercijas strat\u0113\u0123e, kas sadarboj\u0101s ar da\u017e\u0101diem z\u012bmoliem un rekl\u0101mas a\u0123ent\u016br\u0101m Latvij\u0101, k\u0101 ar\u012b str\u0101d\u0101 pie inovat\u012bvu e-komercijas strat\u0113\u0123iju izstr\u0101des. T\u0101pat L\u012bva ir ar\u012b pasniedz\u0113ja Latvijas Universit\u0101t\u0113 un <em>start-up<\/em> mentore.<br \/>\n<strong>Art\u016brs Vanags<\/strong> ir pieredz\u0113jis video re\u017eisors un operators ar vair\u0101k nek\u0101 8 gadu pieredzi rekl\u0101mas industrij\u0101. Nomin\u0113ts div\u0101m <em>RIGA IFF (Riga International Film Festival<\/em>) balv\u0101m. Kop\u0161 2022. gada akt\u012bvi izmanto praktiskus <em>AI<\/em> r\u012bkus video izstr\u0101d\u0113 \u2014 s\u0101kot no pl\u0101no\u0161anas un koncepta att\u012bst\u012bbas l\u012bdz pat video realiz\u0101cijai. Regul\u0101ri seko jaun\u0101kaj\u0101m nozares tendenc\u0113m un tehnolo\u0123iju\u00a0att\u012bst\u012bbai.<\/p>\n<p><strong>Dal\u012bbas maksa<\/strong> \u2013 120 EUR (ar ietvertu PVN).<br \/>\nJa esi \u017eurn\u0101la \u201cIR Nauda\u201d gada abonents, izmanto savu 20 % atlaides KUPONU, kas tev nos\u016bt\u012bts e-past\u0101.<br \/>\nJa v\u0113lies pieteikt vair\u0101kus dal\u012bbniekus vai tev ir jaut\u0101jumi, l\u016bdzu, raksti: <em>notikumi@ir.lv<\/em> vai zvani: +371 29447030<\/p>\n<p>&nbsp;<\/p>\n<p><strong>IR darbn\u012bcas<\/strong>: apm\u0101c\u012bbas, darbn\u012bcas, semin\u0101ri un kursi. Visu l\u012bme\u0146u vad\u012bt\u0101ju apm\u0101c\u012bbas. Digit\u0101l\u0101s prasmes, digit\u0101lais m\u0101rketings, m\u0101ksl\u012bgais intelekts, m\u0101ksl\u012bg\u0101 intelekta r\u012bki. Person\u0101la vad\u012bba, finan\u0161u prat\u012bba, sabiedrisk\u0101s attiec\u012bbas, lieti\u0161\u0137\u0101 sarakste un citas t\u0113mas tiem, kam r\u016bp pa\u0161att\u012bst\u012bba.<br \/>\nAktu\u0101lo semin\u0101ru un darbn\u012bcu pied\u0101v\u0101jumu skaties <a href=\"http:\/\/irdarbnicas.lv\" target=\"_blank\" rel=\"noopener\">irdarbnicas.lv<\/a> kalend\u0101r\u0101.<\/p>\n","zoom":""},"product_brand":[],"product_cat":[128,143,152,48,50],"product_tag":[],"class_list":{"0":"post-7463","1":"product","2":"type-product","3":"status-publish","4":"has-post-thumbnail","6":"product_cat-liva-bleidele","7":"product_cat-mart-26","8":"product_cat-arturs-vanags","9":"product_cat-darbnicas-2","10":"product_cat-notikumi-2","12":"first","13":"instock","14":"taxable","15":"shipping-taxable","16":"purchasable","17":"product-type-variable"},"_links":{"self":[{"href":"https:\/\/irdarbnicas.lv\/en\/wp-json\/wp\/v2\/product\/7463","targetHints":{"allow":["GET"]}}],"collection":[{"href":"https:\/\/irdarbnicas.lv\/en\/wp-json\/wp\/v2\/product"}],"about":[{"href":"https:\/\/irdarbnicas.lv\/en\/wp-json\/wp\/v2\/types\/product"}],"wp:featuredmedia":[{"embeddable":true,"href":"https:\/\/irdarbnicas.lv\/en\/wp-json\/wp\/v2\/media\/7496"}],"wp:attachment":[{"href":"https:\/\/irdarbnicas.lv\/en\/wp-json\/wp\/v2\/media?parent=7463"}],"wp:term":[{"taxonomy":"product_brand","embeddable":true,"href":"https:\/\/irdarbnicas.lv\/en\/wp-json\/wp\/v2\/product_brand?post=7463"},{"taxonomy":"product_cat","embeddable":true,"href":"https:\/\/irdarbnicas.lv\/en\/wp-json\/wp\/v2\/product_cat?post=7463"},{"taxonomy":"product_tag","embeddable":true,"href":"https:\/\/irdarbnicas.lv\/en\/wp-json\/wp\/v2\/product_tag?post=7463"}],"curies":[{"name":"wp","href":"https:\/\/api.w.org\/{rel}","templated":true}]}}