{"id":7522,"date":"2026-01-14T10:48:14","date_gmt":"2026-01-14T08:48:14","guid":{"rendered":"https:\/\/irdarbnicas.lv\/?post_type=product&#038;p=7522"},"modified":"2026-01-14T12:06:06","modified_gmt":"2026-01-14T10:06:06","slug":"hr-maksliga-intelekta-asistents","status":"publish","type":"product","link":"https:\/\/irdarbnicas.lv\/en\/notikums\/hr-maksliga-intelekta-asistents\/","title":{"rendered":"HR m\u0101ksl\u012bg\u0101 intelekta asistents"},"content":{"rendered":"","protected":false},"excerpt":{"rendered":"<p>Jaud\u012bga MI pal\u012bga izveide ikdienas aktivit\u0101\u0161u veik\u0161anai un efektivit\u0101tes cel\u0161anai.<\/p>\n","protected":false},"featured_media":7523,"template":"","meta":{"_jet_sm_ready_style":"","_jet_sm_style":"","_jet_sm_controls_values":"","_jet_sm_fonts_collection":"","_jet_sm_fonts_links":"","ir__nometne":"","mazajiem__jauniesiem":"","datums_":1775692800,"datums__end":0,"date_fancy":"09\/04","laiks":"19:00","laiks_lidz":"21:00","vieta":"Tie\u0161saiste","price-info":"99","subtitle":"Semin\u0101rs ar Edgaru Unt\u0101lu","apraksts":"<ul>\n<li>Saskarsmes psiholo\u0123ija.<\/li>\n<li><em>DISC<\/em> metode.<\/li>\n<li>Cilv\u0113ku tipu klasifik\u0101cija.<\/li>\n<li>Potenci\u0101la noteik\u0161ana un kompeten\u010du audits.<\/li>\n<li>Kompeten\u010du att\u012bst\u012b\u0161ana.<\/li>\n<li>Atlases jaut\u0101jumu klasifik\u0101cija.<\/li>\n<li>Atlases procesa automatiz\u0101cija.<\/li>\n<li>Efekt\u012bva atgriezenisk\u0101 saikne.<\/li>\n<li>360 gr\u0101du modelis.<\/li>\n<li>Darbinieku uz\u0146em\u0161ana, iesaiste un motiv\u0101cija.<\/li>\n<li>Kou\u010dinga pamatprincipi.<\/li>\n<li>P\u0101rrunu tehnikas.<\/li>\n<li>Konfliktu nov\u0113r\u0161ana un vad\u012bba.<\/li>\n<\/ul>\n<p>\u0160is ir saraksts ar konkr\u0113t\u0101m aktivit\u0101t\u0113m un uzdevumiem, kurus tavs m\u0101ksl\u012bg\u0101 intelekta (MI) asistents 100% pal\u012bdz\u0113s realiz\u0113t, ta\u010du tu vari to main\u012bt un papildin\u0101t sarakstu ar visu, kas tev svar\u012bgs.<\/p>\n<p>Tas b\u016bs apguvis konkr\u0113tas person\u0101la vad\u012bbas prasmes un m\u0101c\u012bjies no pasaules gudr\u0101kaj\u0101m gr\u0101mat\u0101m. Tas zin\u0101s visu par tava uz\u0146\u0113muma specifiku, m\u0113r\u0137iem un aktu\u0101lakajiem izaicin\u0101jumiem. Ja izlemsi, tas noklaus\u012bsies tavas sarunas ar kandid\u0101tiem vai darbiniekiem un nov\u0113rt\u0113s to sniegumu vai atbilst\u012bbu p\u0113c iepriek\u0161 defin\u0113tiem krit\u0113rijiem.<\/p>\n<p><strong>Semin\u0101ra pl\u0101ns<\/strong>:<br \/>\nM\u0113s san\u0101ksim kop\u0101 katrs sav\u0101 datora pus\u0113. Darbs notiks tie\u0161saist\u0113 <em>Zoom<\/em> un <em>ChatGPT<\/em> plaform\u0101s.<br \/>\nPirms t\u0101 nepiecie\u0161ams <strong>aktiviz\u0113t <em>ChatGPT<\/em> maksas kontu<\/strong> (23 eiro m\u0113nes\u012b) un izpild\u012bt m\u0101jas darbu - <strong>atbild\u0113t uz 15 m\u0113r\u0137tiec\u012bgiem jaut\u0101jumiem, ko sa\u0146emsi e-past\u0101<\/strong> (kas pras\u012bs, apm\u0113ram, 10 min\u016btes).<br \/>\nTas nepiecie\u0161ams, lai MI zin\u0101tu b\u016btisk\u0101kos faktus par tavu person\u012bbu, ikdienas aktivit\u0101t\u0113m un biznesa specifiku. Lai turpm\u0101kais darba process b\u016btu pak\u0101rtots tikai un vien\u012bgi tavu m\u0113r\u0137u sasnieg\u0161anai.<br \/>\nP\u0113c tam sa\u0146emsi jau gatavas instrukcijas, piek\u013cuvi papildu resursiem un noska\u0146osies darbam.<br \/>\nM\u0113s str\u0101d\u0101sim praktiski - lektors par\u0101d\u012bs un izskaidros, tu atk\u0101rtosi un saliksi visu kop\u0101 - sec\u012bgi un saprotami.<\/p>\n<p><strong>Ieguvumi<\/strong>:<br \/>\nBez \u0161aub\u0101m, p\u0101rliec\u012bba par n\u0101kotni ir tavs v\u0113rt\u012bg\u0101kais ieguvums. Tas br\u012bdis, kad saproti, ka ej laikam l\u012bdzi. Un atzi\u0146a, ka tagad visi pasaules v\u0113rt\u012bg\u0101kie resursi ir ar\u012b tav\u0101 r\u012bc\u012bb\u0101.<br \/>\nUn protams, fantastiski jaud\u012bgs MI pal\u012bgs ikdienas aktivit\u0101\u0161u veik\u0161anai vien\u0101 vai 3 jom\u0101s - p\u0113c tavas izv\u0113les.<br \/>\nGatavas komandas jeb prompti konkr\u0113tiem m\u0113r\u0137iem un uzdevumiem.<br \/>\n30 pasaules v\u0113rt\u012bg\u0101k\u0101s gr\u0101matas PDF form\u0101t\u0101 par person\u0101la atlasi, p\u0101rdo\u0161anu un l\u012bder\u012bbu, ja pievienojies visiem 3 semin\u0101riem.<\/p>\n<p><strong>Par lektoru<\/strong>:<br \/>\nEdgars Unt\u0101ls ir sertific\u0113ts Biznesa treneris, vair\u0101ku gr\u0101matu autors. Vad\u012bjis p\u0101rdo\u0161anas komandu \u0160veices farm\u0101cijas uz\u0146\u0113mum\u0101. Veicis vair\u0101k nek\u0101 15 000 dar\u012bjumu viz\u012b\u0161u. Nu jau 15 gadus vada savu uz\u0146\u0113mumu,\u00a0 pal\u012bdzot citiem uz\u0146\u0113mumiem ieviest efekt\u012bvus biznesa procesus un darbiniekiem apg\u016bt pan\u0101kumu kompetences. Str\u0101d\u0101jis gan ar pasaules l\u012bme\u0146a z\u012bmoliem - <em>Toyota, Mercedes, Samsung, Ikea<\/em> un <em>Coca - Cola<\/em>, gan ar\u012b ar maziem un perspekt\u012bviem startapiem.<br \/>\nLektora interese un izcil\u012bbas zona ir specializ\u0113tu MI asistentu izveide un specifisku promptu jeb komandu rakst\u012b\u0161ana.<\/p>\n<p><strong>Pied\u0101v\u0101jam MI asistentu izveidi ar\u012b vad\u012bt\u0101jiem un p\u0101rdo\u0161anas speci\u0101listiem.<br \/>\n<a href=\"https:\/\/irdarbnicas.lv\/notikums\/3-maksliga-intelekta-asistenti\/\" target=\"_blank\" rel=\"noopener\">Piesakoties visiem trim semin\u0101riem<\/a> (\u0161is pied\u0101v\u0101jums - 3 semin\u0101ri kop\u0101 - ir k\u0101 atsevi\u0161\u0137s produkts semin\u0101ru kalend\u0101r\u0101), viens b\u016bs bez maksas.<br \/>\nDal\u012bbas maksa vien\u0101 semin\u0101r\u0101 99 EUR, visos tr\u012bs 199 EUR (cenas ar ietvertu PVN).<\/strong><\/p>\n<p>Ja v\u0113lies pieteikt vair\u0101kus dal\u012bbniekus vai tev ir jaut\u0101jumi, l\u016bdzu, raksti:\u00a0<em>notikumi@ir.lv<\/em>\u00a0vai zvani: +371 29447030<\/p>\n<p><strong>IR darbn\u012bcas<\/strong>: apm\u0101c\u012bbas, darbn\u012bcas, semin\u0101ri un kursi. Visu l\u012bme\u0146u vad\u012bt\u0101ju apm\u0101c\u012bbas. Digit\u0101l\u0101s prasmes, digit\u0101lais m\u0101rketings, m\u0101ksl\u012bgais intelekts, m\u0101ksl\u012bg\u0101 intelekta r\u012bki. Person\u0101la vad\u012bba, finan\u0161u prat\u012bba, sabiedrisk\u0101s attiec\u012bbas, lieti\u0161\u0137\u0101 sarakste un citas t\u0113mas tiem, kam r\u016bp pa\u0161att\u012bst\u012bba.<br \/>\nAktu\u0101lo semin\u0101ru un darbn\u012bcu pied\u0101v\u0101jumu skatieties\u00a0<a href=\"http:\/\/irdarbnicas.lv\/\" target=\"_blank\" rel=\"noopener\">irdarbnicas.lv<\/a>\u00a0kalend\u0101r\u0101.<\/p>\n<p>&nbsp;<\/p>\n","zoom":""},"product_brand":[],"product_cat":[149,155,48,50],"product_tag":[],"class_list":{"0":"post-7522","1":"product","2":"type-product","3":"status-publish","4":"has-post-thumbnail","6":"product_cat-apr-26","7":"product_cat-edgars-untals","8":"product_cat-darbnicas-2","9":"product_cat-notikumi-2","11":"first","12":"instock","13":"virtual","14":"taxable","15":"purchasable","16":"product-type-simple"},"_links":{"self":[{"href":"https:\/\/irdarbnicas.lv\/en\/wp-json\/wp\/v2\/product\/7522","targetHints":{"allow":["GET"]}}],"collection":[{"href":"https:\/\/irdarbnicas.lv\/en\/wp-json\/wp\/v2\/product"}],"about":[{"href":"https:\/\/irdarbnicas.lv\/en\/wp-json\/wp\/v2\/types\/product"}],"wp:featuredmedia":[{"embeddable":true,"href":"https:\/\/irdarbnicas.lv\/en\/wp-json\/wp\/v2\/media\/7523"}],"wp:attachment":[{"href":"https:\/\/irdarbnicas.lv\/en\/wp-json\/wp\/v2\/media?parent=7522"}],"wp:term":[{"taxonomy":"product_brand","embeddable":true,"href":"https:\/\/irdarbnicas.lv\/en\/wp-json\/wp\/v2\/product_brand?post=7522"},{"taxonomy":"product_cat","embeddable":true,"href":"https:\/\/irdarbnicas.lv\/en\/wp-json\/wp\/v2\/product_cat?post=7522"},{"taxonomy":"product_tag","embeddable":true,"href":"https:\/\/irdarbnicas.lv\/en\/wp-json\/wp\/v2\/product_tag?post=7522"}],"curies":[{"name":"wp","href":"https:\/\/api.w.org\/{rel}","templated":true}]}}