{"id":7527,"date":"2026-01-14T10:54:15","date_gmt":"2026-01-14T08:54:15","guid":{"rendered":"https:\/\/irdarbnicas.lv\/?post_type=product&#038;p=7527"},"modified":"2026-01-14T12:04:49","modified_gmt":"2026-01-14T10:04:49","slug":"pardosanas-maksliga-intelekta-asistents","status":"publish","type":"product","link":"https:\/\/irdarbnicas.lv\/en\/notikums\/pardosanas-maksliga-intelekta-asistents\/","title":{"rendered":"P\u0101rdo\u0161anas m\u0101ksl\u012bg\u0101 intelekta asistents"},"content":{"rendered":"","protected":false},"excerpt":{"rendered":"<p>MI asistenta izveide p\u0101rdo\u0161anas atbalstam un efektivit\u0101tei.<\/p>\n","protected":false},"featured_media":7523,"template":"","meta":{"_jet_sm_ready_style":"","_jet_sm_style":"","_jet_sm_controls_values":"","_jet_sm_fonts_collection":"","_jet_sm_fonts_links":"","ir__nometne":"","mazajiem__jauniesiem":"","datums_":1776902400,"datums__end":0,"date_fancy":"23\/04","laiks":"19:00","laiks_lidz":"21:00","vieta":"Tie\u0161saiste","price-info":"99","subtitle":"Semin\u0101rs ar Edgaru Unt\u0101lu","apraksts":"<div class=\"fe-block fe-block-3944f732487b7253f99e\">\n<div id=\"block-3944f732487b7253f99e\" class=\"sqs-block html-block sqs-block-html\" data-blend-mode=\"NORMAL\" data-block-type=\"2\" data-border-radii=\"{&quot;topLeft&quot;:{&quot;unit&quot;:&quot;px&quot;,&quot;value&quot;:0.0},&quot;topRight&quot;:{&quot;unit&quot;:&quot;px&quot;,&quot;value&quot;:0.0},&quot;bottomLeft&quot;:{&quot;unit&quot;:&quot;px&quot;,&quot;value&quot;:0.0},&quot;bottomRight&quot;:{&quot;unit&quot;:&quot;px&quot;,&quot;value&quot;:0.0}}\" data-sqsp-block=\"text\">\n<div class=\"sqs-block-content\">\n<div class=\"sqs-html-content\" data-sqsp-text-block-content=\"\"><\/div>\n<\/div>\n<\/div>\n<\/div>\n<div class=\"fe-block fe-block-527c84ef3bfc4c8f30f3\">\n<div id=\"block-527c84ef3bfc4c8f30f3\" class=\"sqs-block html-block sqs-block-html\" data-blend-mode=\"NORMAL\" data-block-type=\"2\" data-border-radii=\"{&quot;topLeft&quot;:{&quot;unit&quot;:&quot;px&quot;,&quot;value&quot;:0.0},&quot;topRight&quot;:{&quot;unit&quot;:&quot;px&quot;,&quot;value&quot;:0.0},&quot;bottomLeft&quot;:{&quot;unit&quot;:&quot;px&quot;,&quot;value&quot;:0.0},&quot;bottomRight&quot;:{&quot;unit&quot;:&quot;px&quot;,&quot;value&quot;:0.0}}\" data-sqsp-block=\"text\">\n<div class=\"sqs-block-content\">\n<div class=\"sqs-html-content\" data-sqsp-text-block-content=\"\">\n<ul>\n<li>P\u0101rdo\u0161anas psiholo\u0123ija.<\/li>\n<li>Dar\u012bjumu l\u012bnija.<\/li>\n<li>P\u0101rdo\u0161anas procesa elementi.<\/li>\n<li>P\u0101rdo\u0161anas tune\u013ca elementi.<\/li>\n<li>Sp\u0113ka un ietekmes v\u0101rdi.<\/li>\n<li>Klientu piesaiste.<\/li>\n<li>Biznesa efektivit\u0101tes m\u0113r\u012bjumi.<\/li>\n<li>Konversijas m\u0113r\u0137is.<\/li>\n<li>Verb\u0101la un neverb\u0101la komunik\u0101cija.<\/li>\n<li>Jaut\u0101jumu klasifik\u0101cija un sec\u012bba.<\/li>\n<li>SPIN jaut\u0101jumi.<\/li>\n<li>Pretest\u012bbas p\u0101rvar\u0113\u0161ana.<\/li>\n<li>Dar\u012bjumu nosl\u0113g\u0161ana.<\/li>\n<li>Klientu lojalit\u0101tes veicin\u0101\u0161ana.<\/li>\n<\/ul>\n<p>Protams, neviens asistents neatrisin\u0101s visas tavas biznesa probl\u0113mas, bet b\u016bs \u013coti efekt\u012bvs pal\u012bgs.<br \/>\nTas iedos pasaules vied\u0101kos padomus, sar\u016bp\u0113s miljonu v\u0113rtus instrumentus un, iesp\u0113jams, pat tav\u0101 viet\u0101 piezvan\u012bs klientam, ta\u010du p\u0101rdo\u0161ana ir un b\u016bs cilv\u0113ku privil\u0113\u0123ija.<\/p>\n<\/div>\n<\/div>\n<\/div>\n<\/div>\n<p><strong>Semin\u0101ra pl\u0101ns<\/strong>:<br \/>\nM\u0113s san\u0101ksim kop\u0101 katrs sav\u0101 datora pus\u0113. Darbs notiks tie\u0161saist\u0113 <em>Zoom<\/em> un <em>ChatGPT<\/em> plaform\u0101s.<br \/>\nPirms t\u0101 nepiecie\u0161ams <strong>aktiviz\u0113t <em>ChatGPT<\/em> maksas kontu<\/strong> (23 eiro m\u0113nes\u012b) un izpild\u012bt m\u0101jas darbu - <strong>atbild\u0113t uz 15 m\u0113r\u0137tiec\u012bgiem jaut\u0101jumiem, ko sa\u0146emsi e-past\u0101<\/strong> (kas pras\u012bs, apm\u0113ram, 10 min\u016btes).<br \/>\nTas nepiecie\u0161ams, lai MI zin\u0101tu b\u016btisk\u0101kos faktus par tavu person\u012bbu, ikdienas aktivit\u0101t\u0113m un biznesa specifiku. Lai turpm\u0101kais darba process b\u016btu pak\u0101rtots tikai un vien\u012bgi tavu m\u0113r\u0137u sasnieg\u0161anai.<br \/>\nP\u0113c tam sa\u0146emsi jau gatavas instrukcijas, piek\u013cuvi papildu resursiem un noska\u0146osies darbam.<br \/>\nM\u0113s str\u0101d\u0101sim praktiski - lektors par\u0101d\u012bs un izskaidros, tu atk\u0101rtosi un saliksi visu kop\u0101 - sec\u012bgi un saprotami.<\/p>\n<p><strong>Ieguvumi<\/strong>:<br \/>\nBez \u0161aub\u0101m, p\u0101rliec\u012bba par n\u0101kotni ir tavs v\u0113rt\u012bg\u0101kais ieguvums. Tas br\u012bdis, kad saproti, ka ej laikam l\u012bdzi. Un atzi\u0146a, ka tagad visi pasaules v\u0113rt\u012bg\u0101kie resursi ir ar\u012b tav\u0101 r\u012bc\u012bb\u0101.<br \/>\nUn protams, fantastiski jaud\u012bgs MI pal\u012bgs ikdienas aktivit\u0101\u0161u veik\u0161anai vien\u0101 vai 3 jom\u0101s - p\u0113c tavas izv\u0113les.<br \/>\nGatavas komandas jeb prompti konkr\u0113tiem m\u0113r\u0137iem un uzdevumiem.<br \/>\n30 pasaules v\u0113rt\u012bg\u0101k\u0101s gr\u0101matas PDF form\u0101t\u0101 par person\u0101la atlasi, p\u0101rdo\u0161anu un l\u012bder\u012bbu, ja pievienojies visiem 3 semin\u0101riem.<\/p>\n<p><strong>Par lektoru<\/strong>:<br \/>\nEdgars Unt\u0101ls ir sertific\u0113ts Biznesa treneris, vair\u0101ku gr\u0101matu autors. Vad\u012bjis p\u0101rdo\u0161anas komandu \u0160veices farm\u0101cijas uz\u0146\u0113mum\u0101. Veicis vair\u0101k nek\u0101 15 000 dar\u012bjumu viz\u012b\u0161u. Nu jau 15 gadus vada savu uz\u0146\u0113mumu,\u00a0 pal\u012bdzot citiem uz\u0146\u0113mumiem ieviest efekt\u012bvus biznesa procesus un darbiniekiem apg\u016bt pan\u0101kumu kompetences. Str\u0101d\u0101jis gan ar pasaules l\u012bme\u0146a z\u012bmoliem - <em>Toyota, Mercedes, Samsung, Ikea<\/em> un <em>Coca - Cola<\/em>, gan ar\u012b ar maziem un perspekt\u012bviem startapiem.<br \/>\nLektora interese un izcil\u012bbas zona ir specializ\u0113tu MI asistentu izveide un specifisku promptu jeb komandu rakst\u012b\u0161ana.<\/p>\n<p><strong>Pied\u0101v\u0101jam MI asistentu izveidi ar\u012b HR un vad\u012bt\u0101jiem.<br \/>\n<a href=\"https:\/\/irdarbnicas.lv\/notikums\/3-maksliga-intelekta-asistenti\/\" target=\"_blank\" rel=\"noopener\">Piesakoties visiem trim semin\u0101riem<\/a> (\u0161is pied\u0101v\u0101jums - 3 semin\u0101ri kop\u0101 - ir k\u0101 atsevi\u0161\u0137s produkts semin\u0101ru kalend\u0101r\u0101), viens b\u016bs bez maksas.<br \/>\nDal\u012bbas maksa vien\u0101 semin\u0101r\u0101 99 EUR, visos tr\u012bs 199 EUR (cenas ar ietvertu PVN).<\/strong><\/p>\n<p>Ja v\u0113lies pieteikt vair\u0101kus dal\u012bbniekus vai tev ir jaut\u0101jumi, l\u016bdzu, raksti:\u00a0<em>notikumi@ir.lv<\/em>\u00a0vai zvani: +371 29447030<\/p>\n<p><strong>IR darbn\u012bcas<\/strong>: apm\u0101c\u012bbas, darbn\u012bcas, semin\u0101ri un kursi. Visu l\u012bme\u0146u vad\u012bt\u0101ju apm\u0101c\u012bbas. Digit\u0101l\u0101s prasmes, digit\u0101lais m\u0101rketings, m\u0101ksl\u012bgais intelekts, m\u0101ksl\u012bg\u0101 intelekta r\u012bki. Person\u0101la vad\u012bba, finan\u0161u prat\u012bba, sabiedrisk\u0101s attiec\u012bbas, lieti\u0161\u0137\u0101 sarakste un citas t\u0113mas tiem, kam r\u016bp pa\u0161att\u012bst\u012bba.<br \/>\nAktu\u0101lo semin\u0101ru un darbn\u012bcu pied\u0101v\u0101jumu skatieties\u00a0<a href=\"http:\/\/irdarbnicas.lv\/\" target=\"_blank\" rel=\"noopener\">irdarbnicas.lv<\/a>\u00a0kalend\u0101r\u0101.<\/p>\n<p>&nbsp;<\/p>\n","zoom":""},"product_brand":[],"product_cat":[149,155,48,50],"product_tag":[],"class_list":{"0":"post-7527","1":"product","2":"type-product","3":"status-publish","4":"has-post-thumbnail","6":"product_cat-apr-26","7":"product_cat-edgars-untals","8":"product_cat-darbnicas-2","9":"product_cat-notikumi-2","11":"first","12":"instock","13":"virtual","14":"taxable","15":"purchasable","16":"product-type-simple"},"_links":{"self":[{"href":"https:\/\/irdarbnicas.lv\/en\/wp-json\/wp\/v2\/product\/7527","targetHints":{"allow":["GET"]}}],"collection":[{"href":"https:\/\/irdarbnicas.lv\/en\/wp-json\/wp\/v2\/product"}],"about":[{"href":"https:\/\/irdarbnicas.lv\/en\/wp-json\/wp\/v2\/types\/product"}],"wp:featuredmedia":[{"embeddable":true,"href":"https:\/\/irdarbnicas.lv\/en\/wp-json\/wp\/v2\/media\/7523"}],"wp:attachment":[{"href":"https:\/\/irdarbnicas.lv\/en\/wp-json\/wp\/v2\/media?parent=7527"}],"wp:term":[{"taxonomy":"product_brand","embeddable":true,"href":"https:\/\/irdarbnicas.lv\/en\/wp-json\/wp\/v2\/product_brand?post=7527"},{"taxonomy":"product_cat","embeddable":true,"href":"https:\/\/irdarbnicas.lv\/en\/wp-json\/wp\/v2\/product_cat?post=7527"},{"taxonomy":"product_tag","embeddable":true,"href":"https:\/\/irdarbnicas.lv\/en\/wp-json\/wp\/v2\/product_tag?post=7527"}],"curies":[{"name":"wp","href":"https:\/\/api.w.org\/{rel}","templated":true}]}}