{"id":7598,"date":"2026-02-03T17:04:56","date_gmt":"2026-02-03T15:04:56","guid":{"rendered":"https:\/\/irdarbnicas.lv\/?post_type=product&#038;p=7598"},"modified":"2026-02-03T17:09:26","modified_gmt":"2026-02-03T15:09:26","slug":"seo-ai-search-esi-redzams-google-un-ai-search-rezultatos-2","status":"publish","type":"product","link":"https:\/\/irdarbnicas.lv\/en\/notikums\/seo-ai-search-esi-redzams-google-un-ai-search-rezultatos-2\/","title":{"rendered":"SEO + AI Search: esi redzams Google un AI Search rezult\u0101tos"},"content":{"rendered":"","protected":false},"excerpt":{"rendered":"<p>Aktu\u0101lie mekl\u0113\u0161anas principi <em>Google<\/em> un citos mekl\u0113t\u0101jos, k\u0101 tos visefekt\u012bv\u0101k izmantot savu m\u0113r\u0137u sasnieg\u0161anai.<\/p>\n","protected":false},"featured_media":7467,"template":"","meta":{"_jet_sm_ready_style":"","_jet_sm_style":"","_jet_sm_controls_values":"","_jet_sm_fonts_collection":"","_jet_sm_fonts_links":"","ir__nometne":"","mazajiem__jauniesiem":"","datums_":1778716800,"datums__end":0,"date_fancy":"14\/05","laiks":"14:00","laiks_lidz":"18:00","vieta":"Tie\u0161saiste","price-info":"150","subtitle":"Semin\u0101rs ar Aigaru Cep\u012bti","apraksts":"<p>Semin\u0101ra pl\u0101ns:<\/p>\n<ul>\n<li>Kas ir SEO, k\u0101 tas darboj\u0101s (30 min.)<\/li>\n<li>Case Studies (15 min.)<\/li>\n<li>Atsl\u0113gv\u0101rdi + Praktiskais uzdevums (30 min.)<\/li>\n<li>Iek\u0161\u0113j\u0101 SEO\/AI search optimiz\u0101cija + Praktiskie uzdevumi (30 min.)<\/li>\n<li>Kategorija SEO\/AI search optimiz\u0101cija \u00a0+ Praktiskais uzdevums (45 min.)<\/li>\n<li>Bloga rakstu SEO\/AI Search optimiz\u0101cija + Praktiskais uzdevums (45 min.)<\/li>\n<li>Rezult\u0101tu treko\u0161ana (15 min.)<\/li>\n<li>Tools (15 min.)<\/li>\n<li>FAQ (15 min.)<\/li>\n<\/ul>\n<div><\/div>\n<div><b>Kam \u0161is var\u0113tu b\u016bt noder\u012bgi:<\/b><\/div>\n<div>M\u0101rketinga un komunik\u0101cijas speci\u0101listiem, satura veidot\u0101jiem, uz\u0146\u0113mumu m\u0101jaslapu atbild\u012bgajiem un vad\u012bt\u0101jiem, kuri v\u0113las sasniegt ilgtermi\u0146a biznesa attist\u012bbu un izaugsmi, kvalitat\u012bv\u0101kus piepras\u012bjumus (<em>leads<\/em>).<\/div>\n<div><\/div>\n<div><strong>Ieguvums:<\/strong><\/div>\n<div>Dal\u012bbnieki tiks iepaz\u012bstin\u0101ti ar m\u016bsdienu mekl\u0113\u0161anas principiem <em>Google<\/em> un citos mekl\u0113t\u0101jos (ar\u012b <em>AI search<\/em>), iem\u0101c\u012bsies atrast \u012bstos atsl\u0113gv\u0101rdus\/tematus, uzlabot lapu strukt\u016bru un saturu, k\u0101 ar\u012b ieg\u016bs konkr\u0113tu r\u012bc\u012bbas pl\u0101nu un \u010deklistu uzlabojumiem p\u0113c apm\u0101c\u012bb\u0101m.<\/div>\n<div><strong>Aigars Cep\u012btis<\/strong> ir <em>SEO\/AI Search<\/em> speci\u0101lists ar vair\u0101k nek\u0101 14\u201315 gadu pieredzi digit\u0101l\u0101 m\u0101rketinga un <em>SEO<\/em> jom\u0101.<br \/>\nAigars ir organizators \/ iniciators, <em>SEO Meetup, SEO Workshop<\/em> pas\u0101kumiem R\u012bg\u0101, kur dal\u0101s ar praktisk\u0101m zin\u0101\u0161an\u0101m par <em>SEO, AI Search<\/em>. Aigars akt\u012bvi seko l\u012bdzi jaun\u0101kaj\u0101m tendenc\u0113m <em>SEO<\/em>, raksta par <em>SEO<\/em> t\u0113m\u0101m un piedal\u0101s nozares pas\u0101kumos. K\u0101 ar\u012b akt\u012bvi dal\u0101s ar noder\u012bgu inform\u0101ciju <em>Linkedin<\/em> platform\u0101.<\/div>\n<div>\n<p><strong>Dal\u012bbas maksa:\u00a0<\/strong>150 EUR (ar iek\u013cautu PVN).<br \/>\nJa esi\u00a0 \u017eurn\u0101la \u201cIR Nauda\u201d gada abonents, izmanto savu 20 % atlaides KUPONU, kas tev nos\u016bt\u012bts e-past\u0101.<br \/>\nPiesakies abon\u0113t \u0161eit:\u00a0<a href=\"https:\/\/ir.lv\/abonesana\">https:\/\/ir.lv\/abonesana<\/a>.<br \/>\nJa v\u0113lies pieteikt vair\u0101kus dal\u012bbniekus vai tev ir jaut\u0101jumi, l\u016bdzu, raksti:\u00a0<em>notikumi@ir.lv<\/em>\u00a0vai zvani: +371 29447030<\/p>\n<p>&nbsp;<\/p>\n<p><strong>IR darbn\u012bcas<\/strong>: apm\u0101c\u012bbas, darbn\u012bcas, semin\u0101ri un kursi. Visu l\u012bme\u0146u vad\u012bt\u0101ju apm\u0101c\u012bbas. Digit\u0101l\u0101s prasmes, digit\u0101lais m\u0101rketings, m\u0101ksl\u012bgais intelekts, m\u0101ksl\u012bg\u0101 intelekta r\u012bki. Person\u0101la vad\u012bba, finan\u0161u prat\u012bba, sabiedrisk\u0101s attiec\u012bbas, lieti\u0161\u0137\u0101 sarakste un citas t\u0113mas tiem, kam r\u016bp pa\u0161att\u012bst\u012bba.<br \/>\nAktu\u0101lo semin\u0101ru un darbn\u012bcu pied\u0101v\u0101jumu skatieties\u00a0<a href=\"http:\/\/irdarbnicas.lv\/\" target=\"_blank\" rel=\"noopener\">irdarbnicas.lv<\/a>\u00a0kalend\u0101r\u0101.<\/p>\n<\/div>\n<div><\/div>\n","zoom":""},"product_brand":[],"product_cat":[48,151,154,50],"product_tag":[],"class_list":{"0":"post-7598","1":"product","2":"type-product","3":"status-publish","4":"has-post-thumbnail","6":"product_cat-darbnicas-2","7":"product_cat-aigars-cepitis","8":"product_cat-mai-26","9":"product_cat-notikumi-2","11":"first","12":"instock","13":"virtual","14":"taxable","15":"purchasable","16":"product-type-simple"},"_links":{"self":[{"href":"https:\/\/irdarbnicas.lv\/en\/wp-json\/wp\/v2\/product\/7598","targetHints":{"allow":["GET"]}}],"collection":[{"href":"https:\/\/irdarbnicas.lv\/en\/wp-json\/wp\/v2\/product"}],"about":[{"href":"https:\/\/irdarbnicas.lv\/en\/wp-json\/wp\/v2\/types\/product"}],"wp:featuredmedia":[{"embeddable":true,"href":"https:\/\/irdarbnicas.lv\/en\/wp-json\/wp\/v2\/media\/7467"}],"wp:attachment":[{"href":"https:\/\/irdarbnicas.lv\/en\/wp-json\/wp\/v2\/media?parent=7598"}],"wp:term":[{"taxonomy":"product_brand","embeddable":true,"href":"https:\/\/irdarbnicas.lv\/en\/wp-json\/wp\/v2\/product_brand?post=7598"},{"taxonomy":"product_cat","embeddable":true,"href":"https:\/\/irdarbnicas.lv\/en\/wp-json\/wp\/v2\/product_cat?post=7598"},{"taxonomy":"product_tag","embeddable":true,"href":"https:\/\/irdarbnicas.lv\/en\/wp-json\/wp\/v2\/product_tag?post=7598"}],"curies":[{"name":"wp","href":"https:\/\/api.w.org\/{rel}","templated":true}]}}