{"id":7622,"date":"2026-02-09T14:38:07","date_gmt":"2026-02-09T12:38:07","guid":{"rendered":"https:\/\/irdarbnicas.lv\/?post_type=product&#038;p=7622"},"modified":"2026-04-10T15:04:41","modified_gmt":"2026-04-10T12:04:41","slug":"robezas-vertibas-un-vara-ka-saprast-kas-notiek","status":"publish","type":"product","link":"https:\/\/irdarbnicas.lv\/en\/notikums\/robezas-vertibas-un-vara-ka-saprast-kas-notiek\/","title":{"rendered":"Robe\u017eas, v\u0113rt\u012bbas un vara: k\u0101 saprast, kas notiek?"},"content":{"rendered":"","protected":false},"excerpt":{"rendered":"<p>Praktiska 4 stundu darbn\u012bca par psiholo\u0123isku robe\u017eu \u201cdiagnostiku\u201d un taktiskiem risin\u0101jumiem &#8211; kad pal\u012bdz skaidrs \u201cn\u0113\u201d.<\/p>\n","protected":false},"featured_media":7098,"template":"","meta":{"_jet_sm_ready_style":"","_jet_sm_style":"","_jet_sm_controls_values":"","_jet_sm_fonts_collection":"","_jet_sm_fonts_links":"","ir__nometne":"false","mazajiem__jauniesiem":"","datums_":1778112000,"datums__end":0,"date_fancy":"07\/05","laiks":"15:00","laiks_lidz":"19:00","vieta":"Konventa s\u0113ta","price-info":"70","subtitle":"Darbn\u012bca ar Mariju \u0100belti\u0146u","apraksts":"<div>Praktiska 4 stundu darbn\u012bca par psiholo\u0123isku robe\u017eu \u201cdiagnostiku\u201d un taktiskiem risin\u0101jumiem - kad pal\u012bdz skaidrs \u201cn\u0113\u201d, kad st\u0101sts ir par v\u0113rt\u012bb\u0101m, sist\u0113mu vai dro\u0161\u012bbas riskiem.<br \/>\n<b><br \/>\n<\/b><\/div>\n<div><b>K\u0101p\u0113c \u0161\u012b darbn\u012bca ir noder\u012bga?<\/b><br \/>\nPar \u201crobe\u017e\u0101m\u201d bie\u017ei run\u0101 k\u0101 par vienu prasmi \u2013 pateikt \u201cn\u0113\u201d, neuz\u0146emties papildu pien\u0101kumus, aizsarg\u0101t savu laiku. Ta\u010du re\u0101laj\u0101 dz\u012bv\u0113 robe\u017eu t\u0113ma bie\u017ei ir aisberga virsotne: zem t\u0101s var sl\u0113pties neiroda\u017e\u0101d\u012bba un sensor\u0101 p\u0101rslodze, v\u0113rt\u012bbu konflikts, varas dinamika, sist\u0113miski izkrop\u013cojumi vai pat sistem\u0101tiska robe\u017eu p\u0101rk\u0101p\u0161ana, kas jau skar dro\u0161\u012bbas jaut\u0101jumus.<\/div>\n<div><\/div>\n<div>Darbn\u012bc\u0101 skat\u0101mies uz robe\u017e\u0101m ne tikai k\u0101 individu\u0101lu prasmi, bet ar\u012b k\u0101 darba vai priv\u0101to attiec\u012bbu kult\u016bras indikatoru: kur \u201cp\u0101rstr\u0101d\u0101\u0161an\u0101s\u201d tiek romantiz\u0113ta, kur steidzam\u012bba k\u013c\u016bst par normu, un k\u0101 tas tiek uztur\u0113ts ar neredzam\u0101m gaid\u0101m, varas dinamiku un vainas izj\u016btu. Spried\u012bsim, k\u0101 at\u0161\u0137irt individu\u0101li risin\u0101mo no sist\u0113miski main\u0101m\u0101 \u2014 un k\u0101 par to run\u0101t bez il\u016bzij\u0101m.<br \/>\n<b><br \/>\n<\/b><\/div>\n<div><b>Darbn\u012bcas m\u0113r\u0137is<\/b>\u00a0ir iedot skaidru karti, p\u0113c kuras orient\u0113ties, lai nepielietotu \u201crobe\u017eu risin\u0101jumu\u201d tur, kur tas nedarbojas, un ieraudz\u012btu, ko dar\u012bt cit\u0101di, lai sasniegtu savus m\u0113r\u0137us.<br \/>\n<b><br \/>\n<\/b><\/div>\n<div>\n<p><b>Ko dal\u012bbnieki ieg\u016bs:<\/b><\/p>\n<ol>\n<li>Skaidru \u201crobe\u017eu karti\u201d: k\u0101 \u0101tri saprast, par ko paties\u012bb\u0101 ir st\u0101sts.<\/li>\n<li>Praktiskus \u201cmikroinstrumentus\u201d ikdienai, k\u0101 ar\u012b ieteikumus ilgtermi\u0146a risin\u0101jumiem.<\/li>\n<li>Atsevi\u0161\u0137u skatu uz robe\u017e\u0101m k\u0101 privil\u0113\u0123iju: kas main\u0101s, ja esi pa\u0161nodarbin\u0101tais, vad\u012btais-\u012bpa\u0161nieks vai darbinieks.<\/li>\n<\/ol>\n<p><b>Darbn\u012bc\u0101 iek\u013cautas t\u0113mas:<\/b><\/p>\n<ul>\n<li><b><i>K\u0101p\u0113c \u201crobe\u017eas\u201d bie\u017ei tiek p\u0101rprastas?<\/i><\/b><\/li>\n<li><b><i>Kur robe\u017eu ir par maz (robe\u017eu defic\u012bts):<\/i><\/b>\u00a0tipiskie sign\u0101li (izpl\u016bdu\u0161as vieno\u0161an\u0101s, hroniska pieejam\u012bba, \u201ces pats\/-i pie\u0146emu, ka man j\u0101dara\u201d), un praktisks robe\u017eu audits (laiks, uzdevumi, emocijas, atbild\u012bba).<\/li>\n<li><b><i>Kur robe\u017eu ir par daudz:\u00a0<\/i><\/b>kad stingr\u012bba k\u013c\u016bst par sienu (izol\u0101cija, cinisms, gr\u016bt\u012bbas sadarboties) un k\u0101 atjaunot elast\u012bbu, nezaud\u0113jot pa\u0161cie\u0146u.<\/li>\n<li><b><i>Kad st\u0101sts nav par robe\u017e\u0101m un k\u0101 at\u0161\u0137irt, vai pamat\u0101 ir:<\/i><\/b>\n<ul>\n<li>neiroda\u017e\u0101d\u012bba\/p\u0101rslodze (stimulu un slodzes regul\u0101cija, nevis \u201cmotiv\u0101cija\u201d)<\/li>\n<li>v\u0113rt\u012bbu konflikts (priorit\u0101\u0161u sadursme, neperfekt\u0101 dz\u012bve),<\/li>\n<li>manipul\u0101cija \/ emp\u0101tijas tr\u016bkums \/ savt\u012bgums,<\/li>\n<li>sist\u0113miski izkrop\u013cojumi (resursu bads, neskaidras lomas, nerealistiskas gaidas).<\/li>\n<\/ul>\n<\/li>\n<li><b><i>Kad robe\u017eu p\u0101rk\u0101p\u0161ana ir dro\u0161\u012bbas jaut\u0101jums:\u00a0<\/i><\/b>sistem\u0101tiskas p\u0101rk\u0101p\u0161anas sign\u0101li (kontrole, iebied\u0113\u0161ana, pazemo\u0161ana, uzm\u0101k\u0161an\u0101s, sods par atteik\u0161anu) un ko dar\u012bt (eskal\u0101cija, dokument\u0113\u0161ana, atbalsta resursi, organiz\u0101cijas atbild\u012bba).<\/li>\n<li><b><i>Robe\u017eas k\u0101 privil\u0113\u0123ija:\u00a0<\/i><\/b>\u201cn\u0113\u201d cena un iesp\u0113jas da\u017e\u0101d\u0101s lom\u0101s (darbinieks\/vad\u012bt\u0101js\/<wbr \/>pa\u0161nodarbin\u0101tais).<\/li>\n<\/ul>\n<\/div>\n<div><b>Kam \u0161\u012b darbn\u012bca b\u016bs \u012bpa\u0161i noder\u012bga?<\/b><br \/>\n\u0160\u012b darbn\u012bca der pla\u0161ai auditorijai, jo robe\u017eu jaut\u0101jumi ir svar\u012bgi gan darb\u0101, gan priv\u0101taj\u0101s attiec\u012bb\u0101s. \u012apa\u0161i noder\u012bga t\u0101 b\u016bs cilv\u0113kiem, kuri:<\/div>\n<div>\n<ul>\n<li>bie\u017ei j\u016btas \u201cuz robe\u017eas\u201d starp pal\u012bdz\u0113\u0161anu un izs\u012bkumu \u2014 darb\u0101, \u0123imen\u0113 vai cit\u0101s attiec\u012bb\u0101s;<\/li>\n<li>dz\u012bvo p\u0101rstr\u0101d\u0101\u0161an\u0101s un past\u0101v\u012bgas pieejam\u012bbas kult\u016br\u0101 (iek\u0161\u0113ji vai organiz\u0101cijas kult\u016bras d\u0113\u013c) un grib saprast, kas to uztur;<\/li>\n<li>grib iem\u0101c\u012bties at\u0161\u0137irt, kad probl\u0113ma tie\u0161\u0101m ir par robe\u017e\u0101m, bet kad t\u0101 ir par citiem jaut\u0101jumiem;<\/li>\n<li>grib praktiskus veidus, ko dar\u012bt, ja vienk\u0101r\u0161i pateikt \u201cn\u0113\u201d nav re\u0101li.<\/li>\n<\/ul>\n<p><strong>Marija \u0100belti\u0146a<\/strong>\u00a0ieguvusi doktora gr\u0101du psiholo\u0123ij\u0101 (PhD), p\u0113tot profesion\u0101las izdeg\u0161anas fenomenu. 2023.gada uzrakst\u012bja primo gr\u0101matu latvie\u0161u valod\u0101 par profesion\u0101lo izdeg\u0161anu.<\/p>\n<p>Papildu akad\u0113miskai izgl\u012bt\u012bbai no 2013.gada ir sertific\u0113ta KBT speci\u0101liste un no 2019.gada ar\u012b superv\u012bzore. 2020.gad\u0101 k\u013cuva par Sh\u0113mu terapijas speci\u0101listi.<br \/>\n10 gadus str\u0101d\u0101jusi Kr\u012b\u017eu un konsult\u0101ciju centr\u0101 \u201cSkalbes\u201d ar cilv\u0113kiem un organiz\u0101cij\u0101m kr\u012bzes apst\u0101k\u013cos.<br \/>\n20 gadus darbojas, vadot un organiz\u0113jot pa\u0161att\u012bst\u012bbas un pa\u0161izp\u0113tes nodarb\u012bbas, ir autore da\u017e\u0101diem psiholo\u0123isk\u0101s izaugsmes treni\u0146iem un apm\u0101c\u012bbu kursiem priv\u0101tiem un valsts uz\u0146\u0113mumiem, k\u0101 ar\u012b\u00a0 Latvijas Universit\u0101t\u0113, R\u012bgas Stradi\u0146a universit\u0101t\u0113 u.c.<br \/>\nP\u0113d\u0113j\u0101 laik\u0101 vad\u012bjusi vair\u0101k nek\u0101 100 apm\u0101c\u012bbas par da\u017e\u0101diem ment\u0101l\u0101s vesel\u012bbas un stresa p\u0101rvald\u012b\u0161anas jaut\u0101jumiem priv\u0101to uz\u0146\u0113mumu, valsts un nevalstisko organiz\u0101ciju darbiniekiem un vad\u012bt\u0101jiem.<br \/>\n\u0160obr\u012bd str\u0101d\u0101 priv\u0101tpraks\u0113.<\/p>\n<\/div>\n<p><strong>Dal\u012bbas maksa: 7<\/strong>0 EUR (ar iek\u013cautu PVN).<br \/>\n<strong>\u0160oreiz \u012bpa\u0161s pied\u0101v\u0101jums \u017eurn\u0101la \"Ir\" gada abonentiem - pied\u0101v\u0101jam pieteikt vienu dal\u012bbnieku ar 50% ATLAIDI, izmantojot kupona kodu ROBE\u017dAS_IR50.<\/strong><br \/>\nKodu varat pievienot noform\u0113jot pirkumu.<br \/>\nVietu skaits ir ierobe\u017eots!<\/p>\n<p>Ja v\u0113laties pieteikt vair\u0101kus dal\u012bbniekus vai jums ir jaut\u0101jumi, l\u016bdzu, rakstiet:\u00a0<em>notikumi@ir.lv<\/em>\u00a0vai zvaniet: +371 29447030<\/p>\n<p><strong>IR darbn\u012bcas<\/strong>: apm\u0101c\u012bbas, darbn\u012bcas, semin\u0101ri un kursi. Visu l\u012bme\u0146u vad\u012bt\u0101ju apm\u0101c\u012bbas. Digit\u0101l\u0101s prasmes, digit\u0101lais m\u0101rketings, m\u0101ksl\u012bgais intelekts, m\u0101ksl\u012bg\u0101 intelekta r\u012bki. Person\u0101la vad\u012bba, finan\u0161u prat\u012bba, sabiedrisk\u0101s attiec\u012bbas, lieti\u0161\u0137\u0101 sarakste un citas t\u0113mas tiem, kam r\u016bp pa\u0161att\u012bst\u012bba.<br \/>\nAktu\u0101lo semin\u0101ru un darbn\u012bcu pied\u0101v\u0101jumu skatieties\u00a0<a href=\"http:\/\/irdarbnicas.lv\/\" target=\"_blank\" rel=\"noopener\">irdarbnicas.lv<\/a>\u00a0kalend\u0101r\u0101.<\/p>\n","zoom":""},"product_brand":[],"product_cat":[154,129,48],"product_tag":[],"class_list":{"0":"post-7622","1":"product","2":"type-product","3":"status-publish","4":"has-post-thumbnail","6":"product_cat-mai-26","7":"product_cat-marija-abeltina","8":"product_cat-darbnicas-2","10":"first","11":"instock","12":"taxable","13":"shipping-taxable","14":"purchasable","15":"product-type-simple"},"_links":{"self":[{"href":"https:\/\/irdarbnicas.lv\/en\/wp-json\/wp\/v2\/product\/7622","targetHints":{"allow":["GET"]}}],"collection":[{"href":"https:\/\/irdarbnicas.lv\/en\/wp-json\/wp\/v2\/product"}],"about":[{"href":"https:\/\/irdarbnicas.lv\/en\/wp-json\/wp\/v2\/types\/product"}],"wp:featuredmedia":[{"embeddable":true,"href":"https:\/\/irdarbnicas.lv\/en\/wp-json\/wp\/v2\/media\/7098"}],"wp:attachment":[{"href":"https:\/\/irdarbnicas.lv\/en\/wp-json\/wp\/v2\/media?parent=7622"}],"wp:term":[{"taxonomy":"product_brand","embeddable":true,"href":"https:\/\/irdarbnicas.lv\/en\/wp-json\/wp\/v2\/product_brand?post=7622"},{"taxonomy":"product_cat","embeddable":true,"href":"https:\/\/irdarbnicas.lv\/en\/wp-json\/wp\/v2\/product_cat?post=7622"},{"taxonomy":"product_tag","embeddable":true,"href":"https:\/\/irdarbnicas.lv\/en\/wp-json\/wp\/v2\/product_tag?post=7622"}],"curies":[{"name":"wp","href":"https:\/\/api.w.org\/{rel}","templated":true}]}}