{"id":7792,"date":"2026-03-25T16:12:11","date_gmt":"2026-03-25T14:12:11","guid":{"rendered":"https:\/\/irdarbnicas.lv\/?post_type=product&#038;p=7792"},"modified":"2026-03-25T16:17:23","modified_gmt":"2026-03-25T14:17:23","slug":"praktiskais-inovaciju-celvedis","status":"publish","type":"product","link":"https:\/\/irdarbnicas.lv\/en\/notikums\/praktiskais-inovaciju-celvedis\/","title":{"rendered":"Praktiskais inov\u0101ciju ce\u013cvedis"},"content":{"rendered":"","protected":false},"excerpt":{"rendered":"<p>Produktu un procesu att\u012bst\u012bba vairs nav iedom\u0101jama bez inov\u0101cij\u0101m un efekt\u012bvu risin\u0101jumu pl\u0101no\u0161anas ar m\u0101ksl\u012bgo intelektu.<\/p>\n","protected":false},"featured_media":7785,"template":"","meta":{"_jet_sm_ready_style":"","_jet_sm_style":"","_jet_sm_controls_values":"","_jet_sm_fonts_collection":"","_jet_sm_fonts_links":"","ir__nometne":"false","mazajiem__jauniesiem":"","datums_":1778630400,"datums__end":0,"date_fancy":"13\/05","laiks":"14:00","laiks_lidz":"17:00","vieta":"Tie\u0161saiste","price-info":"50","subtitle":"Semin\u0101rs ar Zani Segrumu","apraksts":"<p>Strauji main\u012bg\u0101 vid\u0113 uz\u0146\u0113mumu, produktu un procesu att\u012bst\u012bba vairs nav iedom\u0101jama bez inov\u0101cij\u0101m un p\u0101rdom\u0101tas risin\u0101jumu pl\u0101no\u0161anas.<br \/>\nSp\u0113ja savlaic\u012bgi paman\u012bt nepiecie\u0161am\u012bbu p\u0113c p\u0101rmai\u0146\u0101m, identific\u0113t probl\u0113mas, struktur\u0113ti analiz\u0113t situ\u0101cijas un rad\u012bt ilgtsp\u0113j\u012bgus, praktiski \u012bstenojamus risin\u0101jumus k\u013c\u016bst par vienu no noz\u012bm\u012bg\u0101kaj\u0101m profesion\u0101laj\u0101m prasm\u0113m.<br \/>\nTehnolo\u0123iju att\u012bst\u012bba ir strauja, t\u0101p\u0113c zin\u0101\u0161anu un prasmju pilnveide ir priek\u0161noteikums efekt\u012bvam darbam m\u016bsdienu vid\u0113. M\u0101ksl\u012bg\u0101 intelekta r\u012bki sniedz b\u016btisku atbalstu inov\u0101ciju att\u012bst\u012bb\u0101, k\u0101 ar\u012b v\u0113rt\u012bbu rado\u0161u risin\u0101jumu izstr\u0101d\u0113 un to piel\u0101go\u0161an\u0101.<\/p>\n<p>\u0160aj\u0101 semin\u0101r\u0101 dal\u012bbnieki apg\u016bs struktur\u0113tu pieeju izaicin\u0101jumu identific\u0113\u0161anai, lai efekt\u012bv\u0101k risin\u0101tu sare\u017e\u0123\u012btas situ\u0101cijas, rad\u012btu jaunus inovat\u012bvus risin\u0101jumus un veicin\u0101tu to \u012bsteno\u0161anu.<br \/>\nIzmantojot vair\u0101kus praktiskus piem\u0113rus, dal\u012bbnieki apg\u016bs, k\u0101 m\u0101ksl\u012bg\u0101 intelekta r\u012bki var uzlabot strat\u0113\u0123isk\u0101s iniciat\u012bvas, pa\u0101trin\u0101t probl\u0113mu anal\u012bzi un prototipu izstr\u0101di, pal\u012bdzot idejas \u0101tr\u0101k p\u0101rv\u0113rst funkcion\u0113jo\u0161os, ilgtsp\u0113j\u012bgos risin\u0101jumos.<br \/>\nPraktiskie uzdevumi \u013caus dal\u012bbniekiem ne tikai izprast pied\u0101v\u0101t\u0101s metodes, bet ar\u012b t\u0101s pielietot praks\u0113. Semin\u0101rs pal\u012bdz\u0113s att\u012bst\u012bt rado\u0161o dom\u0101\u0161anu un efekt\u012bv\u0101kas sadarb\u012bbas metodes.<\/p>\n<p>Dal\u012bbniekiem nav nepiecie\u0161amas priek\u0161zin\u0101\u0161anas m\u0101ksl\u012bg\u0101 intelekta jom\u0101.<br \/>\nSemin\u0101rs ir dom\u0101ts ikvienam, kas str\u0101d\u0101 ar produktu vai procesu uzlabojumiem vai pl\u0101no to dar\u012bt n\u0101kotn\u0113.<\/p>\n<p><strong>Dal\u012bbai nepiecie\u0161ams savs dators.<\/strong><\/p>\n<p><strong>Semin\u0101ra m\u0101c\u012bbu metodes:|<\/strong><\/p>\n<ul>\n<li>Teorija<\/li>\n<li>Darbs pie re\u0101la projekta\/izaicin\u0101juma<\/li>\n<li>M\u0101ksl\u012bg\u0101 intelekta r\u012bku izmanto\u0161ana<\/li>\n<li>Diskusijas un pieredzes apmai\u0146a<\/li>\n<\/ul>\n<p><strong>Zane Segruma<\/strong>\u00a0ir inform\u0101cijas tehnolo\u0123iju (IT) nozares profesion\u0101le, organizatorisko p\u0101rmai\u0146u un inov\u0101ciju vad\u012bbas eksperte ar vair\u0101k nek\u0101 20 gadu pieredzi. \u0160obr\u012bd vi\u0146a ir IT uz\u0146\u0113muma <em>Accenture\u00a0Baltics<\/em> biznesa att\u012bst\u012bbas vad\u012bt\u0101ja; ikdien\u0101 vi\u0146as p\u0101rzi\u0146\u0101 ir izaugsmes strat\u0113\u0123ijas \u012bsteno\u0161ana un v\u0113rt\u012bb\u0101s orient\u0113tu pakalpojumu ievie\u0161ana starptautisk\u0101 m\u0113rog\u0101. Zanei ir ma\u0123istra gr\u0101ds vad\u012bbzin\u012bb\u0101s (EMBA), R\u012bgas Ekonomikas augstskola, un bakalaura gr\u0101ds datorzin\u0101tn\u0113 Latvijas Universit\u0101t\u0113. Vi\u0146a ir sertific\u0113ta dizaina dom\u0101\u0161anas trenere, k\u0101 ar\u012b sertific\u0113ta <em>Agile<\/em> trenere.<\/p>\n<p><strong>Semin\u0101rs notiek sadarb\u012bb\u0101 ar<br \/>\n<\/strong><strong><img class=\"alignnone wp-image-6994\" src=\"https:\/\/irdarbnicas.lv\/wp-content\/uploads\/2025\/07\/Acc_Logo_Full_Black_RGB-300x79.jpg\" alt=\"\" width=\"99\" height=\"26\" \/><\/strong><\/p>\n<p><strong>Dal\u012bbas maksa<\/strong> \u2013 50 EUR (ar ietvertu PVN).<\/p>\n<p><strong>Ja esi \u017eurn\u0101la\u00a0<em>IR Nauda<\/em> gada abonents, piedalies bez maksas, <a href=\"https:\/\/forms.gle\/d3cZSJjKA5bFqw6n7\" target=\"_blank\" rel=\"noopener\">piesakoties \u0161eit<\/a>.<\/strong><br \/>\nJa v\u0113lies pieteikt vair\u0101kus dal\u012bbniekus vai tev ir jaut\u0101jumi, l\u016bdzu, raksti:\u00a0<em>notikumi@ir.lv<\/em>\u00a0vai zvani: +371 29447030<\/p>\n<p><strong>IR darbn\u012bcas<\/strong>: apm\u0101c\u012bbas, darbn\u012bcas, semin\u0101ri un kursi. Visu l\u012bme\u0146u vad\u012bt\u0101ju apm\u0101c\u012bbas. Digit\u0101l\u0101s prasmes, digit\u0101lais m\u0101rketings, m\u0101ksl\u012bgais intelekts, m\u0101ksl\u012bg\u0101 intelekta r\u012bki. Person\u0101la vad\u012bba, finan\u0161u prat\u012bba, sabiedrisk\u0101s attiec\u012bbas, lieti\u0161\u0137\u0101 sarakste un citas t\u0113mas tiem, kam r\u016bp pa\u0161att\u012bst\u012bba.<br \/>\nAktu\u0101lo semin\u0101ru un darbn\u012bcu pied\u0101v\u0101jumu skaties\u00a0<a href=\"http:\/\/irdarbnicas.lv\/\" target=\"_blank\" rel=\"noopener\"><em>irdarbnicas.lv<\/em><\/a>\u00a0kalend\u0101r\u0101.<\/p>\n<p>&nbsp;<\/p>\n","zoom":""},"product_brand":[],"product_cat":[50,154,158,48],"product_tag":[],"class_list":{"0":"post-7792","1":"product","2":"type-product","3":"status-publish","4":"has-post-thumbnail","6":"product_cat-notikumi-2","7":"product_cat-mai-26","8":"product_cat-zane-segruma","9":"product_cat-darbnicas-2","11":"first","12":"instock","13":"taxable","14":"shipping-taxable","15":"purchasable","16":"product-type-simple"},"_links":{"self":[{"href":"https:\/\/irdarbnicas.lv\/en\/wp-json\/wp\/v2\/product\/7792","targetHints":{"allow":["GET"]}}],"collection":[{"href":"https:\/\/irdarbnicas.lv\/en\/wp-json\/wp\/v2\/product"}],"about":[{"href":"https:\/\/irdarbnicas.lv\/en\/wp-json\/wp\/v2\/types\/product"}],"wp:featuredmedia":[{"embeddable":true,"href":"https:\/\/irdarbnicas.lv\/en\/wp-json\/wp\/v2\/media\/7785"}],"wp:attachment":[{"href":"https:\/\/irdarbnicas.lv\/en\/wp-json\/wp\/v2\/media?parent=7792"}],"wp:term":[{"taxonomy":"product_brand","embeddable":true,"href":"https:\/\/irdarbnicas.lv\/en\/wp-json\/wp\/v2\/product_brand?post=7792"},{"taxonomy":"product_cat","embeddable":true,"href":"https:\/\/irdarbnicas.lv\/en\/wp-json\/wp\/v2\/product_cat?post=7792"},{"taxonomy":"product_tag","embeddable":true,"href":"https:\/\/irdarbnicas.lv\/en\/wp-json\/wp\/v2\/product_tag?post=7792"}],"curies":[{"name":"wp","href":"https:\/\/api.w.org\/{rel}","templated":true}]}}